{"id":45644,"date":"2025-05-16T06:31:30","date_gmt":"2025-05-16T06:31:30","guid":{"rendered":"https:\/\/marqalicante-admin.qwair.com\/producto\/el-proyecto-del-museo-del-teatro-de-caesaraugusta-musealizar-la-historia-y-el-espacio-de-un-enclave-urbano\/"},"modified":"2025-06-04T16:24:11","modified_gmt":"2025-06-04T16:24:11","slug":"el-proyecto-del-museo-del-teatro-de-caesaraugusta-musealizar-la-historia-y-el-espacio-de-un-enclave-urbano","status":"publish","type":"product","link":"https:\/\/marqalicante-admin.qwair.com\/va\/producte\/el-proyecto-del-museo-del-teatro-de-caesaraugusta-musealizar-la-historia-y-el-espacio-de-un-enclave-urbano\/","title":{"rendered":"El projecte del museu del teatre de Caesaraugusta. Mussalitzar la hist\u00f2ria i lespai dun enclavament urb\u00e0"},"content":{"rendered":"<div class=\"documento-item\">\n                    <h2 class=\"documento-title\">El projecte del museu del teatre de Caesaraugusta. Mussalitzar la hist\u00f2ria i lespai dun enclavament urb\u00e0<\/h2>\n        \n                    <p class=\"documento-subtitle\">Carmen Aguarod Otal<\/p>\n        \n                    <a href=\"https:\/\/marqalicante.com\/contenido\/particulos\/pub_54.pdf\" class=\"documento-btn\" target=\"_blank\" rel=\"noopener\">\n                <i class=\"fas fa-file-pdf\"><\/i> Descarregar PDF\n            <\/a>\n            <\/div>","protected":false},"excerpt":{"rendered":"<p>La ciutat de Saragossa compta amb la denominada \/Ruta de Caesaraugusta\/, configurada per quatre museus de Lloc, de titularitat municipal, dedicats a diversos aspectes monogr\u00e0fics de la vida p\u00fablica de la ciutat en \u00e8poca romana: el f\u00f2rum, les termes, el port fluvial i el teatre. Dins de la Ruta, el museu m\u00e9s recent \u00e9s el dedicat al teatre, inaugurat l&#039;any 2003, el discurs del qual posseeix dos eixos, un dedicat a la comprensi\u00f3 de l&#039;edifici teatral i les activitats que s&#039;hi realitzaven, i un altre dedicat a la hist\u00f2ria del solar que l&#039;allotjava a trav\u00e9s del temps, fins als nostres dies.<\/p>","protected":false},"featured_media":45873,"template":"","meta":{"kia_subtitle":""},"product_brand":[],"product_cat":[2913],"product_tag":[],"class_list":{"0":"post-45644","1":"product","2":"type-product","3":"status-publish","4":"has-post-thumbnail","6":"product_cat-articulos","8":"first","9":"instock","10":"virtual","11":"product-type-simple"},"meta_box":{"ia_expediente":"","ia_ano":"","ia_fechas_de_actuacion":"","ia_municipios_comarcas":"","ia_directores":"","ia_periodos_culturales":"","ia_tipos_de_intervencion":"","ia_equipo_tecnico":"","ia_autores":"","ia_promotores":"","ia_deposito_de_materiales":"","ia_coordenadas_utm":""},"_links":{"self":[{"href":"https:\/\/marqalicante-admin.qwair.com\/va\/wp-json\/wp\/v2\/product\/45644","targetHints":{"allow":["GET"]}}],"collection":[{"href":"https:\/\/marqalicante-admin.qwair.com\/va\/wp-json\/wp\/v2\/product"}],"about":[{"href":"https:\/\/marqalicante-admin.qwair.com\/va\/wp-json\/wp\/v2\/types\/product"}],"wp:featuredmedia":[{"embeddable":true,"href":"https:\/\/marqalicante-admin.qwair.com\/va\/wp-json\/wp\/v2\/media\/45873"}],"wp:attachment":[{"href":"https:\/\/marqalicante-admin.qwair.com\/va\/wp-json\/wp\/v2\/media?parent=45644"}],"wp:term":[{"taxonomy":"product_brand","embeddable":true,"href":"https:\/\/marqalicante-admin.qwair.com\/va\/wp-json\/wp\/v2\/product_brand?post=45644"},{"taxonomy":"product_cat","embeddable":true,"href":"https:\/\/marqalicante-admin.qwair.com\/va\/wp-json\/wp\/v2\/product_cat?post=45644"},{"taxonomy":"product_tag","embeddable":true,"href":"https:\/\/marqalicante-admin.qwair.com\/va\/wp-json\/wp\/v2\/product_tag?post=45644"}],"curies":[{"name":"wp","href":"https:\/\/api.w.org\/{rel}","templated":true}]}}