{"id":45639,"date":"2025-05-16T06:31:29","date_gmt":"2025-05-16T06:31:29","guid":{"rendered":"https:\/\/marqalicante-admin.qwair.com\/producto\/notas-biograficas-sobre-antonio-valcarcel-conde-de-lumiares\/"},"modified":"2025-06-04T16:24:10","modified_gmt":"2025-06-04T16:24:10","slug":"notas-biograficas-sobre-antonio-valcarcel-conde-de-lumiares","status":"publish","type":"product","link":"https:\/\/marqalicante-admin.qwair.com\/va\/producte\/notas-biograficas-sobre-antonio-valcarcel-conde-de-lumiares\/","title":{"rendered":"Notes biogr\u00e0fiques sobre Antonio Valc\u00e1rcel, Comte de Lumiares"},"content":{"rendered":"<div class=\"documento-item\">\n                    <h2 class=\"documento-title\">Notes biogr\u00e0fiques sobre Antonio Valc\u00e1rcel, Comte de Lumiares<\/h2>\n        \n                    <p class=\"documento-subtitle\">Manuel H. Olcina Dom\u00e8nech<\/p>\n        \n                    <a href=\"https:\/\/marqalicante.com\/contenido\/particulos\/pub_49.pdf\" class=\"documento-btn\" target=\"_blank\" rel=\"noopener\">\n                <i class=\"fas fa-file-pdf\"><\/i> Descarregar PDF\n            <\/a>\n            <\/div>","protected":false},"excerpt":{"rendered":"<p>La figura d&#039;Antonio Valc\u00e1rcel, Comte de Lumiares, \u00e9s essencial per comprendre els or\u00edgens de l&#039;arqueologia valenciana. Part\u00edcip del corrent de pensament il\u00b7lustrat existent a l&#039;Espanya de la segona meitat del segle XVIII, la seua primerenca relaci\u00f3 intel\u00b7lectual amb Llu\u00eds Jos\u00e9 de Vel\u00e1zquez, Marqu\u00e8s de Valdeflores, i posteriorment amb els germans Juan Antonio i Gregorio Mayans, el van emp\u00e8nyer a l&#039;estudi de la numism\u00e0tica, la cer\u00e0mica i en especial les inscripcions romanes amb recopilaci\u00f3 Cartagena. Va ser un dels primers que va realitzar excavacions arqueol\u00f2giques per verificar les fonts cl\u00e0ssiques i d&#039;aquesta activitat va poder concloure per exemple que la Lucentum citada per Plini o Pomponio Mela va tenir el seu solar al Tossal de Manises (l&#039;Albufeteta, Alacant).<\/p>","protected":false},"featured_media":45873,"template":"","meta":{"kia_subtitle":""},"product_brand":[],"product_cat":[2913],"product_tag":[],"class_list":{"0":"post-45639","1":"product","2":"type-product","3":"status-publish","4":"has-post-thumbnail","6":"product_cat-articulos","8":"first","9":"instock","10":"virtual","11":"product-type-simple"},"meta_box":{"ia_expediente":"","ia_ano":"","ia_fechas_de_actuacion":"","ia_municipios_comarcas":"","ia_directores":"","ia_periodos_culturales":"","ia_tipos_de_intervencion":"","ia_equipo_tecnico":"","ia_autores":"","ia_promotores":"","ia_deposito_de_materiales":"","ia_coordenadas_utm":""},"_links":{"self":[{"href":"https:\/\/marqalicante-admin.qwair.com\/va\/wp-json\/wp\/v2\/product\/45639","targetHints":{"allow":["GET"]}}],"collection":[{"href":"https:\/\/marqalicante-admin.qwair.com\/va\/wp-json\/wp\/v2\/product"}],"about":[{"href":"https:\/\/marqalicante-admin.qwair.com\/va\/wp-json\/wp\/v2\/types\/product"}],"wp:featuredmedia":[{"embeddable":true,"href":"https:\/\/marqalicante-admin.qwair.com\/va\/wp-json\/wp\/v2\/media\/45873"}],"wp:attachment":[{"href":"https:\/\/marqalicante-admin.qwair.com\/va\/wp-json\/wp\/v2\/media?parent=45639"}],"wp:term":[{"taxonomy":"product_brand","embeddable":true,"href":"https:\/\/marqalicante-admin.qwair.com\/va\/wp-json\/wp\/v2\/product_brand?post=45639"},{"taxonomy":"product_cat","embeddable":true,"href":"https:\/\/marqalicante-admin.qwair.com\/va\/wp-json\/wp\/v2\/product_cat?post=45639"},{"taxonomy":"product_tag","embeddable":true,"href":"https:\/\/marqalicante-admin.qwair.com\/va\/wp-json\/wp\/v2\/product_tag?post=45639"}],"curies":[{"name":"wp","href":"https:\/\/api.w.org\/{rel}","templated":true}]}}