{"id":45622,"date":"2025-05-16T06:31:24","date_gmt":"2025-05-16T06:31:24","guid":{"rendered":"https:\/\/marqalicante-admin.qwair.com\/producto\/estela-funeraria-del-siglo-xi-y-el-crecimiento-urbano-de-elche-alicante\/"},"modified":"2025-06-04T16:24:07","modified_gmt":"2025-06-04T16:24:07","slug":"estela-funeraria-del-siglo-xi-y-el-crecimiento-urbano-de-elche-alicante","status":"publish","type":"product","link":"https:\/\/marqalicante-admin.qwair.com\/va\/producte\/estela-funeraria-del-siglo-xi-y-el-crecimiento-urbano-de-elche-alicante\/","title":{"rendered":"Estela funer\u00e0ria del segle XI i el creixement urb\u00e0 d&#039;Elx (Alacant)"},"content":{"rendered":"<div class=\"documento-item\">\n                    <h2 class=\"documento-title\">Estela funer\u00e0ria del segle XI i el creixement urb\u00e0 d&#039;Elx (Alacant)<\/h2>\n        \n                    <p class=\"documento-subtitle\">Carmen Barcel\u00f3, Eduardo L\u00f3pez Segu\u00ed<\/p>\n        \n                    <a href=\"https:\/\/marqalicante.com\/contenido\/particulos\/pub_19.pdf\" class=\"documento-btn\" target=\"_blank\" rel=\"noopener\">\n                <i class=\"fas fa-file-pdf\"><\/i> Descarregar PDF\n            <\/a>\n            <\/div>","protected":false},"excerpt":{"rendered":"<p>Elche (Alicante&#44; Espa&ntilde;a) est&aacute; situada a unos dos Kms de la sede de Illici&#44; la antigua ciudad ib&eacute;rica. Se propone aqu&iacute; que la fundaci&oacute;n de la villa isl&aacute;mica tuvo lugar a mediados del siglo VIII y en su traslado tomaron parte colonos egipcios. A trav&eacute;s del estudio de una pieza funeraria epigrafiada y de otras fuentes &aacute;rabes&#44; se plantea la hip&oacute;tesis<br \/>del desarrollo de la villa y la construcci&oacute;n de sus murallas en la &eacute;poca taifa hasta convertirse en capital de su propia cora en el siglo XII.<\/p>","protected":false},"featured_media":45873,"template":"","meta":{"kia_subtitle":""},"product_brand":[],"product_cat":[2913],"product_tag":[],"class_list":{"0":"post-45622","1":"product","2":"type-product","3":"status-publish","4":"has-post-thumbnail","6":"product_cat-articulos","8":"first","9":"instock","10":"virtual","11":"product-type-simple"},"meta_box":{"ia_expediente":"","ia_ano":"","ia_fechas_de_actuacion":"","ia_municipios_comarcas":"","ia_directores":"","ia_periodos_culturales":"","ia_tipos_de_intervencion":"","ia_equipo_tecnico":"","ia_autores":"","ia_promotores":"","ia_deposito_de_materiales":"","ia_coordenadas_utm":""},"_links":{"self":[{"href":"https:\/\/marqalicante-admin.qwair.com\/va\/wp-json\/wp\/v2\/product\/45622","targetHints":{"allow":["GET"]}}],"collection":[{"href":"https:\/\/marqalicante-admin.qwair.com\/va\/wp-json\/wp\/v2\/product"}],"about":[{"href":"https:\/\/marqalicante-admin.qwair.com\/va\/wp-json\/wp\/v2\/types\/product"}],"wp:featuredmedia":[{"embeddable":true,"href":"https:\/\/marqalicante-admin.qwair.com\/va\/wp-json\/wp\/v2\/media\/45873"}],"wp:attachment":[{"href":"https:\/\/marqalicante-admin.qwair.com\/va\/wp-json\/wp\/v2\/media?parent=45622"}],"wp:term":[{"taxonomy":"product_brand","embeddable":true,"href":"https:\/\/marqalicante-admin.qwair.com\/va\/wp-json\/wp\/v2\/product_brand?post=45622"},{"taxonomy":"product_cat","embeddable":true,"href":"https:\/\/marqalicante-admin.qwair.com\/va\/wp-json\/wp\/v2\/product_cat?post=45622"},{"taxonomy":"product_tag","embeddable":true,"href":"https:\/\/marqalicante-admin.qwair.com\/va\/wp-json\/wp\/v2\/product_tag?post=45622"}],"curies":[{"name":"wp","href":"https:\/\/api.w.org\/{rel}","templated":true}]}}