{"id":45617,"date":"2025-05-16T06:31:22","date_gmt":"2025-05-16T06:31:22","guid":{"rendered":"https:\/\/marqalicante-admin.qwair.com\/producto\/recursos-infograficos-sobre-lucentum-y-la-illeta-dels-banyets-en-el-marq-y-en-internet\/"},"modified":"2025-06-04T16:24:06","modified_gmt":"2025-06-04T16:24:06","slug":"recursos-infograficos-sobre-lucentum-y-la-illeta-dels-banyets-en-el-marq-y-en-internet","status":"publish","type":"product","link":"https:\/\/marqalicante-admin.qwair.com\/va\/producte\/recursos-infograficos-sobre-lucentum-y-la-illeta-dels-banyets-en-el-marq-y-en-internet\/","title":{"rendered":"Recursos infogr\u00e0fics sobre Lucentum i la Illeta Dels Banyets al MARQ ia internet"},"content":{"rendered":"<div class=\"documento-item\">\n                    <h2 class=\"documento-title\">Recursos infogr\u00e0fics sobre Lucentum i la Illeta Dels Banyets al MARQ ia internet<\/h2>\n        \n                    <p class=\"documento-subtitle\">Manuel Olcina Dom\u00e8nech, Jorge Molina Lamothe, Rafael P\u00e9rez Jim\u00e9nez<\/p>\n        \n                    <a href=\"https:\/\/marqalicante.com\/contenido\/particulos\/pub_14.pdf\" class=\"documento-btn\" target=\"_blank\" rel=\"noopener\">\n                <i class=\"fas fa-file-pdf\"><\/i> Descarregar PDF\n            <\/a>\n            <\/div>","protected":false},"excerpt":{"rendered":"<p>En aquest treball es descriuen dues experi\u00e8ncies de reconstrucci\u00f3 per mitjans inform\u00e0tics de diferents edificacions i paisatges de la ciutat romana de Lucentum (Alacant) i l&#039;assentament de la Illeta dels Banyets (El Campello). S&#039;han realitzat com a materials did\u00e0ctics de gran qualitat basats en el resultat de les recents investigacions que es realitzen en ambd\u00f3s jaciments. L&#039;\u00fas d&#039;eines de disseny gr\u00e0fic de gran pot\u00e8ncia que poden construir una realitat \u201cvirtual\u201d de l&#039;aparen\u00e7a que van poder tenir els escenaris urbans i rurals a una de les sales del MARQ ia Internet posa a disposici\u00f3 de molts milers de visitants, ia qualsevol part del m\u00f3n, finestres a trav\u00e9s de les quals observar les particularitats d&#039;una regi\u00f3 de l&#039;Imperi Rom\u00e0 i con\u00e8ixer una part molt important de la Imperial Rom\u00e0.<\/p>","protected":false},"featured_media":45873,"template":"","meta":{"kia_subtitle":""},"product_brand":[],"product_cat":[2913],"product_tag":[],"class_list":{"0":"post-45617","1":"product","2":"type-product","3":"status-publish","4":"has-post-thumbnail","6":"product_cat-articulos","8":"first","9":"instock","10":"virtual","11":"product-type-simple"},"meta_box":{"ia_expediente":"","ia_ano":"","ia_fechas_de_actuacion":"","ia_municipios_comarcas":"","ia_directores":"","ia_periodos_culturales":"","ia_tipos_de_intervencion":"","ia_equipo_tecnico":"","ia_autores":"","ia_promotores":"","ia_deposito_de_materiales":"","ia_coordenadas_utm":""},"_links":{"self":[{"href":"https:\/\/marqalicante-admin.qwair.com\/va\/wp-json\/wp\/v2\/product\/45617","targetHints":{"allow":["GET"]}}],"collection":[{"href":"https:\/\/marqalicante-admin.qwair.com\/va\/wp-json\/wp\/v2\/product"}],"about":[{"href":"https:\/\/marqalicante-admin.qwair.com\/va\/wp-json\/wp\/v2\/types\/product"}],"wp:featuredmedia":[{"embeddable":true,"href":"https:\/\/marqalicante-admin.qwair.com\/va\/wp-json\/wp\/v2\/media\/45873"}],"wp:attachment":[{"href":"https:\/\/marqalicante-admin.qwair.com\/va\/wp-json\/wp\/v2\/media?parent=45617"}],"wp:term":[{"taxonomy":"product_brand","embeddable":true,"href":"https:\/\/marqalicante-admin.qwair.com\/va\/wp-json\/wp\/v2\/product_brand?post=45617"},{"taxonomy":"product_cat","embeddable":true,"href":"https:\/\/marqalicante-admin.qwair.com\/va\/wp-json\/wp\/v2\/product_cat?post=45617"},{"taxonomy":"product_tag","embeddable":true,"href":"https:\/\/marqalicante-admin.qwair.com\/va\/wp-json\/wp\/v2\/product_tag?post=45617"}],"curies":[{"name":"wp","href":"https:\/\/api.w.org\/{rel}","templated":true}]}}