{"id":45613,"date":"2025-05-16T06:31:21","date_gmt":"2025-05-16T06:31:21","guid":{"rendered":"https:\/\/marqalicante-admin.qwair.com\/producto\/the-peregrinus-project\/"},"modified":"2025-06-04T16:24:05","modified_gmt":"2025-06-04T16:24:05","slug":"the-peregrinus-project","status":"publish","type":"product","link":"https:\/\/marqalicante-admin.qwair.com\/va\/producte\/the-peregrinus-project\/","title":{"rendered":"The Peregrinus Project"},"content":{"rendered":"<div class=\"documento-item\">\n                    <h2 class=\"documento-title\">The Peregrinus Project<\/h2>\n        \n                    <p class=\"documento-subtitle\">Stephen Clews<\/p>\n        \n                    <a href=\"https:\/\/marqalicante.com\/contenido\/particulos\/pub_10.pdf\" class=\"documento-btn\" target=\"_blank\" rel=\"noopener\">\n                <i class=\"fas fa-file-pdf\"><\/i> Descarregar PDF\n            <\/a>\n            <\/div>","protected":false},"excerpt":{"rendered":"<p>El Projecte Peregrinus \u00e9s un projecte en qu\u00e8 participen sis col\u00b7laboradors per crear un viatge cultural virtual pels enclavaments de l&#039;Imperi Rom\u00e0. Aquest projecte va obtenir fons del programa EU Culture 2000 per a l&#039;any 2002-3. En el marc del projecte, s&#039;han creat reconstruccions en tres dimensions i vistes Quicktime dels empla\u00e7aments arqueol\u00f2gics dels seus col\u00b7laboradors. Tot aix\u00f2 est\u00e0 disponible per a l&#039;\u00fas local als llocs dels col\u00b7laboradors i per al p\u00fablic en general en un lloc multiling\u00fci www.Peregrinus.org. Aquest viatge cultural es podria ampliar en el futur amb la incorporaci\u00f3 de nous col\u00b7laboradors al projecte, d&#039;altres zones de l&#039;Imperi Rom\u00e0.<\/p>","protected":false},"featured_media":45873,"template":"","meta":{"kia_subtitle":""},"product_brand":[],"product_cat":[2913],"product_tag":[],"class_list":{"0":"post-45613","1":"product","2":"type-product","3":"status-publish","4":"has-post-thumbnail","6":"product_cat-articulos","8":"first","9":"instock","10":"virtual","11":"product-type-simple"},"meta_box":{"ia_expediente":"","ia_ano":"","ia_fechas_de_actuacion":"","ia_municipios_comarcas":"","ia_directores":"","ia_periodos_culturales":"","ia_tipos_de_intervencion":"","ia_equipo_tecnico":"","ia_autores":"","ia_promotores":"","ia_deposito_de_materiales":"","ia_coordenadas_utm":""},"_links":{"self":[{"href":"https:\/\/marqalicante-admin.qwair.com\/va\/wp-json\/wp\/v2\/product\/45613","targetHints":{"allow":["GET"]}}],"collection":[{"href":"https:\/\/marqalicante-admin.qwair.com\/va\/wp-json\/wp\/v2\/product"}],"about":[{"href":"https:\/\/marqalicante-admin.qwair.com\/va\/wp-json\/wp\/v2\/types\/product"}],"wp:featuredmedia":[{"embeddable":true,"href":"https:\/\/marqalicante-admin.qwair.com\/va\/wp-json\/wp\/v2\/media\/45873"}],"wp:attachment":[{"href":"https:\/\/marqalicante-admin.qwair.com\/va\/wp-json\/wp\/v2\/media?parent=45613"}],"wp:term":[{"taxonomy":"product_brand","embeddable":true,"href":"https:\/\/marqalicante-admin.qwair.com\/va\/wp-json\/wp\/v2\/product_brand?post=45613"},{"taxonomy":"product_cat","embeddable":true,"href":"https:\/\/marqalicante-admin.qwair.com\/va\/wp-json\/wp\/v2\/product_cat?post=45613"},{"taxonomy":"product_tag","embeddable":true,"href":"https:\/\/marqalicante-admin.qwair.com\/va\/wp-json\/wp\/v2\/product_tag?post=45613"}],"curies":[{"name":"wp","href":"https:\/\/api.w.org\/{rel}","templated":true}]}}