{"id":45610,"date":"2025-05-16T06:31:20","date_gmt":"2025-05-16T06:31:20","guid":{"rendered":"https:\/\/marqalicante-admin.qwair.com\/producto\/el-museu-dhistoria-de-valencia-nuevos-formatos-para-una-nueva-didactica-de-la-historia\/"},"modified":"2025-06-04T16:24:05","modified_gmt":"2025-06-04T16:24:05","slug":"el-museu-dhistoria-de-valencia-nuevos-formatos-para-una-nueva-didactica-de-la-historia","status":"publish","type":"product","link":"https:\/\/marqalicante-admin.qwair.com\/va\/producte\/el-museu-dhistoria-de-valencia-nuevos-formatos-para-una-nueva-didactica-de-la-historia\/","title":{"rendered":"Museu d&#039;Hist\u00f2ria de Val\u00e8ncia. Nous formats per a una nova did\u00e0ctica de la hist\u00f2ria"},"content":{"rendered":"<div class=\"documento-item\">\n                    <h2 class=\"documento-title\">Museu d&#039;Hist\u00f2ria de Val\u00e8ncia. Nous formats per a una nova did\u00e0ctica de la hist\u00f2ria<\/h2>\n        \n                    <p class=\"documento-subtitle\">Javier Mart\u00ed Oltra<\/p>\n        \n                    <a href=\"https:\/\/marqalicante.com\/contenido\/particulos\/pub_7.pdf\" class=\"documento-btn\" target=\"_blank\" rel=\"noopener\">\n                <i class=\"fas fa-file-pdf\"><\/i> Descarregar PDF\n            <\/a>\n            <\/div>","protected":false},"excerpt":{"rendered":"<p>El Museu d&rsquo;Hist&ograve;ria de Val&egrave;ncia es un centro de reciente creaci&oacute;n (2003)&#44; nacido con la vocaci&oacute;n de acercar la historia a los visitantes. Mediante una cuidada exposici&oacute;n de fondos y una variada gama de recursos did&aacute;cticos&#44; en los que interviene de forma decisiva las nuevas tecnolog&iacute;as&#44; se dan a conocer los 22 siglos de historia de la ciudad y se descubre la magia la historia. El art&iacute;culo expone los antecedentes&#44; los planteamientos museol&oacute;gicos del proyecto y los medios empleados en la ejecuci&oacute;n.<\/p>","protected":false},"featured_media":45873,"template":"","meta":{"kia_subtitle":""},"product_brand":[],"product_cat":[2913],"product_tag":[],"class_list":{"0":"post-45610","1":"product","2":"type-product","3":"status-publish","4":"has-post-thumbnail","6":"product_cat-articulos","8":"first","9":"instock","10":"virtual","11":"product-type-simple"},"meta_box":{"ia_expediente":"","ia_ano":"","ia_fechas_de_actuacion":"","ia_municipios_comarcas":"","ia_directores":"","ia_periodos_culturales":"","ia_tipos_de_intervencion":"","ia_equipo_tecnico":"","ia_autores":"","ia_promotores":"","ia_deposito_de_materiales":"","ia_coordenadas_utm":""},"_links":{"self":[{"href":"https:\/\/marqalicante-admin.qwair.com\/va\/wp-json\/wp\/v2\/product\/45610","targetHints":{"allow":["GET"]}}],"collection":[{"href":"https:\/\/marqalicante-admin.qwair.com\/va\/wp-json\/wp\/v2\/product"}],"about":[{"href":"https:\/\/marqalicante-admin.qwair.com\/va\/wp-json\/wp\/v2\/types\/product"}],"wp:featuredmedia":[{"embeddable":true,"href":"https:\/\/marqalicante-admin.qwair.com\/va\/wp-json\/wp\/v2\/media\/45873"}],"wp:attachment":[{"href":"https:\/\/marqalicante-admin.qwair.com\/va\/wp-json\/wp\/v2\/media?parent=45610"}],"wp:term":[{"taxonomy":"product_brand","embeddable":true,"href":"https:\/\/marqalicante-admin.qwair.com\/va\/wp-json\/wp\/v2\/product_brand?post=45610"},{"taxonomy":"product_cat","embeddable":true,"href":"https:\/\/marqalicante-admin.qwair.com\/va\/wp-json\/wp\/v2\/product_cat?post=45610"},{"taxonomy":"product_tag","embeddable":true,"href":"https:\/\/marqalicante-admin.qwair.com\/va\/wp-json\/wp\/v2\/product_tag?post=45610"}],"curies":[{"name":"wp","href":"https:\/\/api.w.org\/{rel}","templated":true}]}}