{"id":45608,"date":"2025-05-16T06:31:20","date_gmt":"2025-05-16T06:31:20","guid":{"rendered":"https:\/\/marqalicante-admin.qwair.com\/producto\/nuevas-tecnologias-aplicadas-al-estudio-y-conservacion-de-bienes-culturales-estado-de-la-cuestion-en-los-museos-espanoles\/"},"modified":"2025-06-04T16:24:05","modified_gmt":"2025-06-04T16:24:05","slug":"nuevas-tecnologias-aplicadas-al-estudio-y-conservacion-de-bienes-culturales-estado-de-la-cuestion-en-los-museos-espanoles","status":"publish","type":"product","link":"https:\/\/marqalicante-admin.qwair.com\/va\/producte\/nuevas-tecnologias-aplicadas-al-estudio-y-conservacion-de-bienes-culturales-estado-de-la-cuestion-en-los-museos-espanoles\/","title":{"rendered":"Noves tecnologies aplicades a l&#039;estudi i la conservaci\u00f3 de b\u00e9ns culturals. Estat de la q\u00fcesti\u00f3 als museus espanyols"},"content":{"rendered":"<div class=\"documento-item\">\n                    <h2 class=\"documento-title\">Noves tecnologies aplicades a l&#039;estudi i la conservaci\u00f3 de b\u00e9ns culturals. Estat de la q\u00fcesti\u00f3 als museus espanyols<\/h2>\n        \n                    <p class=\"documento-subtitle\">Salvador Rovira Llorens<\/p>\n        \n                    <a href=\"https:\/\/marqalicante.com\/contenido\/particulos\/pub_5.pdf\" class=\"documento-btn\" target=\"_blank\" rel=\"noopener\">\n                <i class=\"fas fa-file-pdf\"><\/i> Descarregar PDF\n            <\/a>\n            <\/div>","protected":false},"excerpt":{"rendered":"<p>Utilitzant com a models els laboratoris de recerca de dos museus importants com el British Museum i el Mus\u00e9e du Louvre es fa una revisi\u00f3 dels m\u00e8todes fisicoqu\u00edmics utilitzats actualment per a l&#039;an\u00e0lisi de materials dels objectes dels museus de cara al seu estudi i conservaci\u00f3, avaluant les disponibilitats dels museus espanyols i les perspectives de futur. Paraules clauConservaci\u00f3, restauraci\u00f3, m\u00e8todes dan\u00e0lisi, b\u00e9ns culturals, ci\u00e8ncia de materials.<\/p>","protected":false},"featured_media":45873,"template":"","meta":{"kia_subtitle":""},"product_brand":[],"product_cat":[2913],"product_tag":[],"class_list":{"0":"post-45608","1":"product","2":"type-product","3":"status-publish","4":"has-post-thumbnail","6":"product_cat-articulos","8":"first","9":"instock","10":"virtual","11":"product-type-simple"},"meta_box":{"ia_expediente":"","ia_ano":"","ia_fechas_de_actuacion":"","ia_municipios_comarcas":"","ia_directores":"","ia_periodos_culturales":"","ia_tipos_de_intervencion":"","ia_equipo_tecnico":"","ia_autores":"","ia_promotores":"","ia_deposito_de_materiales":"","ia_coordenadas_utm":""},"_links":{"self":[{"href":"https:\/\/marqalicante-admin.qwair.com\/va\/wp-json\/wp\/v2\/product\/45608","targetHints":{"allow":["GET"]}}],"collection":[{"href":"https:\/\/marqalicante-admin.qwair.com\/va\/wp-json\/wp\/v2\/product"}],"about":[{"href":"https:\/\/marqalicante-admin.qwair.com\/va\/wp-json\/wp\/v2\/types\/product"}],"wp:featuredmedia":[{"embeddable":true,"href":"https:\/\/marqalicante-admin.qwair.com\/va\/wp-json\/wp\/v2\/media\/45873"}],"wp:attachment":[{"href":"https:\/\/marqalicante-admin.qwair.com\/va\/wp-json\/wp\/v2\/media?parent=45608"}],"wp:term":[{"taxonomy":"product_brand","embeddable":true,"href":"https:\/\/marqalicante-admin.qwair.com\/va\/wp-json\/wp\/v2\/product_brand?post=45608"},{"taxonomy":"product_cat","embeddable":true,"href":"https:\/\/marqalicante-admin.qwair.com\/va\/wp-json\/wp\/v2\/product_cat?post=45608"},{"taxonomy":"product_tag","embeddable":true,"href":"https:\/\/marqalicante-admin.qwair.com\/va\/wp-json\/wp\/v2\/product_tag?post=45608"}],"curies":[{"name":"wp","href":"https:\/\/api.w.org\/{rel}","templated":true}]}}