{"id":45484,"date":"2025-04-04T06:26:13","date_gmt":"2025-04-04T06:26:13","guid":{"rendered":"https:\/\/marqalicante-admin.qwair.com\/producto\/convento-de-la-merced-zonas-panda-norte-del-claustro-y-huerto-y-estancias-perimetrales\/"},"modified":"2025-04-07T08:07:19","modified_gmt":"2025-04-07T08:07:19","slug":"convento-de-la-merced-zonas-panda-norte-del-claustro-y-huerto-y-estancias-perimetrales","status":"publish","type":"product","link":"https:\/\/marqalicante-admin.qwair.com\/va\/producte\/convento-de-la-merced-zonas-panda-norte-del-claustro-y-huerto-y-estancias-perimetrales\/","title":{"rendered":"Convent de la Merc\u00e8. Zones: panda nord del claustre i hort i estades perimetrals"},"content":{"rendered":"","protected":false},"excerpt":{"rendered":"<p><b>Expedient: <\/b><\/p>\n<p>2011\/0705-A (SS.TT. A-2010-151)<\/p>\n<p><b>Any: <\/b><\/p>\n<p>2011<\/p>\n<p><b>Dates dactuaci\u00f3: <\/b><\/p>\n<p>17-11-2011 a 22-12-2011<\/p>\n<p><b>Municipis (Comarques): <\/b><\/p>\n<p>ELX \/ ELX<\/p>\n<p><b>Directors:<\/b><\/p>\n<p>L\u00f3pez Segu\u00ed, Eduardo, Torregrosa Gim\u00e9nez, Palmira<\/p>\n<p><b>Per\u00edodes culturals: <\/b><\/p>\n<p>Contempor\u00e1neo&#44; Isl\u00e1mico&#44; Moderno<\/p>\n<p><b>Tipus d&#039;intervenci\u00f3:<\/b><\/p>\n<p>Excavaci\u00f3 arqueol\u00f2gica<\/p>\n<p><b>Equip T\u00e8cnic: <\/b><\/p>\n<p>Fernando Gomis Ferrero&#44; Ana Mart\u00ednez Escudero y Celso S\u00e1nchez Mond\u00e9jar<\/p>\n<p><b>Autors :<\/b><\/p>\n<p>Eduardo L\u00f3pez Segu\u00ed i Palmira Torregrosa Gim\u00e9nez (ALEBUS Patrimoni Hist\u00f2ric, SL)<\/p>\n<p><b>Promotors: <\/b><\/p>\n<p>Excmo. Ayuntamiento de Elche<\/p>\n<p><b>Dip\u00f2sit de materials: <\/b><\/p>\n<p>Museu d&#039;Arqueologia i Hist\u00f2ria d&#039;Elx (MAHE)<\/p>\n<p><b>Coordenades UTM: <\/b><\/p>\n<p>X 701551 \u2013 Y 4237990<\/p>\n<p><b>Document PDF: <\/b><\/p>\n    \n    <div class=\"documento-item\">\n                    <h2 class=\"documento-title\">Descarregar aqu\u00ed<\/h2>\n        \n        \n                    <a href=\"https:\/\/marqalicante.com\/contenido\/int_arqueologicas\/doc_253.pdf\" class=\"documento-btn\">\n                <i class=\"fas fa-file-pdf\"><\/i> Descarregar PDF\n            <\/a>\n            <\/div>","protected":false},"featured_media":45501,"template":"","meta":{"kia_subtitle":""},"product_brand":[],"product_cat":[2620],"product_tag":[],"class_list":{"0":"post-45484","1":"product","2":"type-product","3":"status-publish","4":"has-post-thumbnail","6":"product_cat-intervenciones-arqueologicas","8":"first","9":"instock","10":"virtual","11":"product-type-simple"},"meta_box":{"ia_expediente":"","ia_ano":"","ia_fechas_de_actuacion":"","ia_municipios_comarcas":"","ia_directores":"","ia_periodos_culturales":"","ia_tipos_de_intervencion":"","ia_equipo_tecnico":"","ia_autores":"","ia_promotores":"","ia_deposito_de_materiales":"","ia_coordenadas_utm":""},"_links":{"self":[{"href":"https:\/\/marqalicante-admin.qwair.com\/va\/wp-json\/wp\/v2\/product\/45484","targetHints":{"allow":["GET"]}}],"collection":[{"href":"https:\/\/marqalicante-admin.qwair.com\/va\/wp-json\/wp\/v2\/product"}],"about":[{"href":"https:\/\/marqalicante-admin.qwair.com\/va\/wp-json\/wp\/v2\/types\/product"}],"wp:featuredmedia":[{"embeddable":true,"href":"https:\/\/marqalicante-admin.qwair.com\/va\/wp-json\/wp\/v2\/media\/45501"}],"wp:attachment":[{"href":"https:\/\/marqalicante-admin.qwair.com\/va\/wp-json\/wp\/v2\/media?parent=45484"}],"wp:term":[{"taxonomy":"product_brand","embeddable":true,"href":"https:\/\/marqalicante-admin.qwair.com\/va\/wp-json\/wp\/v2\/product_brand?post=45484"},{"taxonomy":"product_cat","embeddable":true,"href":"https:\/\/marqalicante-admin.qwair.com\/va\/wp-json\/wp\/v2\/product_cat?post=45484"},{"taxonomy":"product_tag","embeddable":true,"href":"https:\/\/marqalicante-admin.qwair.com\/va\/wp-json\/wp\/v2\/product_tag?post=45484"}],"curies":[{"name":"wp","href":"https:\/\/api.w.org\/{rel}","templated":true}]}}