{"id":45482,"date":"2025-04-04T06:26:12","date_gmt":"2025-04-04T06:26:12","guid":{"rendered":"https:\/\/marqalicante-admin.qwair.com\/producto\/linea-220-kv-torremendo-san-miguel-de-salinas\/"},"modified":"2025-04-07T08:07:19","modified_gmt":"2025-04-07T08:07:19","slug":"linea-220-kv-torremendo-san-miguel-de-salinas","status":"publish","type":"product","link":"https:\/\/marqalicante-admin.qwair.com\/va\/producte\/linea-220-kv-torremendo-san-miguel-de-salinas\/","title":{"rendered":"L\u00ednia 220 kV. Torremendo \u2013 Sant Miquel de Salines"},"content":{"rendered":"","protected":false},"excerpt":{"rendered":"<p><b>Expedient: <\/b><\/p>\n<p>2011\/0695-A<\/p>\n<p><b>Any: <\/b><\/p>\n<p>2011<\/p>\n<p><b>Dates dactuaci\u00f3: <\/b><\/p>\n<p><b>Municipis (Comarques): <\/b><\/p>\n<p>SANT MIQUEL DE SALINES<\/p>\n<p><b>Directors:<\/b><\/p>\n<p>\u00c1vila Pallar\u00e9s&#44; Isabel&#44; Fern\u00e1ndez&#44; Olga&#44; Garc\u00eda Laso&#44; Carola&#44; Llorente&#44; Javier&#44; P\u00e9rez Gil&#44; M\u00aa Teresa&#44; S\u00e1nchez&#44; Carmen<\/p>\n<p><b>Per\u00edodes culturals: <\/b><\/p>\n<p><b>Tipus d&#039;intervenci\u00f3:<\/b><\/p>\n<p><b>Equip T\u00e8cnic: <\/b><\/p>\n<p><b>Autors :<\/b><\/p>\n<p><b>Promotors: <\/b><\/p>\n<p><b>Dip\u00f2sit de materials: <\/b><\/p>\n<p><b>Coordenades UTM: <\/b><\/p>\n<p><b>Document PDF: <\/b><\/p>","protected":false},"featured_media":45501,"template":"","meta":{"kia_subtitle":""},"product_brand":[],"product_cat":[2620],"product_tag":[],"class_list":{"0":"post-45482","1":"product","2":"type-product","3":"status-publish","4":"has-post-thumbnail","6":"product_cat-intervenciones-arqueologicas","8":"first","9":"instock","10":"virtual","11":"product-type-simple"},"meta_box":{"ia_expediente":"","ia_ano":"","ia_fechas_de_actuacion":"","ia_municipios_comarcas":"","ia_directores":"","ia_periodos_culturales":"","ia_tipos_de_intervencion":"","ia_equipo_tecnico":"","ia_autores":"","ia_promotores":"","ia_deposito_de_materiales":"","ia_coordenadas_utm":""},"_links":{"self":[{"href":"https:\/\/marqalicante-admin.qwair.com\/va\/wp-json\/wp\/v2\/product\/45482","targetHints":{"allow":["GET"]}}],"collection":[{"href":"https:\/\/marqalicante-admin.qwair.com\/va\/wp-json\/wp\/v2\/product"}],"about":[{"href":"https:\/\/marqalicante-admin.qwair.com\/va\/wp-json\/wp\/v2\/types\/product"}],"wp:featuredmedia":[{"embeddable":true,"href":"https:\/\/marqalicante-admin.qwair.com\/va\/wp-json\/wp\/v2\/media\/45501"}],"wp:attachment":[{"href":"https:\/\/marqalicante-admin.qwair.com\/va\/wp-json\/wp\/v2\/media?parent=45482"}],"wp:term":[{"taxonomy":"product_brand","embeddable":true,"href":"https:\/\/marqalicante-admin.qwair.com\/va\/wp-json\/wp\/v2\/product_brand?post=45482"},{"taxonomy":"product_cat","embeddable":true,"href":"https:\/\/marqalicante-admin.qwair.com\/va\/wp-json\/wp\/v2\/product_cat?post=45482"},{"taxonomy":"product_tag","embeddable":true,"href":"https:\/\/marqalicante-admin.qwair.com\/va\/wp-json\/wp\/v2\/product_tag?post=45482"}],"curies":[{"name":"wp","href":"https:\/\/api.w.org\/{rel}","templated":true}]}}