{"id":45476,"date":"2025-04-04T06:26:09","date_gmt":"2025-04-04T06:26:09","guid":{"rendered":"https:\/\/marqalicante-admin.qwair.com\/producto\/dic-huerto-solar-paraje-la-dehesa-de-benferrejo-poligono-11-parcela-5\/"},"modified":"2025-04-07T08:07:17","modified_gmt":"2025-04-07T08:07:17","slug":"dic-huerto-solar-paraje-la-dehesa-de-benferrejo-poligono-11-parcela-5","status":"publish","type":"product","link":"https:\/\/marqalicante-admin.qwair.com\/va\/producte\/dic-huerto-solar-paraje-la-dehesa-de-benferrejo-poligono-11-parcela-5\/","title":{"rendered":"DIC Hort Solar. Paratge La Dehesa de Benferrejo, pol\u00edgon 11, parcel\u00b7la 5"},"content":{"rendered":"","protected":false},"excerpt":{"rendered":"<p><b>Expedient: <\/b><\/p>\n<p>2011\/0567-A (SS.TT. A-2010-489)<\/p>\n<p><b>Any: <\/b><\/p>\n<p>2011<\/p>\n<p><b>Dates dactuaci\u00f3: <\/b><\/p>\n<p>29-09-2011 a 30-09-2011<\/p>\n<p><b>Municipis (Comarques): <\/b><\/p>\n<p>GRANJA DE ROCAMORA<\/p>\n<p><b>Directors:<\/b><\/p>\n<p>Esquem Bebia, Marco Aurelio<\/p>\n<p><b>Per\u00edodes culturals: <\/b><\/p>\n<p>Contemporani<\/p>\n<p><b>Tipus d&#039;intervenci\u00f3:<\/b><\/p>\n<p>Prospecci\u00f3 arqueol\u00f2gica i etnol\u00f2gica<\/p>\n<p><b>Equip T\u00e8cnic: <\/b><\/p>\n<p>Jos\u00e9 Ram\u00f3n Ortega P\u00e9rez i Samuel Serrano Salar<\/p>\n<p><b>Autors :<\/b><\/p>\n<p>Marco Aurelio Esquembre Bebia (ARPA Patrimonio, SL)<\/p>\n<p><b>Promotors: <\/b><\/p>\n<p>Uni\u00f3 Solar COSTA BLANCA, SL<\/p>\n<p><b>Dip\u00f2sit de materials: <\/b><\/p>\n<p>No es va recuperar material arqueol\u00f2gic<\/p>\n<p><b>Coordenades UTM: <\/b><\/p>\n<p>X 680453 \u2013 I 4224311<\/p>\n<p><b>Document PDF: <\/b><\/p>\n    \n    <div class=\"documento-item\">\n                    <h2 class=\"documento-title\">Descarregar aqu\u00ed<\/h2>\n        \n        \n                    <a href=\"https:\/\/marqalicante.com\/contenido\/int_arqueologicas\/doc_244.pdf\" class=\"documento-btn\">\n                <i class=\"fas fa-file-pdf\"><\/i> Descarregar PDF\n            <\/a>\n            <\/div>","protected":false},"featured_media":45501,"template":"","meta":{"kia_subtitle":""},"product_brand":[],"product_cat":[2620],"product_tag":[],"class_list":{"0":"post-45476","1":"product","2":"type-product","3":"status-publish","4":"has-post-thumbnail","6":"product_cat-intervenciones-arqueologicas","8":"first","9":"instock","10":"virtual","11":"product-type-simple"},"meta_box":{"ia_expediente":"","ia_ano":"","ia_fechas_de_actuacion":"","ia_municipios_comarcas":"","ia_directores":"","ia_periodos_culturales":"","ia_tipos_de_intervencion":"","ia_equipo_tecnico":"","ia_autores":"","ia_promotores":"","ia_deposito_de_materiales":"","ia_coordenadas_utm":""},"_links":{"self":[{"href":"https:\/\/marqalicante-admin.qwair.com\/va\/wp-json\/wp\/v2\/product\/45476","targetHints":{"allow":["GET"]}}],"collection":[{"href":"https:\/\/marqalicante-admin.qwair.com\/va\/wp-json\/wp\/v2\/product"}],"about":[{"href":"https:\/\/marqalicante-admin.qwair.com\/va\/wp-json\/wp\/v2\/types\/product"}],"wp:featuredmedia":[{"embeddable":true,"href":"https:\/\/marqalicante-admin.qwair.com\/va\/wp-json\/wp\/v2\/media\/45501"}],"wp:attachment":[{"href":"https:\/\/marqalicante-admin.qwair.com\/va\/wp-json\/wp\/v2\/media?parent=45476"}],"wp:term":[{"taxonomy":"product_brand","embeddable":true,"href":"https:\/\/marqalicante-admin.qwair.com\/va\/wp-json\/wp\/v2\/product_brand?post=45476"},{"taxonomy":"product_cat","embeddable":true,"href":"https:\/\/marqalicante-admin.qwair.com\/va\/wp-json\/wp\/v2\/product_cat?post=45476"},{"taxonomy":"product_tag","embeddable":true,"href":"https:\/\/marqalicante-admin.qwair.com\/va\/wp-json\/wp\/v2\/product_tag?post=45476"}],"curies":[{"name":"wp","href":"https:\/\/api.w.org\/{rel}","templated":true}]}}