{"id":45473,"date":"2025-04-04T06:26:07","date_gmt":"2025-04-04T06:26:07","guid":{"rendered":"https:\/\/marqalicante-admin.qwair.com\/producto\/cabezo-pardo-via-campana\/"},"modified":"2025-04-07T08:07:16","modified_gmt":"2025-04-07T08:07:16","slug":"cabezo-pardo-via-campana","status":"publish","type":"product","link":"https:\/\/marqalicante-admin.qwair.com\/va\/producte\/cabezo-pardo-via-campana\/","title":{"rendered":"Cabezo Pardo. VI\u00aa Campanya"},"content":{"rendered":"","protected":false},"excerpt":{"rendered":"<p><b>Expedient: <\/b><\/p>\n<p>2011\/0529-A<\/p>\n<p><b>Any: <\/b><\/p>\n<p>2011<\/p>\n<p><b>Dates dactuaci\u00f3: <\/b><\/p>\n<p>26-09-2011 a 14-10-2011<\/p>\n<p><b>Municipis (Comarques): <\/b><\/p>\n<p>ALBATERA, GRANJA DE ROCAMORA, SANT ISIDRE<\/p>\n<p><b>Directors:<\/b><\/p>\n<p>L\u00f3pez Padilla, Juan Antonio, Xim\u00e9nez d&#039;Emb\u00fan S\u00e1nchez, M\u00aa Teresa<\/p>\n<p><b>Per\u00edodes culturals: <\/b><\/p>\n<p>Edat del Bronze, Isl\u00e0mic<\/p>\n<p><b>Tipus d&#039;intervenci\u00f3:<\/b><\/p>\n<p>Excavaci\u00f3 arqueol\u00f2gica<\/p>\n<p><b>Equip T\u00e8cnic: <\/b><\/p>\n<p>Alicia Luj\u00e1n Navas (Malacolog\u00eda)&#44; Ignacio Soriano Llopis (Arqueometalurgia)&#44; Jos\u00e9 Luis Sim\u00f3n Garc\u00eda (Arqueometalurgia)&#44; M\u00aa del Carmen Machado Yanes (Antracolog\u00eda)&#44; M\u00aa Paz de Miguel Ib\u00e1\u00f1ez (Paleoantropolog\u00eda)&#44; Consuelo Roca de Togores Mu\u00f1oz (Paleoantropolog\u00eda)&#44; Carles Ferrer Garc\u00eda (Sedimentolog\u00eda)&#44; Miguel Benito Iborra (Arqueozoolog\u00eda)&#44; Guillem P\u00e9rez Jord\u00e0 (Paleobot\u00e1nica) y Javier S\u00e1ez Rivera (Geolog\u00eda)<\/p>\n<p><b>Autors :<\/b><\/p>\n<p>Juan Antonio L\u00f3pez Padilla i M\u00aa Teresa Xim\u00e9nez d&#039;Emb\u00fan S\u00e1nchez<\/p>\n<p><b>Promotors: <\/b><\/p>\n<p>Excma. Diputaci\u00f3 Provincial d&#039;Alacant<\/p>\n<p><b>Dip\u00f2sit de materials: <\/b><\/p>\n<p>Museu Arqueol\u00f2gic d&#039;Alacant (MARQ)<\/p>\n<p><b>Coordenades UTM: <\/b><\/p>\n<p>X 688915 \u2013 I 4226089<\/p>\n<p><b>Document PDF: <\/b><\/p>\n    \n    <div class=\"documento-item\">\n                    <h2 class=\"documento-title\">Descarregar aqu\u00ed<\/h2>\n        \n        \n                    <a href=\"https:\/\/marqalicante.com\/contenido\/int_arqueologicas\/doc_240.pdf\" class=\"documento-btn\">\n                <i class=\"fas fa-file-pdf\"><\/i> Descarregar PDF\n            <\/a>\n            <\/div>","protected":false},"featured_media":45501,"template":"","meta":{"kia_subtitle":""},"product_brand":[],"product_cat":[2620],"product_tag":[],"class_list":{"0":"post-45473","1":"product","2":"type-product","3":"status-publish","4":"has-post-thumbnail","6":"product_cat-intervenciones-arqueologicas","8":"first","9":"instock","10":"virtual","11":"product-type-simple"},"meta_box":{"ia_expediente":"","ia_ano":"","ia_fechas_de_actuacion":"","ia_municipios_comarcas":"","ia_directores":"","ia_periodos_culturales":"","ia_tipos_de_intervencion":"","ia_equipo_tecnico":"","ia_autores":"","ia_promotores":"","ia_deposito_de_materiales":"","ia_coordenadas_utm":""},"_links":{"self":[{"href":"https:\/\/marqalicante-admin.qwair.com\/va\/wp-json\/wp\/v2\/product\/45473","targetHints":{"allow":["GET"]}}],"collection":[{"href":"https:\/\/marqalicante-admin.qwair.com\/va\/wp-json\/wp\/v2\/product"}],"about":[{"href":"https:\/\/marqalicante-admin.qwair.com\/va\/wp-json\/wp\/v2\/types\/product"}],"wp:featuredmedia":[{"embeddable":true,"href":"https:\/\/marqalicante-admin.qwair.com\/va\/wp-json\/wp\/v2\/media\/45501"}],"wp:attachment":[{"href":"https:\/\/marqalicante-admin.qwair.com\/va\/wp-json\/wp\/v2\/media?parent=45473"}],"wp:term":[{"taxonomy":"product_brand","embeddable":true,"href":"https:\/\/marqalicante-admin.qwair.com\/va\/wp-json\/wp\/v2\/product_brand?post=45473"},{"taxonomy":"product_cat","embeddable":true,"href":"https:\/\/marqalicante-admin.qwair.com\/va\/wp-json\/wp\/v2\/product_cat?post=45473"},{"taxonomy":"product_tag","embeddable":true,"href":"https:\/\/marqalicante-admin.qwair.com\/va\/wp-json\/wp\/v2\/product_tag?post=45473"}],"curies":[{"name":"wp","href":"https:\/\/api.w.org\/{rel}","templated":true}]}}