{"id":45461,"date":"2025-04-04T06:26:02","date_gmt":"2025-04-04T06:26:02","guid":{"rendered":"https:\/\/marqalicante-admin.qwair.com\/producto\/villa-romana-de-lalbir-2\/"},"modified":"2025-04-07T08:07:13","modified_gmt":"2025-04-07T08:07:13","slug":"villa-romana-de-lalbir-2","status":"publish","type":"product","link":"https:\/\/marqalicante-admin.qwair.com\/va\/producte\/villa-romana-de-lalbir-2\/","title":{"rendered":"Vila Romana de l&#039;Albir"},"content":{"rendered":"","protected":false},"excerpt":{"rendered":"<p><b>Expedient: <\/b><\/p>\n<p>2011\/0395-A (SS.TT. A-2005-279)<\/p>\n<p><b>Any: <\/b><\/p>\n<p>2011<\/p>\n<p><b>Dates dactuaci\u00f3: <\/b><\/p>\n<p>19-07-2011 a 21-10-2011<\/p>\n<p><b>Municipis (Comarques): <\/b><\/p>\n<p>ALF\u00c0S DEL PI, L&#039;<\/p>\n<p><b>Directors:<\/b><\/p>\n<p>Fredes Castillejo, Carolina, Molina Vidal, Jaume<\/p>\n<p><b>Per\u00edodes culturals: <\/b><\/p>\n<p>Rom\u00e0, Tardoantic<\/p>\n<p><b>Tipus d&#039;intervenci\u00f3:<\/b><\/p>\n<p>Consolidaci\u00f3, Excavaci\u00f3 arqueol\u00f2gica<\/p>\n<p><b>Equip T\u00e8cnic: <\/b><\/p>\n<p>Gustavo Olmedo L\u00f3pez (restaurador) y Bego\u00f1a Masanet Tamarit (arque\u00f3loga)<\/p>\n<p><b>Autors :<\/b><\/p>\n<p>Carolina Fredes Castillejo<\/p>\n<p><b>Promotors: <\/b><\/p>\n<p>Excm. Ajuntament de l&#039;Alf\u00e0s del Pi<\/p>\n<p><b>Dip\u00f2sit de materials: <\/b><\/p>\n<p>Museu a l&#039;Aire Lliure Vila Romana de l&#039;Albir<\/p>\n<p><b>Coordenades UTM: <\/b><\/p>\n<p>X 755718 \u2013 I 4273783<\/p>\n<p><b>Document PDF: <\/b><\/p>\n    \n    <div class=\"documento-item\">\n                    <h2 class=\"documento-title\">Descarregar aqu\u00ed<\/h2>\n        \n        \n                    <a href=\"https:\/\/marqalicante.com\/contenido\/int_arqueologicas\/doc_228.pdf\" class=\"documento-btn\">\n                <i class=\"fas fa-file-pdf\"><\/i> Descarregar PDF\n            <\/a>\n            <\/div>","protected":false},"featured_media":45501,"template":"","meta":{"kia_subtitle":""},"product_brand":[],"product_cat":[2620],"product_tag":[],"class_list":{"0":"post-45461","1":"product","2":"type-product","3":"status-publish","4":"has-post-thumbnail","6":"product_cat-intervenciones-arqueologicas","8":"first","9":"instock","10":"virtual","11":"product-type-simple"},"meta_box":{"ia_expediente":"","ia_ano":"","ia_fechas_de_actuacion":"","ia_municipios_comarcas":"","ia_directores":"","ia_periodos_culturales":"","ia_tipos_de_intervencion":"","ia_equipo_tecnico":"","ia_autores":"","ia_promotores":"","ia_deposito_de_materiales":"","ia_coordenadas_utm":""},"_links":{"self":[{"href":"https:\/\/marqalicante-admin.qwair.com\/va\/wp-json\/wp\/v2\/product\/45461","targetHints":{"allow":["GET"]}}],"collection":[{"href":"https:\/\/marqalicante-admin.qwair.com\/va\/wp-json\/wp\/v2\/product"}],"about":[{"href":"https:\/\/marqalicante-admin.qwair.com\/va\/wp-json\/wp\/v2\/types\/product"}],"wp:featuredmedia":[{"embeddable":true,"href":"https:\/\/marqalicante-admin.qwair.com\/va\/wp-json\/wp\/v2\/media\/45501"}],"wp:attachment":[{"href":"https:\/\/marqalicante-admin.qwair.com\/va\/wp-json\/wp\/v2\/media?parent=45461"}],"wp:term":[{"taxonomy":"product_brand","embeddable":true,"href":"https:\/\/marqalicante-admin.qwair.com\/va\/wp-json\/wp\/v2\/product_brand?post=45461"},{"taxonomy":"product_cat","embeddable":true,"href":"https:\/\/marqalicante-admin.qwair.com\/va\/wp-json\/wp\/v2\/product_cat?post=45461"},{"taxonomy":"product_tag","embeddable":true,"href":"https:\/\/marqalicante-admin.qwair.com\/va\/wp-json\/wp\/v2\/product_tag?post=45461"}],"curies":[{"name":"wp","href":"https:\/\/api.w.org\/{rel}","templated":true}]}}