{"id":45446,"date":"2025-04-04T06:25:55","date_gmt":"2025-04-04T06:25:55","guid":{"rendered":"https:\/\/marqalicante-admin.qwair.com\/producto\/terlinques-xva-campana\/"},"modified":"2025-04-07T08:07:08","modified_gmt":"2025-04-07T08:07:08","slug":"terlinques-xva-campana","status":"publish","type":"product","link":"https:\/\/marqalicante-admin.qwair.com\/va\/producte\/terlinques-xva-campana\/","title":{"rendered":"Terlinques. XV\u00aa Campanya"},"content":{"rendered":"","protected":false},"excerpt":{"rendered":"<p><b>Expedient: <\/b><\/p>\n<p>2011\/0326-A<\/p>\n<p><b>Any: <\/b><\/p>\n<p>2011<\/p>\n<p><b>Dates dactuaci\u00f3: <\/b><\/p>\n<p>22-07-2011 a 04-08-2011<\/p>\n<p><b>Municipis (Comarques): <\/b><\/p>\n<p>VILLENA<\/p>\n<p><b>Directors:<\/b><\/p>\n<p>Jover Maestre, Francisco Javier, L\u00f3pez Padilla, Juan Antonio<\/p>\n<p><b>Per\u00edodes culturals: <\/b><\/p>\n<p>Edat del Bronze<\/p>\n<p><b>Tipus d&#039;intervenci\u00f3:<\/b><\/p>\n<p>Excavaci\u00f3 arqueol\u00f2gica<\/p>\n<p><b>Equip T\u00e8cnic: <\/b><\/p>\n<p>Alicia Luj\u00e1n Navas (arque\u00f2loga), Laura Acosta Pradillos (arque\u00f2loga), Raquel Ruiz Pastor (arque\u00f2loga), Dr. Jos\u00e9 Lu\u00eds Sim\u00f3n Garc\u00eda (arqueometal\u00b7l\u00fargia), Dra. M\u00aa del Carme Machado Yanes (antracologia), Carles Ferrer (sedimentologia), Mar\u00eda Luisa Ib\u00e1\u00f1ez (paleopatologia), Miguel Benito Iborra (arqueozoologia) i el Dr. Jos\u00e9 Antonio L\u00f3pez S\u00e1ez (palinologia)<\/p>\n<p><b>Autors :<\/b><\/p>\n<p>Francisco Javier Jover Maestre, Juan Antonio L\u00f3pez Padilla, Alicia Luj\u00e1n Navas, Laura Acosta Pradillos i Sergio Mart\u00ednez Monle\u00f3n\n<\/p>\n<p><b>Promotors: <\/b><\/p>\n<p>Direcci\u00f3 General de Patrimoni Cultural Valenci\u00e0. Generalitat Valenciana\n<\/p>\n<p><b>Dip\u00f2sit de materials: <\/b><\/p>\n<p>Museu Arqueol\u00f2gic Municipal Jos\u00e9 Mar\u00eda Soler de Villena<\/p>\n<p><b>Coordenades UTM: <\/b><\/p>\n<p>X 682725 \u2013 I 4274686<\/p>\n<p><b>Document PDF: <\/b><\/p>\n    \n    <div class=\"documento-item\">\n                    <h2 class=\"documento-title\">Descarregar aqu\u00ed<\/h2>\n        \n        \n                    <a href=\"https:\/\/marqalicante.com\/contenido\/int_arqueologicas\/doc_213.pdf\" class=\"documento-btn\">\n                <i class=\"fas fa-file-pdf\"><\/i> Descarregar PDF\n            <\/a>\n            <\/div>","protected":false},"featured_media":45501,"template":"","meta":{"kia_subtitle":""},"product_brand":[],"product_cat":[2620],"product_tag":[],"class_list":{"0":"post-45446","1":"product","2":"type-product","3":"status-publish","4":"has-post-thumbnail","6":"product_cat-intervenciones-arqueologicas","8":"first","9":"instock","10":"virtual","11":"product-type-simple"},"meta_box":{"ia_expediente":"","ia_ano":"","ia_fechas_de_actuacion":"","ia_municipios_comarcas":"","ia_directores":"","ia_periodos_culturales":"","ia_tipos_de_intervencion":"","ia_equipo_tecnico":"","ia_autores":"","ia_promotores":"","ia_deposito_de_materiales":"","ia_coordenadas_utm":""},"_links":{"self":[{"href":"https:\/\/marqalicante-admin.qwair.com\/va\/wp-json\/wp\/v2\/product\/45446","targetHints":{"allow":["GET"]}}],"collection":[{"href":"https:\/\/marqalicante-admin.qwair.com\/va\/wp-json\/wp\/v2\/product"}],"about":[{"href":"https:\/\/marqalicante-admin.qwair.com\/va\/wp-json\/wp\/v2\/types\/product"}],"wp:featuredmedia":[{"embeddable":true,"href":"https:\/\/marqalicante-admin.qwair.com\/va\/wp-json\/wp\/v2\/media\/45501"}],"wp:attachment":[{"href":"https:\/\/marqalicante-admin.qwair.com\/va\/wp-json\/wp\/v2\/media?parent=45446"}],"wp:term":[{"taxonomy":"product_brand","embeddable":true,"href":"https:\/\/marqalicante-admin.qwair.com\/va\/wp-json\/wp\/v2\/product_brand?post=45446"},{"taxonomy":"product_cat","embeddable":true,"href":"https:\/\/marqalicante-admin.qwair.com\/va\/wp-json\/wp\/v2\/product_cat?post=45446"},{"taxonomy":"product_tag","embeddable":true,"href":"https:\/\/marqalicante-admin.qwair.com\/va\/wp-json\/wp\/v2\/product_tag?post=45446"}],"curies":[{"name":"wp","href":"https:\/\/api.w.org\/{rel}","templated":true}]}}