{"id":45427,"date":"2025-04-04T06:25:47","date_gmt":"2025-04-04T06:25:47","guid":{"rendered":"https:\/\/marqalicante-admin.qwair.com\/producto\/castell-de-sax-vessant-sud-del-castell-i-espero-de-lalbacar\/"},"modified":"2025-04-07T08:07:03","modified_gmt":"2025-04-07T08:07:03","slug":"castell-de-sax-vessant-sud-del-castell-i-espero-de-lalbacar","status":"publish","type":"product","link":"https:\/\/marqalicante-admin.qwair.com\/va\/producte\/castell-de-sax-vessant-sud-del-castell-i-espero-de-lalbacar\/","title":{"rendered":"Castell de Sax. Vessant sud del castell i va esperar de l&#039;Albacar"},"content":{"rendered":"","protected":false},"excerpt":{"rendered":"<p><b>Expedient: <\/b><\/p>\n<p>2011\/0156-A<\/p>\n<p><b>Any: <\/b><\/p>\n<p>2011<\/p>\n<p><b>Dates dactuaci\u00f3: <\/b><\/p>\n<p>09-04-2011 a 10-04-2011 i 07-05-2011 a 08-05-2011<\/p>\n<p><b>Municipis (Comarques): <\/b><\/p>\n<p>SAX<\/p>\n<p><b>Directors:<\/b><\/p>\n<p>S\u00e1nchez i Signes, Miquel<\/p>\n<p><b>Per\u00edodes culturals: <\/b><\/p>\n<p>Baix Medieval, Contemporani, Modern<\/p>\n<p><b>Tipus d&#039;intervenci\u00f3:<\/b><\/p>\n<p>Excavaci\u00f3 arqueol\u00f2gica, Planimetria, Prospecci\u00f3 arqueol\u00f2gica i etnol\u00f2gica<\/p>\n<p><b>Equip T\u00e8cnic: <\/b><\/p>\n<p>\u2013<\/p>\n<p><b>Autors :<\/b><\/p>\n<p>Miquel S\u00e1nchez i Signes (becari de recerca del Servei de Recerca Prehist\u00f2rica de Val\u00e8ncia)<\/p>\n<p><b>Promotors: <\/b><\/p>\n<p>Excm. Ajuntament de Sax<\/p>\n<p><b>Dip\u00f2sit de materials: <\/b><\/p>\n<p>No s&#039;ha fet dip\u00f2sit de materials<\/p>\n<p><b>Coordenades UTM: <\/b><\/p>\n<p>X 690196 \u2013 I 4267990<\/p>\n<p><b>Document PDF: <\/b><\/p>\n    \n    <div class=\"documento-item\">\n                    <h2 class=\"documento-title\">Descarregar aqu\u00ed<\/h2>\n        \n        \n                    <a href=\"https:\/\/marqalicante.com\/contenido\/int_arqueologicas\/doc_194.pdf\" class=\"documento-btn\">\n                <i class=\"fas fa-file-pdf\"><\/i> Descarregar PDF\n            <\/a>\n            <\/div>","protected":false},"featured_media":45501,"template":"","meta":{"kia_subtitle":""},"product_brand":[],"product_cat":[2620],"product_tag":[],"class_list":{"0":"post-45427","1":"product","2":"type-product","3":"status-publish","4":"has-post-thumbnail","6":"product_cat-intervenciones-arqueologicas","8":"first","9":"instock","10":"virtual","11":"product-type-simple"},"meta_box":{"ia_expediente":"","ia_ano":"","ia_fechas_de_actuacion":"","ia_municipios_comarcas":"","ia_directores":"","ia_periodos_culturales":"","ia_tipos_de_intervencion":"","ia_equipo_tecnico":"","ia_autores":"","ia_promotores":"","ia_deposito_de_materiales":"","ia_coordenadas_utm":""},"_links":{"self":[{"href":"https:\/\/marqalicante-admin.qwair.com\/va\/wp-json\/wp\/v2\/product\/45427","targetHints":{"allow":["GET"]}}],"collection":[{"href":"https:\/\/marqalicante-admin.qwair.com\/va\/wp-json\/wp\/v2\/product"}],"about":[{"href":"https:\/\/marqalicante-admin.qwair.com\/va\/wp-json\/wp\/v2\/types\/product"}],"wp:featuredmedia":[{"embeddable":true,"href":"https:\/\/marqalicante-admin.qwair.com\/va\/wp-json\/wp\/v2\/media\/45501"}],"wp:attachment":[{"href":"https:\/\/marqalicante-admin.qwair.com\/va\/wp-json\/wp\/v2\/media?parent=45427"}],"wp:term":[{"taxonomy":"product_brand","embeddable":true,"href":"https:\/\/marqalicante-admin.qwair.com\/va\/wp-json\/wp\/v2\/product_brand?post=45427"},{"taxonomy":"product_cat","embeddable":true,"href":"https:\/\/marqalicante-admin.qwair.com\/va\/wp-json\/wp\/v2\/product_cat?post=45427"},{"taxonomy":"product_tag","embeddable":true,"href":"https:\/\/marqalicante-admin.qwair.com\/va\/wp-json\/wp\/v2\/product_tag?post=45427"}],"curies":[{"name":"wp","href":"https:\/\/api.w.org\/{rel}","templated":true}]}}