{"id":45419,"date":"2025-04-04T06:25:42","date_gmt":"2025-04-04T06:25:42","guid":{"rendered":"https:\/\/marqalicante-admin.qwair.com\/producto\/proyecto-ifac-pobla-medieval-viia-campana\/"},"modified":"2025-04-07T08:07:00","modified_gmt":"2025-04-07T08:07:00","slug":"proyecto-ifac-pobla-medieval-viia-campana","status":"publish","type":"product","link":"https:\/\/marqalicante-admin.qwair.com\/va\/producte\/proyecto-ifac-pobla-medieval-viia-campana\/","title":{"rendered":"Projecte Ifac. Pobla medieval. VIIa Campanya"},"content":{"rendered":"","protected":false},"excerpt":{"rendered":"<p><b>Expedient: <\/b><\/p>\n<p>2011\/0067-A (SS.TT. A-2005-282)<\/p>\n<p><b>Any: <\/b><\/p>\n<p>2011<\/p>\n<p><b>Dates dactuaci\u00f3: <\/b><\/p>\n<p>01-07-2011 a 31-08-2011<\/p>\n<p><b>Municipis (Comarques): <\/b><\/p>\n<p>CALP \/ CALP<\/p>\n<p><b>Directors:<\/b><\/p>\n<p>Ferrer Carri\u00f3n, Roberto, Men\u00e9ndez Fueyo, Jos\u00e9 Luis, Pina Mira, Joaqu\u00edn<\/p>\n<p><b>Per\u00edodes culturals: <\/b><\/p>\n<p>Baixmedieval<\/p>\n<p><b>Tipus d&#039;intervenci\u00f3:<\/b><\/p>\n<p>Excavaci\u00f3 arqueol\u00f2gica<\/p>\n<p><b>Equip T\u00e8cnic: <\/b><\/p>\n<p>Jos\u00e9 Manuel Torrecillas Segura, Miriam Parra Villaescusa i M\u00aa \u00c1ngeles D\u00edaz Tena<\/p>\n<p><b>Autors :<\/b><\/p>\n<p>Jos\u00e9 Luis Men\u00e9ndez Fueyo, Roberto Ferrer Carri\u00f3n i Joaqu\u00edn Pina Mira\n<\/p>\n<p><b>Promotors: <\/b><\/p>\n<p>Excma. Diputaci\u00f3 d&#039;Alacant<\/p>\n<p><b>Dip\u00f2sit de materials: <\/b><\/p>\n<p>Museu Arqueol\u00f2gic d&#039;Alacant (MARQ)<\/p>\n<p><b>Coordenades UTM: <\/b><\/p>\n<p>X 767118 \u2013 I 4281147<\/p>\n<p><b>Document PDF: <\/b><\/p>\n    \n    <div class=\"documento-item\">\n                    <h2 class=\"documento-title\">Descarregar aqu\u00ed<\/h2>\n        \n        \n                    <a href=\"https:\/\/marqalicante.com\/contenido\/int_arqueologicas\/doc_186.pdf\" class=\"documento-btn\">\n                <i class=\"fas fa-file-pdf\"><\/i> Descarregar PDF\n            <\/a>\n            <\/div>","protected":false},"featured_media":45501,"template":"","meta":{"kia_subtitle":""},"product_brand":[],"product_cat":[2620],"product_tag":[],"class_list":{"0":"post-45419","1":"product","2":"type-product","3":"status-publish","4":"has-post-thumbnail","6":"product_cat-intervenciones-arqueologicas","8":"first","9":"instock","10":"virtual","11":"product-type-simple"},"meta_box":{"ia_expediente":"","ia_ano":"","ia_fechas_de_actuacion":"","ia_municipios_comarcas":"","ia_directores":"","ia_periodos_culturales":"","ia_tipos_de_intervencion":"","ia_equipo_tecnico":"","ia_autores":"","ia_promotores":"","ia_deposito_de_materiales":"","ia_coordenadas_utm":""},"_links":{"self":[{"href":"https:\/\/marqalicante-admin.qwair.com\/va\/wp-json\/wp\/v2\/product\/45419","targetHints":{"allow":["GET"]}}],"collection":[{"href":"https:\/\/marqalicante-admin.qwair.com\/va\/wp-json\/wp\/v2\/product"}],"about":[{"href":"https:\/\/marqalicante-admin.qwair.com\/va\/wp-json\/wp\/v2\/types\/product"}],"wp:featuredmedia":[{"embeddable":true,"href":"https:\/\/marqalicante-admin.qwair.com\/va\/wp-json\/wp\/v2\/media\/45501"}],"wp:attachment":[{"href":"https:\/\/marqalicante-admin.qwair.com\/va\/wp-json\/wp\/v2\/media?parent=45419"}],"wp:term":[{"taxonomy":"product_brand","embeddable":true,"href":"https:\/\/marqalicante-admin.qwair.com\/va\/wp-json\/wp\/v2\/product_brand?post=45419"},{"taxonomy":"product_cat","embeddable":true,"href":"https:\/\/marqalicante-admin.qwair.com\/va\/wp-json\/wp\/v2\/product_cat?post=45419"},{"taxonomy":"product_tag","embeddable":true,"href":"https:\/\/marqalicante-admin.qwair.com\/va\/wp-json\/wp\/v2\/product_tag?post=45419"}],"curies":[{"name":"wp","href":"https:\/\/api.w.org\/{rel}","templated":true}]}}