{"id":45417,"date":"2025-04-04T06:25:41","date_gmt":"2025-04-04T06:25:41","guid":{"rendered":"https:\/\/marqalicante-admin.qwair.com\/producto\/camping-en-la-partida-de-lalmissera\/"},"modified":"2025-04-07T08:06:59","modified_gmt":"2025-04-07T08:06:59","slug":"camping-en-la-partida-de-lalmissera","status":"publish","type":"product","link":"https:\/\/marqalicante-admin.qwair.com\/va\/producte\/camping-en-la-partida-de-lalmissera\/","title":{"rendered":"C\u00e0mping a la partida de l&#039;Almisser\u00e0"},"content":{"rendered":"","protected":false},"excerpt":{"rendered":"<p><b>Expedient: <\/b><\/p>\n<p>2011\/0046-A (SS.TT. A-2011-019)<\/p>\n<p><b>Any: <\/b><\/p>\n<p>2011<\/p>\n<p><b>Dates dactuaci\u00f3: <\/b><\/p>\n<p>31-05-2011 a 02-06-2011<\/p>\n<p><b>Municipis (Comarques): <\/b><\/p>\n<p>VILLAJOYOSA \/ VILA JOIOSA, LA<\/p>\n<p><b>Directors:<\/b><\/p>\n<p>Mart\u00ednez S\u00e1nchez, Ana M\u00aa<\/p>\n<p><b>Per\u00edodes culturals: <\/b><\/p>\n<p>Contempor\u00e1neo&#44; Ib\u00e9rico&#44; Romano<\/p>\n<p><b>Tipus d&#039;intervenci\u00f3:<\/b><\/p>\n<p>Prospecci\u00f3 arqueol\u00f2gica i etnol\u00f2gica<\/p>\n<p><b>Equip T\u00e8cnic: <\/b><\/p>\n<p>\u2013<\/p>\n<p><b>Autors :<\/b><\/p>\n<p>Ana M\u00aa Mart\u00ednez S\u00e1nchez<\/p>\n<p><b>Promotors: <\/b><\/p>\n<p>PROMOVILTUR&#44; S.L.<\/p>\n<p><b>Dip\u00f2sit de materials: <\/b><\/p>\n<p>No es va recuperar material arqueol\u00f2gic<\/p>\n<p><b>Coordenades UTM: <\/b><\/p>\n<p>X 744152 \u2013 Y 4268746<\/p>\n<p><b>Document PDF: <\/b><\/p>\n    \n    <div class=\"documento-item\">\n                    <h2 class=\"documento-title\">Descarregar aqu\u00ed<\/h2>\n        \n        \n                    <a href=\"https:\/\/marqalicante.com\/contenido\/int_arqueologicas\/doc_184.pdf\" class=\"documento-btn\">\n                <i class=\"fas fa-file-pdf\"><\/i> Descarregar PDF\n            <\/a>\n            <\/div>","protected":false},"featured_media":45501,"template":"","meta":{"kia_subtitle":""},"product_brand":[],"product_cat":[2620],"product_tag":[],"class_list":{"0":"post-45417","1":"product","2":"type-product","3":"status-publish","4":"has-post-thumbnail","6":"product_cat-intervenciones-arqueologicas","8":"first","9":"instock","10":"virtual","11":"product-type-simple"},"meta_box":{"ia_expediente":"","ia_ano":"","ia_fechas_de_actuacion":"","ia_municipios_comarcas":"","ia_directores":"","ia_periodos_culturales":"","ia_tipos_de_intervencion":"","ia_equipo_tecnico":"","ia_autores":"","ia_promotores":"","ia_deposito_de_materiales":"","ia_coordenadas_utm":""},"_links":{"self":[{"href":"https:\/\/marqalicante-admin.qwair.com\/va\/wp-json\/wp\/v2\/product\/45417","targetHints":{"allow":["GET"]}}],"collection":[{"href":"https:\/\/marqalicante-admin.qwair.com\/va\/wp-json\/wp\/v2\/product"}],"about":[{"href":"https:\/\/marqalicante-admin.qwair.com\/va\/wp-json\/wp\/v2\/types\/product"}],"wp:featuredmedia":[{"embeddable":true,"href":"https:\/\/marqalicante-admin.qwair.com\/va\/wp-json\/wp\/v2\/media\/45501"}],"wp:attachment":[{"href":"https:\/\/marqalicante-admin.qwair.com\/va\/wp-json\/wp\/v2\/media?parent=45417"}],"wp:term":[{"taxonomy":"product_brand","embeddable":true,"href":"https:\/\/marqalicante-admin.qwair.com\/va\/wp-json\/wp\/v2\/product_brand?post=45417"},{"taxonomy":"product_cat","embeddable":true,"href":"https:\/\/marqalicante-admin.qwair.com\/va\/wp-json\/wp\/v2\/product_cat?post=45417"},{"taxonomy":"product_tag","embeddable":true,"href":"https:\/\/marqalicante-admin.qwair.com\/va\/wp-json\/wp\/v2\/product_tag?post=45417"}],"curies":[{"name":"wp","href":"https:\/\/api.w.org\/{rel}","templated":true}]}}