{"id":45393,"date":"2025-04-04T06:25:29","date_gmt":"2025-04-04T06:25:29","guid":{"rendered":"https:\/\/marqalicante-admin.qwair.com\/producto\/linea-electrica-subterranea-de-mt-20-kv-de-acometida-exterior-a-la-urbanizacion-del-sector-mr-9-en-la-marina\/"},"modified":"2025-04-07T08:06:53","modified_gmt":"2025-04-07T08:06:53","slug":"linea-electrica-subterranea-de-mt-20-kv-de-acometida-exterior-a-la-urbanizacion-del-sector-mr-9-en-la-marina","status":"publish","type":"product","link":"https:\/\/marqalicante-admin.qwair.com\/va\/producte\/linea-electrica-subterranea-de-mt-20-kv-de-acometida-exterior-a-la-urbanizacion-del-sector-mr-9-en-la-marina\/","title":{"rendered":"L\u00ednea el\u00e9ctrica subterr\u00e1nea de MT&#44; 20 kV&#44; de acometida exterior a la urbanizaci\u00f3n del sector MR-9&#44; en la Marina"},"content":{"rendered":"","protected":false},"excerpt":{"rendered":"<p><b>Expedient: <\/b><\/p>\n<p>2010\/0987-A<\/p>\n<p><b>Any: <\/b><\/p>\n<p>2010<\/p>\n<p><b>Dates dactuaci\u00f3: <\/b><\/p>\n<p><b>Municipis (Comarques): <\/b><\/p>\n<p>ELX \/ ELX<\/p>\n<p><b>Directors:<\/b><\/p>\n<p>Berenguer Gonz\u00e1lez, Ra\u00fal, Tordera Guarinos, Francisco F.<\/p>\n<p><b>Per\u00edodes culturals: <\/b><\/p>\n<p><b>Tipus d&#039;intervenci\u00f3:<\/b><\/p>\n<p><b>Equip T\u00e8cnic: <\/b><\/p>\n<p><b>Autors :<\/b><\/p>\n<p><b>Promotors: <\/b><\/p>\n<p><b>Dip\u00f2sit de materials: <\/b><\/p>\n<p><b>Coordenades UTM: <\/b><\/p>\n<p><b>Document PDF: <\/b><\/p>","protected":false},"featured_media":45501,"template":"","meta":{"kia_subtitle":""},"product_brand":[],"product_cat":[2620],"product_tag":[],"class_list":{"0":"post-45393","1":"product","2":"type-product","3":"status-publish","4":"has-post-thumbnail","6":"product_cat-intervenciones-arqueologicas","8":"first","9":"instock","10":"virtual","11":"product-type-simple"},"meta_box":{"ia_expediente":"","ia_ano":"","ia_fechas_de_actuacion":"","ia_municipios_comarcas":"","ia_directores":"","ia_periodos_culturales":"","ia_tipos_de_intervencion":"","ia_equipo_tecnico":"","ia_autores":"","ia_promotores":"","ia_deposito_de_materiales":"","ia_coordenadas_utm":""},"_links":{"self":[{"href":"https:\/\/marqalicante-admin.qwair.com\/va\/wp-json\/wp\/v2\/product\/45393","targetHints":{"allow":["GET"]}}],"collection":[{"href":"https:\/\/marqalicante-admin.qwair.com\/va\/wp-json\/wp\/v2\/product"}],"about":[{"href":"https:\/\/marqalicante-admin.qwair.com\/va\/wp-json\/wp\/v2\/types\/product"}],"wp:featuredmedia":[{"embeddable":true,"href":"https:\/\/marqalicante-admin.qwair.com\/va\/wp-json\/wp\/v2\/media\/45501"}],"wp:attachment":[{"href":"https:\/\/marqalicante-admin.qwair.com\/va\/wp-json\/wp\/v2\/media?parent=45393"}],"wp:term":[{"taxonomy":"product_brand","embeddable":true,"href":"https:\/\/marqalicante-admin.qwair.com\/va\/wp-json\/wp\/v2\/product_brand?post=45393"},{"taxonomy":"product_cat","embeddable":true,"href":"https:\/\/marqalicante-admin.qwair.com\/va\/wp-json\/wp\/v2\/product_cat?post=45393"},{"taxonomy":"product_tag","embeddable":true,"href":"https:\/\/marqalicante-admin.qwair.com\/va\/wp-json\/wp\/v2\/product_tag?post=45393"}],"curies":[{"name":"wp","href":"https:\/\/api.w.org\/{rel}","templated":true}]}}