{"id":45379,"date":"2025-04-04T06:25:21","date_gmt":"2025-04-04T06:25:21","guid":{"rendered":"https:\/\/marqalicante-admin.qwair.com\/producto\/planta-de-trituracion-de-aridos-y-fabricacion-de-hormigon-suelo-cemento-y-aglomerado-poligono-74-parcela-36-los-alhorines\/"},"modified":"2025-04-07T08:06:48","modified_gmt":"2025-04-07T08:06:48","slug":"planta-de-trituracion-de-aridos-y-fabricacion-de-hormigon-suelo-cemento-y-aglomerado-poligono-74-parcela-36-los-alhorines","status":"publish","type":"product","link":"https:\/\/marqalicante-admin.qwair.com\/va\/producte\/planta-de-trituracion-de-aridos-y-fabricacion-de-hormigon-suelo-cemento-y-aglomerado-poligono-74-parcela-36-los-alhorines\/","title":{"rendered":"Planta de trituraci\u00f3 d&#039;\u00e0rids i fabricaci\u00f3 de formig\u00f3, terra ciment i aglomerat. Pol\u00edgon 74, parcel\u00b7la 36. Los Alhorines"},"content":{"rendered":"","protected":false},"excerpt":{"rendered":"<p><b>Expedient: <\/b><\/p>\n<p>2010\/0864-A<\/p>\n<p><b>Any: <\/b><\/p>\n<p>2010<\/p>\n<p><b>Dates dactuaci\u00f3: <\/b><\/p>\n<p><b>Municipis (Comarques): <\/b><\/p>\n<p>VILLENA<\/p>\n<p><b>Directors:<\/b><\/p>\n<p>Grande Tur\u00e9gano&#44; Fernando<\/p>\n<p><b>Per\u00edodes culturals: <\/b><\/p>\n<p><b>Tipus d&#039;intervenci\u00f3:<\/b><\/p>\n<p><b>Equip T\u00e8cnic: <\/b><\/p>\n<p><b>Autors :<\/b><\/p>\n<p><b>Promotors: <\/b><\/p>\n<p><b>Dip\u00f2sit de materials: <\/b><\/p>\n<p><b>Coordenades UTM: <\/b><\/p>\n<p><b>Document PDF: <\/b><\/p>","protected":false},"featured_media":45501,"template":"","meta":{"kia_subtitle":""},"product_brand":[],"product_cat":[2620],"product_tag":[],"class_list":{"0":"post-45379","1":"product","2":"type-product","3":"status-publish","4":"has-post-thumbnail","6":"product_cat-intervenciones-arqueologicas","8":"first","9":"instock","10":"virtual","11":"product-type-simple"},"meta_box":{"ia_expediente":"","ia_ano":"","ia_fechas_de_actuacion":"","ia_municipios_comarcas":"","ia_directores":"","ia_periodos_culturales":"","ia_tipos_de_intervencion":"","ia_equipo_tecnico":"","ia_autores":"","ia_promotores":"","ia_deposito_de_materiales":"","ia_coordenadas_utm":""},"_links":{"self":[{"href":"https:\/\/marqalicante-admin.qwair.com\/va\/wp-json\/wp\/v2\/product\/45379","targetHints":{"allow":["GET"]}}],"collection":[{"href":"https:\/\/marqalicante-admin.qwair.com\/va\/wp-json\/wp\/v2\/product"}],"about":[{"href":"https:\/\/marqalicante-admin.qwair.com\/va\/wp-json\/wp\/v2\/types\/product"}],"wp:featuredmedia":[{"embeddable":true,"href":"https:\/\/marqalicante-admin.qwair.com\/va\/wp-json\/wp\/v2\/media\/45501"}],"wp:attachment":[{"href":"https:\/\/marqalicante-admin.qwair.com\/va\/wp-json\/wp\/v2\/media?parent=45379"}],"wp:term":[{"taxonomy":"product_brand","embeddable":true,"href":"https:\/\/marqalicante-admin.qwair.com\/va\/wp-json\/wp\/v2\/product_brand?post=45379"},{"taxonomy":"product_cat","embeddable":true,"href":"https:\/\/marqalicante-admin.qwair.com\/va\/wp-json\/wp\/v2\/product_cat?post=45379"},{"taxonomy":"product_tag","embeddable":true,"href":"https:\/\/marqalicante-admin.qwair.com\/va\/wp-json\/wp\/v2\/product_tag?post=45379"}],"curies":[{"name":"wp","href":"https:\/\/api.w.org\/{rel}","templated":true}]}}