{"id":45378,"date":"2025-04-04T06:25:21","date_gmt":"2025-04-04T06:25:21","guid":{"rendered":"https:\/\/marqalicante-admin.qwair.com\/producto\/finca-lo-boligni\/"},"modified":"2025-04-07T08:06:48","modified_gmt":"2025-04-07T08:06:48","slug":"finca-lo-boligni","status":"publish","type":"product","link":"https:\/\/marqalicante-admin.qwair.com\/va\/producte\/finca-lo-boligni\/","title":{"rendered":"Finca Lo Boligni"},"content":{"rendered":"","protected":false},"excerpt":{"rendered":"<p><b>Expedient: <\/b><\/p>\n<p>2010\/0861-A (SS.TT. A-2010-360)<\/p>\n<p><b>Any: <\/b><\/p>\n<p>2010<\/p>\n<p><b>Dates dactuaci\u00f3: <\/b><\/p>\n<p>06-12-2010 a 24-12-2010<\/p>\n<p><b>Municipis (Comarques): <\/b><\/p>\n<p>ALACANT \/ ALACANT<\/p>\n<p><b>Directors:<\/b><\/p>\n<p>L\u00f3pez Lillo&#44; Jordi A.&#44; Moratalla J\u00e1vega&#44; Jes\u00fas<\/p>\n<p><b>Per\u00edodes culturals: <\/b><\/p>\n<p>Contemporani<\/p>\n<p><b>Tipus d&#039;intervenci\u00f3:<\/b><\/p>\n<p>Excavaci\u00f3 arqueol\u00f2gica<\/p>\n<p><b>Equip T\u00e8cnic: <\/b><\/p>\n<p>Ana M\u00aa Charquero Ballester&#44; Romualdo Seva Rom\u00e1n&#44; D\u00e9bora M. Kiss&#44; Nuria Colomina Monz\u00f3 y Francisco Forner Cayuelas\n<\/p>\n<p><b>Autors :<\/b><\/p>\n<p>Jordi A. L\u00f3pez Lillo<\/p>\n<p><b>Promotors: <\/b><\/p>\n<p>Institut Alacant\u00ed de Cultura Juan Gil-Albert<\/p>\n<p><b>Dip\u00f2sit de materials: <\/b><\/p>\n<p>Museu Arqueol\u00f2gic d&#039;Alacant (MARQ)<\/p>\n<p><b>Coordenades UTM: <\/b><\/p>\n<p>X 708706 \u2013 Y 4250032<\/p>\n<p><b>Document PDF: <\/b><\/p>\n    \n    <div class=\"documento-item\">\n                    <h2 class=\"documento-title\">Descarregar aqu\u00ed<\/h2>\n        \n        \n                    <a href=\"https:\/\/marqalicante.com\/contenido\/int_arqueologicas\/doc_144.pdf\" class=\"documento-btn\">\n                <i class=\"fas fa-file-pdf\"><\/i> Descarregar PDF\n            <\/a>\n            <\/div>","protected":false},"featured_media":45501,"template":"","meta":{"kia_subtitle":""},"product_brand":[],"product_cat":[2620],"product_tag":[],"class_list":{"0":"post-45378","1":"product","2":"type-product","3":"status-publish","4":"has-post-thumbnail","6":"product_cat-intervenciones-arqueologicas","8":"first","9":"instock","10":"virtual","11":"product-type-simple"},"meta_box":{"ia_expediente":"","ia_ano":"","ia_fechas_de_actuacion":"","ia_municipios_comarcas":"","ia_directores":"","ia_periodos_culturales":"","ia_tipos_de_intervencion":"","ia_equipo_tecnico":"","ia_autores":"","ia_promotores":"","ia_deposito_de_materiales":"","ia_coordenadas_utm":""},"_links":{"self":[{"href":"https:\/\/marqalicante-admin.qwair.com\/va\/wp-json\/wp\/v2\/product\/45378","targetHints":{"allow":["GET"]}}],"collection":[{"href":"https:\/\/marqalicante-admin.qwair.com\/va\/wp-json\/wp\/v2\/product"}],"about":[{"href":"https:\/\/marqalicante-admin.qwair.com\/va\/wp-json\/wp\/v2\/types\/product"}],"wp:featuredmedia":[{"embeddable":true,"href":"https:\/\/marqalicante-admin.qwair.com\/va\/wp-json\/wp\/v2\/media\/45501"}],"wp:attachment":[{"href":"https:\/\/marqalicante-admin.qwair.com\/va\/wp-json\/wp\/v2\/media?parent=45378"}],"wp:term":[{"taxonomy":"product_brand","embeddable":true,"href":"https:\/\/marqalicante-admin.qwair.com\/va\/wp-json\/wp\/v2\/product_brand?post=45378"},{"taxonomy":"product_cat","embeddable":true,"href":"https:\/\/marqalicante-admin.qwair.com\/va\/wp-json\/wp\/v2\/product_cat?post=45378"},{"taxonomy":"product_tag","embeddable":true,"href":"https:\/\/marqalicante-admin.qwair.com\/va\/wp-json\/wp\/v2\/product_tag?post=45378"}],"curies":[{"name":"wp","href":"https:\/\/api.w.org\/{rel}","templated":true}]}}