{"id":45372,"date":"2025-04-04T06:25:17","date_gmt":"2025-04-04T06:25:17","guid":{"rendered":"https:\/\/marqalicante-admin.qwair.com\/producto\/mercadillo-el-olivo-poligono-6-parcelas-2-3-y-7\/"},"modified":"2025-04-07T08:06:46","modified_gmt":"2025-04-07T08:06:46","slug":"mercadillo-el-olivo-poligono-6-parcelas-2-3-y-7","status":"publish","type":"product","link":"https:\/\/marqalicante-admin.qwair.com\/va\/producte\/mercadillo-el-olivo-poligono-6-parcelas-2-3-y-7\/","title":{"rendered":"Mercat El Olivo, pol\u00edgon 6, parcel\u00b7les 2, 3 i 7"},"content":{"rendered":"","protected":false},"excerpt":{"rendered":"<p><b>Expedient: <\/b><\/p>\n<p>2010\/0775-A<\/p>\n<p><b>Any: <\/b><\/p>\n<p>2010<\/p>\n<p><b>Dates dactuaci\u00f3: <\/b><\/p>\n<p>25-10-2010 a 26-10-2010<\/p>\n<p><b>Municipis (Comarques): <\/b><\/p>\n<p>CATRAL<\/p>\n<p><b>Directors:<\/b><\/p>\n<p>Lara Vives&#44; Gabriel&#44; L\u00f3pez Segu\u00ed&#44; Eduardo<\/p>\n<p><b>Per\u00edodes culturals: <\/b><\/p>\n<p>Negatiu<\/p>\n<p><b>Tipus d&#039;intervenci\u00f3:<\/b><\/p>\n<p>Prospecci\u00f3 arqueol\u00f2gica i etnol\u00f2gica<\/p>\n<p><b>Equip T\u00e8cnic: <\/b><\/p>\n<p>Palmira Torregrosa Gim\u00e9nez (arque\u00f3loga) y Jos\u00e9 Vicente Carpio Dom\u00ednguez (dibujante)<\/p>\n<p><b>Autors :<\/b><\/p>\n<p>Eduardo L\u00f3pez Segu\u00ed (ALEBUS Patrimoni Hist\u00f2ric, SL)<\/p>\n<p><b>Promotors: <\/b><\/p>\n<p>Amal Errayhany Bouazza<\/p>\n<p><b>Dip\u00f2sit de materials: <\/b><\/p>\n<p>No es va recuperar material arqueol\u00f2gic<\/p>\n<p><b>Coordenades UTM: <\/b><\/p>\n<p>X 693506 \u2013 Y 4225360<\/p>\n<p><b>Document PDF: <\/b><\/p>\n    \n    <div class=\"documento-item\">\n                    <h2 class=\"documento-title\">Descarregar aqu\u00ed<\/h2>\n        \n        \n                    <a href=\"https:\/\/marqalicante.com\/contenido\/int_arqueologicas\/doc_138.pdf\" class=\"documento-btn\">\n                <i class=\"fas fa-file-pdf\"><\/i> Descarregar PDF\n            <\/a>\n            <\/div>","protected":false},"featured_media":45501,"template":"","meta":{"kia_subtitle":""},"product_brand":[],"product_cat":[2620],"product_tag":[],"class_list":{"0":"post-45372","1":"product","2":"type-product","3":"status-publish","4":"has-post-thumbnail","6":"product_cat-intervenciones-arqueologicas","8":"first","9":"instock","10":"virtual","11":"product-type-simple"},"meta_box":{"ia_expediente":"","ia_ano":"","ia_fechas_de_actuacion":"","ia_municipios_comarcas":"","ia_directores":"","ia_periodos_culturales":"","ia_tipos_de_intervencion":"","ia_equipo_tecnico":"","ia_autores":"","ia_promotores":"","ia_deposito_de_materiales":"","ia_coordenadas_utm":""},"_links":{"self":[{"href":"https:\/\/marqalicante-admin.qwair.com\/va\/wp-json\/wp\/v2\/product\/45372","targetHints":{"allow":["GET"]}}],"collection":[{"href":"https:\/\/marqalicante-admin.qwair.com\/va\/wp-json\/wp\/v2\/product"}],"about":[{"href":"https:\/\/marqalicante-admin.qwair.com\/va\/wp-json\/wp\/v2\/types\/product"}],"wp:featuredmedia":[{"embeddable":true,"href":"https:\/\/marqalicante-admin.qwair.com\/va\/wp-json\/wp\/v2\/media\/45501"}],"wp:attachment":[{"href":"https:\/\/marqalicante-admin.qwair.com\/va\/wp-json\/wp\/v2\/media?parent=45372"}],"wp:term":[{"taxonomy":"product_brand","embeddable":true,"href":"https:\/\/marqalicante-admin.qwair.com\/va\/wp-json\/wp\/v2\/product_brand?post=45372"},{"taxonomy":"product_cat","embeddable":true,"href":"https:\/\/marqalicante-admin.qwair.com\/va\/wp-json\/wp\/v2\/product_cat?post=45372"},{"taxonomy":"product_tag","embeddable":true,"href":"https:\/\/marqalicante-admin.qwair.com\/va\/wp-json\/wp\/v2\/product_tag?post=45372"}],"curies":[{"name":"wp","href":"https:\/\/api.w.org\/{rel}","templated":true}]}}