{"id":45348,"date":"2025-04-04T06:25:04","date_gmt":"2025-04-04T06:25:04","guid":{"rendered":"https:\/\/marqalicante-admin.qwair.com\/producto\/c-ramon-y-cajal\/"},"modified":"2025-04-07T08:06:38","modified_gmt":"2025-04-07T08:06:38","slug":"c-ramon-y-cajal","status":"publish","type":"product","link":"https:\/\/marqalicante-admin.qwair.com\/va\/producte\/c-ramon-y-cajal\/","title":{"rendered":"C\/ Ramon i Cajal"},"content":{"rendered":"","protected":false},"excerpt":{"rendered":"<p><b>Expedient: <\/b><\/p>\n<p>2010\/0555-A<\/p>\n<p><b>Any: <\/b><\/p>\n<p>2010<\/p>\n<p><b>Dates dactuaci\u00f3: <\/b><\/p>\n<p>04-11-2010 a 26-11-2010<\/p>\n<p><b>Municipis (Comarques): <\/b><\/p>\n<p>VILLENA<\/p>\n<p><b>Directors:<\/b><\/p>\n<p>Hern\u00e1ndez Alcaraz, Laura, P\u00e9rez Amor\u00f3s, Llum<\/p>\n<p><b>Per\u00edodes culturals: <\/b><\/p>\n<p>Baix Medieval, Contemporani<\/p>\n<p><b>Tipus d&#039;intervenci\u00f3:<\/b><\/p>\n<p>Excavaci\u00f3 arqueol\u00f2gica, Seguiment arqueol\u00f2gic<\/p>\n<p><b>Equip T\u00e8cnic: <\/b><\/p>\n<p>\u2013<\/p>\n<p><b>Autors :<\/b><\/p>\n<p>Luz P\u00e9rez Amor\u00f3s<\/p>\n<p><b>Promotors: <\/b><\/p>\n<p>Museu Arqueol\u00f2gic Municipal Jos\u00e9 Mar\u00eda Soler. Ajuntament de Villena<\/p>\n<p><b>Dip\u00f2sit de materials: <\/b><\/p>\n<p>Museu Arqueol\u00f2gic Municipal Jos\u00e9 Mar\u00eda Soler de Villena<\/p>\n<p><b>Coordenades UTM: <\/b><\/p>\n<p>X 685915 \u2013 Y 4278128<\/p>\n<p><b>Document PDF: <\/b><\/p>\n    \n    <div class=\"documento-item\">\n                    <h2 class=\"documento-title\">Descarregar aqu\u00ed<\/h2>\n        \n        \n                    <a href=\"https:\/\/marqalicante.com\/contenido\/int_arqueologicas\/doc_114.pdf\" class=\"documento-btn\">\n                <i class=\"fas fa-file-pdf\"><\/i> Descarregar PDF\n            <\/a>\n            <\/div>","protected":false},"featured_media":45501,"template":"","meta":{"kia_subtitle":""},"product_brand":[],"product_cat":[2620],"product_tag":[],"class_list":{"0":"post-45348","1":"product","2":"type-product","3":"status-publish","4":"has-post-thumbnail","6":"product_cat-intervenciones-arqueologicas","8":"first","9":"instock","10":"virtual","11":"product-type-simple"},"meta_box":{"ia_expediente":"","ia_ano":"","ia_fechas_de_actuacion":"","ia_municipios_comarcas":"","ia_directores":"","ia_periodos_culturales":"","ia_tipos_de_intervencion":"","ia_equipo_tecnico":"","ia_autores":"","ia_promotores":"","ia_deposito_de_materiales":"","ia_coordenadas_utm":""},"_links":{"self":[{"href":"https:\/\/marqalicante-admin.qwair.com\/va\/wp-json\/wp\/v2\/product\/45348","targetHints":{"allow":["GET"]}}],"collection":[{"href":"https:\/\/marqalicante-admin.qwair.com\/va\/wp-json\/wp\/v2\/product"}],"about":[{"href":"https:\/\/marqalicante-admin.qwair.com\/va\/wp-json\/wp\/v2\/types\/product"}],"wp:featuredmedia":[{"embeddable":true,"href":"https:\/\/marqalicante-admin.qwair.com\/va\/wp-json\/wp\/v2\/media\/45501"}],"wp:attachment":[{"href":"https:\/\/marqalicante-admin.qwair.com\/va\/wp-json\/wp\/v2\/media?parent=45348"}],"wp:term":[{"taxonomy":"product_brand","embeddable":true,"href":"https:\/\/marqalicante-admin.qwair.com\/va\/wp-json\/wp\/v2\/product_brand?post=45348"},{"taxonomy":"product_cat","embeddable":true,"href":"https:\/\/marqalicante-admin.qwair.com\/va\/wp-json\/wp\/v2\/product_cat?post=45348"},{"taxonomy":"product_tag","embeddable":true,"href":"https:\/\/marqalicante-admin.qwair.com\/va\/wp-json\/wp\/v2\/product_tag?post=45348"}],"curies":[{"name":"wp","href":"https:\/\/api.w.org\/{rel}","templated":true}]}}