{"id":45347,"date":"2025-04-04T06:25:04","date_gmt":"2025-04-04T06:25:04","guid":{"rendered":"https:\/\/marqalicante-admin.qwair.com\/producto\/santuario-de-santa-maria-magdalena-organo-en-la-fachada-interior\/"},"modified":"2025-04-07T08:06:38","modified_gmt":"2025-04-07T08:06:38","slug":"santuario-de-santa-maria-magdalena-organo-en-la-fachada-interior","status":"publish","type":"product","link":"https:\/\/marqalicante-admin.qwair.com\/va\/producte\/santuario-de-santa-maria-magdalena-organo-en-la-fachada-interior\/","title":{"rendered":"Santuari de Santa Maria Magdalena. \u00d2rgan a la fa\u00e7ana interior"},"content":{"rendered":"","protected":false},"excerpt":{"rendered":"<p><b>Expedient: <\/b><\/p>\n<p>2010\/0549-A<\/p>\n<p><b>Any: <\/b><\/p>\n<p>2010<\/p>\n<p><b>Dates dactuaci\u00f3: <\/b><\/p>\n<p>27-09-2010 a 06-10-2010<\/p>\n<p><b>Municipis (Comarques): <\/b><\/p>\n<p>NOVELDA<\/p>\n<p><b>Directors:<\/b><\/p>\n<p>Andr\u00e9s D\u00edaz, Daniel, Navarro Poveda, Concepci\u00f3<\/p>\n<p><b>Per\u00edodes culturals: <\/b><\/p>\n<p>Contemporani<\/p>\n<p><b>Tipus d&#039;intervenci\u00f3:<\/b><\/p>\n<p>Excavaci\u00f3 arqueol\u00f2gica, Seguiment arqueol\u00f2gic<\/p>\n<p><b>Equip T\u00e8cnic: <\/b><\/p>\n<p>\u2013<\/p>\n<p><b>Autors :<\/b><\/p>\n<p>Concepci\u00f3 Navarro Poveda i Daniel Andr\u00e9s D\u00edaz<\/p>\n<p><b>Promotors: <\/b><\/p>\n<p>Excm. Ajuntament de Novelda<\/p>\n<p><b>Dip\u00f2sit de materials: <\/b><\/p>\n<p>Museu Historicoart\u00edstic de Novelda<\/p>\n<p><b>Coordenades UTM: <\/b><\/p>\n<p>X 692778 \u2013 I 4253403<\/p>\n<p><b>Document PDF: <\/b><\/p>\n    \n    <div class=\"documento-item\">\n                    <h2 class=\"documento-title\">Descarregar aqu\u00ed<\/h2>\n        \n        \n                    <a href=\"https:\/\/marqalicante.com\/contenido\/int_arqueologicas\/doc_113.pdf\" class=\"documento-btn\">\n                <i class=\"fas fa-file-pdf\"><\/i> Descarregar PDF\n            <\/a>\n            <\/div>","protected":false},"featured_media":45501,"template":"","meta":{"kia_subtitle":""},"product_brand":[],"product_cat":[2620],"product_tag":[],"class_list":{"0":"post-45347","1":"product","2":"type-product","3":"status-publish","4":"has-post-thumbnail","6":"product_cat-intervenciones-arqueologicas","8":"first","9":"instock","10":"virtual","11":"product-type-simple"},"meta_box":{"ia_expediente":"","ia_ano":"","ia_fechas_de_actuacion":"","ia_municipios_comarcas":"","ia_directores":"","ia_periodos_culturales":"","ia_tipos_de_intervencion":"","ia_equipo_tecnico":"","ia_autores":"","ia_promotores":"","ia_deposito_de_materiales":"","ia_coordenadas_utm":""},"_links":{"self":[{"href":"https:\/\/marqalicante-admin.qwair.com\/va\/wp-json\/wp\/v2\/product\/45347","targetHints":{"allow":["GET"]}}],"collection":[{"href":"https:\/\/marqalicante-admin.qwair.com\/va\/wp-json\/wp\/v2\/product"}],"about":[{"href":"https:\/\/marqalicante-admin.qwair.com\/va\/wp-json\/wp\/v2\/types\/product"}],"wp:featuredmedia":[{"embeddable":true,"href":"https:\/\/marqalicante-admin.qwair.com\/va\/wp-json\/wp\/v2\/media\/45501"}],"wp:attachment":[{"href":"https:\/\/marqalicante-admin.qwair.com\/va\/wp-json\/wp\/v2\/media?parent=45347"}],"wp:term":[{"taxonomy":"product_brand","embeddable":true,"href":"https:\/\/marqalicante-admin.qwair.com\/va\/wp-json\/wp\/v2\/product_brand?post=45347"},{"taxonomy":"product_cat","embeddable":true,"href":"https:\/\/marqalicante-admin.qwair.com\/va\/wp-json\/wp\/v2\/product_cat?post=45347"},{"taxonomy":"product_tag","embeddable":true,"href":"https:\/\/marqalicante-admin.qwair.com\/va\/wp-json\/wp\/v2\/product_tag?post=45347"}],"curies":[{"name":"wp","href":"https:\/\/api.w.org\/{rel}","templated":true}]}}