{"id":45331,"date":"2025-04-04T06:24:56","date_gmt":"2025-04-04T06:24:56","guid":{"rendered":"https:\/\/marqalicante-admin.qwair.com\/producto\/el-puig-sector-corona\/"},"modified":"2025-04-07T08:06:32","modified_gmt":"2025-04-07T08:06:32","slug":"el-puig-sector-corona","status":"publish","type":"product","link":"https:\/\/marqalicante-admin.qwair.com\/va\/producte\/el-puig-sector-corona\/","title":{"rendered":"El Puig. Sector Corona"},"content":{"rendered":"","protected":false},"excerpt":{"rendered":"<p><b>Expedient: <\/b><\/p>\n<p>2010\/0462-A<\/p>\n<p><b>Any: <\/b><\/p>\n<p>2010<\/p>\n<p><b>Dates dactuaci\u00f3: <\/b><\/p>\n<p>28-06-2010 a 26-07-2010<\/p>\n<p><b>Municipis (Comarques): <\/b><\/p>\n<p>ALCOI \/ ALCOI<\/p>\n<p><b>Directors:<\/b><\/p>\n<p>Grau Mira&#44; Ignasi&#44; Segura Mart\u00ed&#44; Josep M\u00aa<\/p>\n<p><b>Per\u00edodes culturals: <\/b><\/p>\n<p>Ib\u00e9rico&#44; Orientalizante<\/p>\n<p><b>Tipus d&#039;intervenci\u00f3:<\/b><\/p>\n<p>Excavaci\u00f3 arqueol\u00f2gica<\/p>\n<p><b>Equip T\u00e8cnic: <\/b><\/p>\n<p>Josep H. Mir\u00f3 Segura&#44; Emilio Cortell P\u00e9rez e Ignasi Segura Mart\u00ednez<\/p>\n<p><b>Autors :<\/b><\/p>\n<p>Ignasi Grau Mira y Josep M\u00aa Segura Mart\u00ed<\/p>\n<p><b>Promotors: <\/b><\/p>\n<p>Excm. Ajuntament d\u2019Alcoi<\/p>\n<p><b>Dip\u00f2sit de materials: <\/b><\/p>\n<p>Museu Arqueol\u00f2gic Municipal Camil Visedo Molt\u00f3 d&#039;Alcoi<\/p>\n<p><b>Coordenades UTM: <\/b><\/p>\n<p>X 721234 \u2013 Y 4282696<\/p>\n<p><b>Document PDF: <\/b><\/p>\n    \n    <div class=\"documento-item\">\n                    <h2 class=\"documento-title\">Descarregar aqu\u00ed<\/h2>\n        \n        \n                    <a href=\"https:\/\/marqalicante.com\/contenido\/int_arqueologicas\/doc_97.pdf\" class=\"documento-btn\">\n                <i class=\"fas fa-file-pdf\"><\/i> Descarregar PDF\n            <\/a>\n            <\/div>","protected":false},"featured_media":45501,"template":"","meta":{"kia_subtitle":""},"product_brand":[],"product_cat":[2620],"product_tag":[],"class_list":{"0":"post-45331","1":"product","2":"type-product","3":"status-publish","4":"has-post-thumbnail","6":"product_cat-intervenciones-arqueologicas","8":"first","9":"instock","10":"virtual","11":"product-type-simple"},"meta_box":{"ia_expediente":"","ia_ano":"","ia_fechas_de_actuacion":"","ia_municipios_comarcas":"","ia_directores":"","ia_periodos_culturales":"","ia_tipos_de_intervencion":"","ia_equipo_tecnico":"","ia_autores":"","ia_promotores":"","ia_deposito_de_materiales":"","ia_coordenadas_utm":""},"_links":{"self":[{"href":"https:\/\/marqalicante-admin.qwair.com\/va\/wp-json\/wp\/v2\/product\/45331","targetHints":{"allow":["GET"]}}],"collection":[{"href":"https:\/\/marqalicante-admin.qwair.com\/va\/wp-json\/wp\/v2\/product"}],"about":[{"href":"https:\/\/marqalicante-admin.qwair.com\/va\/wp-json\/wp\/v2\/types\/product"}],"wp:featuredmedia":[{"embeddable":true,"href":"https:\/\/marqalicante-admin.qwair.com\/va\/wp-json\/wp\/v2\/media\/45501"}],"wp:attachment":[{"href":"https:\/\/marqalicante-admin.qwair.com\/va\/wp-json\/wp\/v2\/media?parent=45331"}],"wp:term":[{"taxonomy":"product_brand","embeddable":true,"href":"https:\/\/marqalicante-admin.qwair.com\/va\/wp-json\/wp\/v2\/product_brand?post=45331"},{"taxonomy":"product_cat","embeddable":true,"href":"https:\/\/marqalicante-admin.qwair.com\/va\/wp-json\/wp\/v2\/product_cat?post=45331"},{"taxonomy":"product_tag","embeddable":true,"href":"https:\/\/marqalicante-admin.qwair.com\/va\/wp-json\/wp\/v2\/product_tag?post=45331"}],"curies":[{"name":"wp","href":"https:\/\/api.w.org\/{rel}","templated":true}]}}