{"id":45330,"date":"2025-04-04T06:24:56","date_gmt":"2025-04-04T06:24:56","guid":{"rendered":"https:\/\/marqalicante-admin.qwair.com\/producto\/banyets-de-la-reina-area-de-conexion-entre-la-vivienda-1-y-las-termas-orientales\/"},"modified":"2025-04-07T08:06:32","modified_gmt":"2025-04-07T08:06:32","slug":"banyets-de-la-reina-area-de-conexion-entre-la-vivienda-1-y-las-termas-orientales","status":"publish","type":"product","link":"https:\/\/marqalicante-admin.qwair.com\/va\/producte\/banyets-de-la-reina-area-de-conexion-entre-la-vivienda-1-y-las-termas-orientales\/","title":{"rendered":"Banyets de la Reina. \u00c0rea de connexi\u00f3 entre l&#039;habitatge 1 i les termes orientals"},"content":{"rendered":"","protected":false},"excerpt":{"rendered":"<p><b>Expedient: <\/b><\/p>\n<p>2010\/0450-A<\/p>\n<p><b>Any: <\/b><\/p>\n<p>2010<\/p>\n<p><b>Dates dactuaci\u00f3: <\/b><\/p>\n<p>19-07-2010 a 13-08-2010<\/p>\n<p><b>Municipis (Comarques): <\/b><\/p>\n<p>CALP \/ CALP<\/p>\n<p><b>Directors:<\/b><\/p>\n<p>Luj\u00e1n Navas, Al\u00edcia, Ronda Fem\u00e8nia, Anna M\u00aa<\/p>\n<p><b>Per\u00edodes culturals: <\/b><\/p>\n<p>Rom\u00e0<\/p>\n<p><b>Tipus d&#039;intervenci\u00f3:<\/b><\/p>\n<p>Excavaci\u00f3 arqueol\u00f2gica<\/p>\n<p><b>Equip T\u00e8cnic: <\/b><\/p>\n<p>Camp de Treball de l&#039;Institut Valenci\u00e0 de la Joventut<\/p>\n<p><b>Autors :<\/b><\/p>\n<p>Anna M\u00aa Ronda Femenia i Alicia Luj\u00e1n Navas<\/p>\n<p><b>Promotors: <\/b><\/p>\n<p>Excm. Ajuntament de Calp \u2013 Institut Valenci\u00e0 de la Joventut (IVAJ)<\/p>\n<p><b>Dip\u00f2sit de materials: <\/b><\/p>\n<p>Museu Arqueol\u00f2gic de Calp<\/p>\n<p><b>Coordenades UTM: <\/b><\/p>\n<p>X 244213 \u2013 I 4281035<\/p>\n<p><b>Document PDF: <\/b><\/p>\n    \n    <div class=\"documento-item\">\n                    <h2 class=\"documento-title\">Descarregar aqu\u00ed<\/h2>\n        \n        \n                    <a href=\"https:\/\/marqalicante.com\/contenido\/int_arqueologicas\/doc_96.pdf\" class=\"documento-btn\">\n                <i class=\"fas fa-file-pdf\"><\/i> Descarregar PDF\n            <\/a>\n            <\/div>","protected":false},"featured_media":45501,"template":"","meta":{"kia_subtitle":""},"product_brand":[],"product_cat":[2620],"product_tag":[],"class_list":{"0":"post-45330","1":"product","2":"type-product","3":"status-publish","4":"has-post-thumbnail","6":"product_cat-intervenciones-arqueologicas","8":"first","9":"instock","10":"virtual","11":"product-type-simple"},"meta_box":{"ia_expediente":"","ia_ano":"","ia_fechas_de_actuacion":"","ia_municipios_comarcas":"","ia_directores":"","ia_periodos_culturales":"","ia_tipos_de_intervencion":"","ia_equipo_tecnico":"","ia_autores":"","ia_promotores":"","ia_deposito_de_materiales":"","ia_coordenadas_utm":""},"_links":{"self":[{"href":"https:\/\/marqalicante-admin.qwair.com\/va\/wp-json\/wp\/v2\/product\/45330","targetHints":{"allow":["GET"]}}],"collection":[{"href":"https:\/\/marqalicante-admin.qwair.com\/va\/wp-json\/wp\/v2\/product"}],"about":[{"href":"https:\/\/marqalicante-admin.qwair.com\/va\/wp-json\/wp\/v2\/types\/product"}],"wp:featuredmedia":[{"embeddable":true,"href":"https:\/\/marqalicante-admin.qwair.com\/va\/wp-json\/wp\/v2\/media\/45501"}],"wp:attachment":[{"href":"https:\/\/marqalicante-admin.qwair.com\/va\/wp-json\/wp\/v2\/media?parent=45330"}],"wp:term":[{"taxonomy":"product_brand","embeddable":true,"href":"https:\/\/marqalicante-admin.qwair.com\/va\/wp-json\/wp\/v2\/product_brand?post=45330"},{"taxonomy":"product_cat","embeddable":true,"href":"https:\/\/marqalicante-admin.qwair.com\/va\/wp-json\/wp\/v2\/product_cat?post=45330"},{"taxonomy":"product_tag","embeddable":true,"href":"https:\/\/marqalicante-admin.qwair.com\/va\/wp-json\/wp\/v2\/product_tag?post=45330"}],"curies":[{"name":"wp","href":"https:\/\/api.w.org\/{rel}","templated":true}]}}