{"id":45324,"date":"2025-04-04T06:24:53","date_gmt":"2025-04-04T06:24:53","guid":{"rendered":"https:\/\/marqalicante-admin.qwair.com\/producto\/la-escuera\/"},"modified":"2025-04-07T08:06:30","modified_gmt":"2025-04-07T08:06:30","slug":"la-escuera","status":"publish","type":"product","link":"https:\/\/marqalicante-admin.qwair.com\/va\/producte\/la-escuera\/","title":{"rendered":"L&#039;Escora"},"content":{"rendered":"","protected":false},"excerpt":{"rendered":"<p><b>Expedient: <\/b><\/p>\n<p>2010\/0429-A<\/p>\n<p><b>Any: <\/b><\/p>\n<p>2010<\/p>\n<p><b>Dates dactuaci\u00f3: <\/b><\/p>\n<p>40360<\/p>\n<p><b>Municipis (Comarques): <\/b><\/p>\n<p>SANT FULGENCI<\/p>\n<p><b>Directors:<\/b><\/p>\n<p>Abat Casal, Lloren\u00e7, Moratalla X\u00e0vega, Jes\u00fas, Sala Sell\u00e9s, Feliciana<\/p>\n<p><b>Per\u00edodes culturals: <\/b><\/p>\n<p>Ib\u00e8ric<\/p>\n<p><b>Tipus d&#039;intervenci\u00f3:<\/b><\/p>\n<p>Acondicionamiento&#44; Documentaci\u00f3n&#44; Prospecci\u00f3n geof\u00edsica<\/p>\n<p><b>Equip T\u00e8cnic: <\/b><\/p>\n<p>Julia Sarabia Bautista, V\u00edctor Ca\u00f1avate Castej\u00f3n, Miguel Benito Iborra i Sonia Bayo Fuentes<\/p>\n<p><b>Autors :<\/b><\/p>\n<p>Lorenzo Abad Casal, Feliciana Sala Sell\u00e9s i Jes\u00fas Moratalla J\u00e1vega<\/p>\n<p><b>Promotors: <\/b><\/p>\n<p>Universitat d&#039;Alacant<\/p>\n<p><b>Dip\u00f2sit de materials: <\/b><\/p>\n<p>Museu Arqueol\u00f2gic Municipal de Sant Fulgenci<\/p>\n<p><b>Coordenades UTM: <\/b><\/p>\n<p>X 704049 \u2013 I 4222011<\/p>\n<p><b>Document PDF: <\/b><\/p>\n    \n    <div class=\"documento-item\">\n                    <h2 class=\"documento-title\">Descarregar aqu\u00ed<\/h2>\n        \n        \n                    <a href=\"https:\/\/marqalicante.com\/contenido\/int_arqueologicas\/doc_90.pdf\" class=\"documento-btn\">\n                <i class=\"fas fa-file-pdf\"><\/i> Descarregar PDF\n            <\/a>\n            <\/div>","protected":false},"featured_media":45501,"template":"","meta":{"kia_subtitle":""},"product_brand":[],"product_cat":[2620],"product_tag":[],"class_list":{"0":"post-45324","1":"product","2":"type-product","3":"status-publish","4":"has-post-thumbnail","6":"product_cat-intervenciones-arqueologicas","8":"first","9":"instock","10":"virtual","11":"product-type-simple"},"meta_box":{"ia_expediente":"","ia_ano":"","ia_fechas_de_actuacion":"","ia_municipios_comarcas":"","ia_directores":"","ia_periodos_culturales":"","ia_tipos_de_intervencion":"","ia_equipo_tecnico":"","ia_autores":"","ia_promotores":"","ia_deposito_de_materiales":"","ia_coordenadas_utm":""},"_links":{"self":[{"href":"https:\/\/marqalicante-admin.qwair.com\/va\/wp-json\/wp\/v2\/product\/45324","targetHints":{"allow":["GET"]}}],"collection":[{"href":"https:\/\/marqalicante-admin.qwair.com\/va\/wp-json\/wp\/v2\/product"}],"about":[{"href":"https:\/\/marqalicante-admin.qwair.com\/va\/wp-json\/wp\/v2\/types\/product"}],"wp:featuredmedia":[{"embeddable":true,"href":"https:\/\/marqalicante-admin.qwair.com\/va\/wp-json\/wp\/v2\/media\/45501"}],"wp:attachment":[{"href":"https:\/\/marqalicante-admin.qwair.com\/va\/wp-json\/wp\/v2\/media?parent=45324"}],"wp:term":[{"taxonomy":"product_brand","embeddable":true,"href":"https:\/\/marqalicante-admin.qwair.com\/va\/wp-json\/wp\/v2\/product_brand?post=45324"},{"taxonomy":"product_cat","embeddable":true,"href":"https:\/\/marqalicante-admin.qwair.com\/va\/wp-json\/wp\/v2\/product_cat?post=45324"},{"taxonomy":"product_tag","embeddable":true,"href":"https:\/\/marqalicante-admin.qwair.com\/va\/wp-json\/wp\/v2\/product_tag?post=45324"}],"curies":[{"name":"wp","href":"https:\/\/api.w.org\/{rel}","templated":true}]}}