{"id":45309,"date":"2025-04-04T06:24:47","date_gmt":"2025-04-04T06:24:47","guid":{"rendered":"https:\/\/marqalicante-admin.qwair.com\/producto\/cabezo-pardo-va-campana\/"},"modified":"2025-04-07T08:06:26","modified_gmt":"2025-04-07T08:06:26","slug":"cabezo-pardo-va-campana","status":"publish","type":"product","link":"https:\/\/marqalicante-admin.qwair.com\/va\/producte\/cabezo-pardo-va-campana\/","title":{"rendered":"Cabezo Pardo. V\u00aa Campanya"},"content":{"rendered":"","protected":false},"excerpt":{"rendered":"<p><b>Expedient: <\/b><\/p>\n<p>2010\/0345-A<\/p>\n<p><b>Any: <\/b><\/p>\n<p>2010<\/p>\n<p><b>Dates dactuaci\u00f3: <\/b><\/p>\n<p>24-05-2010 a 11-06-2010<\/p>\n<p><b>Municipis (Comarques): <\/b><\/p>\n<p>ALBATERA, GRANJA DE ROCAMORA, SANT ISIDRE<\/p>\n<p><b>Directors:<\/b><\/p>\n<p>L\u00f3pez Padilla, Juan Antonio, Xim\u00e9nez d&#039;Emb\u00fan S\u00e1nchez, M\u00aa Teresa<\/p>\n<p><b>Per\u00edodes culturals: <\/b><\/p>\n<p>Edat del Bronze, Isl\u00e0mic<\/p>\n<p><b>Tipus d&#039;intervenci\u00f3:<\/b><\/p>\n<p>Excavaci\u00f3 arqueol\u00f2gica<\/p>\n<p><b>Equip T\u00e8cnic: <\/b><\/p>\n<p>Alicia Luj\u00e1n Navas (Malacologia), Ignacio Soriano Llopis (Arqueometal\u00b7l\u00fargia), Jos\u00e9 Luis Sim\u00f3n Garc\u00eda (Arqueometal\u00b7l\u00fargia), M\u00aa del Carmen Machado Yanes (Antracologia), M\u00aa Pau de Miguel Ib\u00e1\u00f1ez (Paleoantropologia), Consol Roca de Togores Mu\u00f1oz (Paleo (Paleoantropologia), Miguel Benito Iborra (Arqueozoologia), Guillem P\u00e9rez Jord\u00e0 (Paleobot\u00e0nica) i Javier S\u00e1ez Rivera (Geologia)<\/p>\n<p><b>Autors :<\/b><\/p>\n<p>Juan Antonio L\u00f3pez Padilla i M\u00aa Teresa Xim\u00e9nez d&#039;Emb\u00fan S\u00e1nchez<\/p>\n<p><b>Promotors: <\/b><\/p>\n<p>Excma. Diputaci\u00f3 Provincial d&#039;Alacant<\/p>\n<p><b>Dip\u00f2sit de materials: <\/b><\/p>\n<p>Museu Arqueol\u00f2gic d&#039;Alacant (MARQ)<\/p>\n<p><b>Coordenades UTM: <\/b><\/p>\n<p>X 688915 \u2013 I 4226089<\/p>\n<p><b>Document PDF: <\/b><\/p>\n    \n    <div class=\"documento-item\">\n                    <h2 class=\"documento-title\">Descarregar aqu\u00ed<\/h2>\n        \n        \n                    <a href=\"https:\/\/marqalicante.com\/contenido\/int_arqueologicas\/doc_75.pdf\" class=\"documento-btn\">\n                <i class=\"fas fa-file-pdf\"><\/i> Descarregar PDF\n            <\/a>\n            <\/div>","protected":false},"featured_media":45501,"template":"","meta":{"kia_subtitle":""},"product_brand":[],"product_cat":[2620],"product_tag":[],"class_list":{"0":"post-45309","1":"product","2":"type-product","3":"status-publish","4":"has-post-thumbnail","6":"product_cat-intervenciones-arqueologicas","8":"first","9":"instock","10":"virtual","11":"product-type-simple"},"meta_box":{"ia_expediente":"","ia_ano":"","ia_fechas_de_actuacion":"","ia_municipios_comarcas":"","ia_directores":"","ia_periodos_culturales":"","ia_tipos_de_intervencion":"","ia_equipo_tecnico":"","ia_autores":"","ia_promotores":"","ia_deposito_de_materiales":"","ia_coordenadas_utm":""},"_links":{"self":[{"href":"https:\/\/marqalicante-admin.qwair.com\/va\/wp-json\/wp\/v2\/product\/45309","targetHints":{"allow":["GET"]}}],"collection":[{"href":"https:\/\/marqalicante-admin.qwair.com\/va\/wp-json\/wp\/v2\/product"}],"about":[{"href":"https:\/\/marqalicante-admin.qwair.com\/va\/wp-json\/wp\/v2\/types\/product"}],"wp:featuredmedia":[{"embeddable":true,"href":"https:\/\/marqalicante-admin.qwair.com\/va\/wp-json\/wp\/v2\/media\/45501"}],"wp:attachment":[{"href":"https:\/\/marqalicante-admin.qwair.com\/va\/wp-json\/wp\/v2\/media?parent=45309"}],"wp:term":[{"taxonomy":"product_brand","embeddable":true,"href":"https:\/\/marqalicante-admin.qwair.com\/va\/wp-json\/wp\/v2\/product_brand?post=45309"},{"taxonomy":"product_cat","embeddable":true,"href":"https:\/\/marqalicante-admin.qwair.com\/va\/wp-json\/wp\/v2\/product_cat?post=45309"},{"taxonomy":"product_tag","embeddable":true,"href":"https:\/\/marqalicante-admin.qwair.com\/va\/wp-json\/wp\/v2\/product_tag?post=45309"}],"curies":[{"name":"wp","href":"https:\/\/api.w.org\/{rel}","templated":true}]}}