{"id":45296,"date":"2025-04-04T06:24:40","date_gmt":"2025-04-04T06:24:40","guid":{"rendered":"https:\/\/marqalicante-admin.qwair.com\/producto\/linea-subterranea-de-20-kv-ct-c-lluis-vives-c-pio-xii\/"},"modified":"2025-04-07T08:06:22","modified_gmt":"2025-04-07T08:06:22","slug":"linea-subterranea-de-20-kv-ct-c-lluis-vives-c-pio-xii","status":"publish","type":"product","link":"https:\/\/marqalicante-admin.qwair.com\/va\/producte\/linea-subterranea-de-20-kv-ct-c-lluis-vives-c-pio-xii\/","title":{"rendered":"L\u00ednia subterr\u00e0nia de 20 kV, CT C\/ Llu\u00eds Vives \u2013 C\/ Pius XII"},"content":{"rendered":"","protected":false},"excerpt":{"rendered":"<p><b>Expedient: <\/b><\/p>\n<p>2010\/0225-A (SS.TT. A-2010-069)<\/p>\n<p><b>Any: <\/b><\/p>\n<p>2010<\/p>\n<p><b>Dates dactuaci\u00f3: <\/b><\/p>\n<p>11-05-2010 a 14-05-2010<\/p>\n<p><b>Municipis (Comarques): <\/b><\/p>\n<p>CREVILLENT<\/p>\n<p><b>Directors:<\/b><\/p>\n<p>Ortega P\u00e9rez, Jos\u00e9 Ram\u00f3n, Reina G\u00f3mez, Immaculada<\/p>\n<p><b>Per\u00edodes culturals: <\/b><\/p>\n<p>Contemporani<\/p>\n<p><b>Tipus d&#039;intervenci\u00f3:<\/b><\/p>\n<p>Seguiment arqueol\u00f2gic<\/p>\n<p><b>Equip T\u00e8cnic: <\/b><\/p>\n<p>Samuel Serrano Salar<\/p>\n<p><b>Autors :<\/b><\/p>\n<p>Immaculada Reina G\u00f3mez (ARPA Patrimoni, SL)<\/p>\n<p><b>Promotors: <\/b><\/p>\n<p>Cooperativa El\u00e8ctrica Sant Francesc d&#039;Ass\u00eds<\/p>\n<p><b>Dip\u00f2sit de materials: <\/b><\/p>\n<p>No es va recuperar material arqueol\u00f2gic<\/p>\n<p><b>Coordenades UTM: <\/b><\/p>\n<p>X 691910 \u2013 I 4235298<\/p>\n<p><b>Document PDF: <\/b><\/p>\n    \n    <div class=\"documento-item\">\n                    <h2 class=\"documento-title\">Descarregar aqu\u00ed<\/h2>\n        \n        \n                    <a href=\"https:\/\/marqalicante.com\/contenido\/int_arqueologicas\/doc_61.pdf\" class=\"documento-btn\">\n                <i class=\"fas fa-file-pdf\"><\/i> Descarregar PDF\n            <\/a>\n            <\/div>","protected":false},"featured_media":45501,"template":"","meta":{"kia_subtitle":""},"product_brand":[],"product_cat":[2620],"product_tag":[],"class_list":{"0":"post-45296","1":"product","2":"type-product","3":"status-publish","4":"has-post-thumbnail","6":"product_cat-intervenciones-arqueologicas","8":"first","9":"instock","10":"virtual","11":"product-type-simple"},"meta_box":{"ia_expediente":"","ia_ano":"","ia_fechas_de_actuacion":"","ia_municipios_comarcas":"","ia_directores":"","ia_periodos_culturales":"","ia_tipos_de_intervencion":"","ia_equipo_tecnico":"","ia_autores":"","ia_promotores":"","ia_deposito_de_materiales":"","ia_coordenadas_utm":""},"_links":{"self":[{"href":"https:\/\/marqalicante-admin.qwair.com\/va\/wp-json\/wp\/v2\/product\/45296","targetHints":{"allow":["GET"]}}],"collection":[{"href":"https:\/\/marqalicante-admin.qwair.com\/va\/wp-json\/wp\/v2\/product"}],"about":[{"href":"https:\/\/marqalicante-admin.qwair.com\/va\/wp-json\/wp\/v2\/types\/product"}],"wp:featuredmedia":[{"embeddable":true,"href":"https:\/\/marqalicante-admin.qwair.com\/va\/wp-json\/wp\/v2\/media\/45501"}],"wp:attachment":[{"href":"https:\/\/marqalicante-admin.qwair.com\/va\/wp-json\/wp\/v2\/media?parent=45296"}],"wp:term":[{"taxonomy":"product_brand","embeddable":true,"href":"https:\/\/marqalicante-admin.qwair.com\/va\/wp-json\/wp\/v2\/product_brand?post=45296"},{"taxonomy":"product_cat","embeddable":true,"href":"https:\/\/marqalicante-admin.qwair.com\/va\/wp-json\/wp\/v2\/product_cat?post=45296"},{"taxonomy":"product_tag","embeddable":true,"href":"https:\/\/marqalicante-admin.qwair.com\/va\/wp-json\/wp\/v2\/product_tag?post=45296"}],"curies":[{"name":"wp","href":"https:\/\/api.w.org\/{rel}","templated":true}]}}