{"id":45279,"date":"2025-04-04T06:24:31","date_gmt":"2025-04-04T06:24:31","guid":{"rendered":"https:\/\/marqalicante-admin.qwair.com\/producto\/balsa-de-riego-finca-los-frutales-poligono-48-parcela-44\/"},"modified":"2025-04-07T08:06:17","modified_gmt":"2025-04-07T08:06:17","slug":"balsa-de-riego-finca-los-frutales-poligono-48-parcela-44","status":"publish","type":"product","link":"https:\/\/marqalicante-admin.qwair.com\/va\/producte\/balsa-de-riego-finca-los-frutales-poligono-48-parcela-44\/","title":{"rendered":"Bassa de reg. Finca Els Fruiters, pol\u00edgon 48, parcel\u00b7la 44"},"content":{"rendered":"","protected":false},"excerpt":{"rendered":"<p><b>Expedient: <\/b><\/p>\n<p>2010\/0118-A<\/p>\n<p><b>Any: <\/b><\/p>\n<p>2010<\/p>\n<p><b>Dates dactuaci\u00f3: <\/b><\/p>\n<p>40238<\/p>\n<p><b>Municipis (Comarques): <\/b><\/p>\n<p>VILLENA<\/p>\n<p><b>Directors:<\/b><\/p>\n<p>Domene Prats&#44; Patricio<\/p>\n<p><b>Per\u00edodes culturals: <\/b><\/p>\n<p>Negatiu<\/p>\n<p><b>Tipus d&#039;intervenci\u00f3:<\/b><\/p>\n<p>Prospecci\u00f3 arqueol\u00f2gica i etnol\u00f2gica<\/p>\n<p><b>Equip T\u00e8cnic: <\/b><\/p>\n<p>Jos\u00e9 David Busquier Corb\u00ed<\/p>\n<p><b>Autors :<\/b><\/p>\n<p>Jos\u00e9 David Busquier Corb\u00ed (ABYDOS Arqueol\u00f2gica, SL)<\/p>\n<p><b>Promotors: <\/b><\/p>\n<p>J.M. Los Frutales&#44; S.L.<\/p>\n<p><b>Dip\u00f2sit de materials: <\/b><\/p>\n<p>No es va recuperar material arqueol\u00f2gic<\/p>\n<p><b>Coordenades UTM: <\/b><\/p>\n<p>X 686848 \u2013 Y 4273969<\/p>\n<p><b>Document PDF: <\/b><\/p>\n    \n    <div class=\"documento-item\">\n                    <h2 class=\"documento-title\">Descarregar aqu\u00ed<\/h2>\n        \n        \n                    <a href=\"https:\/\/marqalicante.com\/contenido\/int_arqueologicas\/doc_43.pdf\" class=\"documento-btn\">\n                <i class=\"fas fa-file-pdf\"><\/i> Descarregar PDF\n            <\/a>\n            <\/div>","protected":false},"featured_media":45501,"template":"","meta":{"kia_subtitle":""},"product_brand":[],"product_cat":[2620],"product_tag":[],"class_list":{"0":"post-45279","1":"product","2":"type-product","3":"status-publish","4":"has-post-thumbnail","6":"product_cat-intervenciones-arqueologicas","8":"first","9":"instock","10":"virtual","11":"product-type-simple"},"meta_box":{"ia_expediente":"","ia_ano":"","ia_fechas_de_actuacion":"","ia_municipios_comarcas":"","ia_directores":"","ia_periodos_culturales":"","ia_tipos_de_intervencion":"","ia_equipo_tecnico":"","ia_autores":"","ia_promotores":"","ia_deposito_de_materiales":"","ia_coordenadas_utm":""},"_links":{"self":[{"href":"https:\/\/marqalicante-admin.qwair.com\/va\/wp-json\/wp\/v2\/product\/45279","targetHints":{"allow":["GET"]}}],"collection":[{"href":"https:\/\/marqalicante-admin.qwair.com\/va\/wp-json\/wp\/v2\/product"}],"about":[{"href":"https:\/\/marqalicante-admin.qwair.com\/va\/wp-json\/wp\/v2\/types\/product"}],"wp:featuredmedia":[{"embeddable":true,"href":"https:\/\/marqalicante-admin.qwair.com\/va\/wp-json\/wp\/v2\/media\/45501"}],"wp:attachment":[{"href":"https:\/\/marqalicante-admin.qwair.com\/va\/wp-json\/wp\/v2\/media?parent=45279"}],"wp:term":[{"taxonomy":"product_brand","embeddable":true,"href":"https:\/\/marqalicante-admin.qwair.com\/va\/wp-json\/wp\/v2\/product_brand?post=45279"},{"taxonomy":"product_cat","embeddable":true,"href":"https:\/\/marqalicante-admin.qwair.com\/va\/wp-json\/wp\/v2\/product_cat?post=45279"},{"taxonomy":"product_tag","embeddable":true,"href":"https:\/\/marqalicante-admin.qwair.com\/va\/wp-json\/wp\/v2\/product_tag?post=45279"}],"curies":[{"name":"wp","href":"https:\/\/api.w.org\/{rel}","templated":true}]}}