{"id":45275,"date":"2025-04-04T06:24:29","date_gmt":"2025-04-04T06:24:29","guid":{"rendered":"https:\/\/marqalicante-admin.qwair.com\/producto\/laderas-del-penyal-del-castell-de-castalla\/"},"modified":"2025-04-07T08:06:16","modified_gmt":"2025-04-07T08:06:16","slug":"laderas-del-penyal-del-castell-de-castalla","status":"publish","type":"product","link":"https:\/\/marqalicante-admin.qwair.com\/va\/producte\/laderas-del-penyal-del-castell-de-castalla\/","title":{"rendered":"Laderas del penyal del castell de Castalla"},"content":{"rendered":"","protected":false},"excerpt":{"rendered":"<p><b>Expedient: <\/b><\/p>\n<p>2010\/0087-A (SS.TT. A-2009-205)<\/p>\n<p><b>Any: <\/b><\/p>\n<p>2011<\/p>\n<p><b>Dates dactuaci\u00f3: <\/b><\/p>\n<p>22-07-2010 a 21-02-2011<\/p>\n<p><b>Municipis (Comarques): <\/b><\/p>\n<p>CASTALLA<\/p>\n<p><b>Directors:<\/b><\/p>\n<p>Mira Rico, Juan Antonio, Ortega P\u00e9rez, Jos\u00e9 Ram\u00f3n<\/p>\n<p><b>Per\u00edodes culturals: <\/b><\/p>\n<p>Bajomedieval&#44; Contempor\u00e1neo&#44; Ib\u00e9rico&#44; Isl\u00e1mico&#44; Moderno&#44; Romano<\/p>\n<p><b>Tipus d&#039;intervenci\u00f3:<\/b><\/p>\n<p>Consolidaci\u00f3n&#44; Excavaci\u00f3n arqueol\u00f3gica&#44; Seguimiento arqueol\u00f3gico<\/p>\n<p><b>Equip T\u00e8cnic: <\/b><\/p>\n<p>Rosa M\u00aa L\u00f3pez Mart\u00ednez&#44; Antonio Mart\u00ednez Castell\u00f3&#44; Juan Jos\u00e9 Mataix Albi\u00f1ana&#44; Inmaculada Reina G\u00f3mez y Samuel Serrano Salar (ARPA Patrimonio&#44; S.L.)<\/p>\n<p><b>Autors :<\/b><\/p>\n<p>Juan Antonio Mira Rico<\/p>\n<p><b>Promotors: <\/b><\/p>\n<p>Excm. Ajuntament de Castalla<\/p>\n<p><b>Dip\u00f2sit de materials: <\/b><\/p>\n<p>Museu Arqueol\u00f2gic d&#039;Alacant (MARQ)<\/p>\n<p><b>Coordenades UTM: <\/b><\/p>\n<p>X 702804 \u2013 Y 4274870<\/p>\n<p><b>Document PDF: <\/b><\/p>\n    \n    <div class=\"documento-item\">\n                    <h2 class=\"documento-title\">Descarregar aqu\u00ed<\/h2>\n        \n        \n                    <a href=\"https:\/\/marqalicante.com\/contenido\/int_arqueologicas\/doc_39.pdf\" class=\"documento-btn\">\n                <i class=\"fas fa-file-pdf\"><\/i> Descarregar PDF\n            <\/a>\n            <\/div>","protected":false},"featured_media":45501,"template":"","meta":{"kia_subtitle":""},"product_brand":[],"product_cat":[2620],"product_tag":[],"class_list":{"0":"post-45275","1":"product","2":"type-product","3":"status-publish","4":"has-post-thumbnail","6":"product_cat-intervenciones-arqueologicas","8":"first","9":"instock","10":"virtual","11":"product-type-simple"},"meta_box":{"ia_expediente":"","ia_ano":"","ia_fechas_de_actuacion":"","ia_municipios_comarcas":"","ia_directores":"","ia_periodos_culturales":"","ia_tipos_de_intervencion":"","ia_equipo_tecnico":"","ia_autores":"","ia_promotores":"","ia_deposito_de_materiales":"","ia_coordenadas_utm":""},"_links":{"self":[{"href":"https:\/\/marqalicante-admin.qwair.com\/va\/wp-json\/wp\/v2\/product\/45275","targetHints":{"allow":["GET"]}}],"collection":[{"href":"https:\/\/marqalicante-admin.qwair.com\/va\/wp-json\/wp\/v2\/product"}],"about":[{"href":"https:\/\/marqalicante-admin.qwair.com\/va\/wp-json\/wp\/v2\/types\/product"}],"wp:featuredmedia":[{"embeddable":true,"href":"https:\/\/marqalicante-admin.qwair.com\/va\/wp-json\/wp\/v2\/media\/45501"}],"wp:attachment":[{"href":"https:\/\/marqalicante-admin.qwair.com\/va\/wp-json\/wp\/v2\/media?parent=45275"}],"wp:term":[{"taxonomy":"product_brand","embeddable":true,"href":"https:\/\/marqalicante-admin.qwair.com\/va\/wp-json\/wp\/v2\/product_brand?post=45275"},{"taxonomy":"product_cat","embeddable":true,"href":"https:\/\/marqalicante-admin.qwair.com\/va\/wp-json\/wp\/v2\/product_cat?post=45275"},{"taxonomy":"product_tag","embeddable":true,"href":"https:\/\/marqalicante-admin.qwair.com\/va\/wp-json\/wp\/v2\/product_tag?post=45275"}],"curies":[{"name":"wp","href":"https:\/\/api.w.org\/{rel}","templated":true}]}}