{"id":45271,"date":"2025-04-04T06:24:26","date_gmt":"2025-04-04T06:24:26","guid":{"rendered":"https:\/\/marqalicante-admin.qwair.com\/producto\/ampliacion-granja-avicola-partida-les-piletes-poligono-1-parcela-152\/"},"modified":"2025-04-07T08:06:14","modified_gmt":"2025-04-07T08:06:14","slug":"ampliacion-granja-avicola-partida-les-piletes-poligono-1-parcela-152","status":"publish","type":"product","link":"https:\/\/marqalicante-admin.qwair.com\/va\/producte\/ampliacion-granja-avicola-partida-les-piletes-poligono-1-parcela-152\/","title":{"rendered":"Ampliaci\u00f3 granja av\u00edcola. Partida Les Piletes, pol\u00edgon 1, parcel\u00b7la 152"},"content":{"rendered":"","protected":false},"excerpt":{"rendered":"<p><b>Expedient: <\/b><\/p>\n<p>2010\/0034-A<\/p>\n<p><b>Any: <\/b><\/p>\n<p>2010<\/p>\n<p><b>Dates dactuaci\u00f3: <\/b><\/p>\n<p>40262<\/p>\n<p><b>Municipis (Comarques): <\/b><\/p>\n<p>CASTALLA<\/p>\n<p><b>Directors:<\/b><\/p>\n<p>Garibo Bod\u00ed, Joan, Valc\u00e1rcel Estors, Amparo<\/p>\n<p><b>Per\u00edodes culturals: <\/b><\/p>\n<p>Contemporani<\/p>\n<p><b>Tipus d&#039;intervenci\u00f3:<\/b><\/p>\n<p>Prospecci\u00f3 arqueol\u00f2gica i etnol\u00f2gica<\/p>\n<p><b>Equip T\u00e8cnic: <\/b><\/p>\n<p><b>Autors :<\/b><\/p>\n<p>Joan Garibo Bod\u00ed i Amparo Valc\u00e1rcel Estors<\/p>\n<p><b>Promotors: <\/b><\/p>\n<p>Juan Carlos Molina Quarter<\/p>\n<p><b>Dip\u00f2sit de materials: <\/b><\/p>\n<p>No es va recuperar material arqueol\u00f2gic<\/p>\n<p><b>Coordenades UTM: <\/b><\/p>\n<p>X 699976 \u2013 I 4275066<\/p>\n<p><b>Document PDF: <\/b><\/p>\n    \n    <div class=\"documento-item\">\n                    <h2 class=\"documento-title\">Descarregar aqu\u00ed<\/h2>\n        \n        \n                    <a href=\"https:\/\/marqalicante.com\/contenido\/int_arqueologicas\/doc_35.pdf\" class=\"documento-btn\">\n                <i class=\"fas fa-file-pdf\"><\/i> Descarregar PDF\n            <\/a>\n            <\/div>","protected":false},"featured_media":45501,"template":"","meta":{"kia_subtitle":""},"product_brand":[],"product_cat":[2620],"product_tag":[],"class_list":{"0":"post-45271","1":"product","2":"type-product","3":"status-publish","4":"has-post-thumbnail","6":"product_cat-intervenciones-arqueologicas","8":"first","9":"instock","10":"virtual","11":"product-type-simple"},"meta_box":{"ia_expediente":"","ia_ano":"","ia_fechas_de_actuacion":"","ia_municipios_comarcas":"","ia_directores":"","ia_periodos_culturales":"","ia_tipos_de_intervencion":"","ia_equipo_tecnico":"","ia_autores":"","ia_promotores":"","ia_deposito_de_materiales":"","ia_coordenadas_utm":""},"_links":{"self":[{"href":"https:\/\/marqalicante-admin.qwair.com\/va\/wp-json\/wp\/v2\/product\/45271","targetHints":{"allow":["GET"]}}],"collection":[{"href":"https:\/\/marqalicante-admin.qwair.com\/va\/wp-json\/wp\/v2\/product"}],"about":[{"href":"https:\/\/marqalicante-admin.qwair.com\/va\/wp-json\/wp\/v2\/types\/product"}],"wp:featuredmedia":[{"embeddable":true,"href":"https:\/\/marqalicante-admin.qwair.com\/va\/wp-json\/wp\/v2\/media\/45501"}],"wp:attachment":[{"href":"https:\/\/marqalicante-admin.qwair.com\/va\/wp-json\/wp\/v2\/media?parent=45271"}],"wp:term":[{"taxonomy":"product_brand","embeddable":true,"href":"https:\/\/marqalicante-admin.qwair.com\/va\/wp-json\/wp\/v2\/product_brand?post=45271"},{"taxonomy":"product_cat","embeddable":true,"href":"https:\/\/marqalicante-admin.qwair.com\/va\/wp-json\/wp\/v2\/product_cat?post=45271"},{"taxonomy":"product_tag","embeddable":true,"href":"https:\/\/marqalicante-admin.qwair.com\/va\/wp-json\/wp\/v2\/product_tag?post=45271"}],"curies":[{"name":"wp","href":"https:\/\/api.w.org\/{rel}","templated":true}]}}