{"id":45263,"date":"2025-04-04T06:24:22","date_gmt":"2025-04-04T06:24:22","guid":{"rendered":"https:\/\/marqalicante-admin.qwair.com\/producto\/c-castillo-castillo-de-el-aljau\/"},"modified":"2025-04-07T08:06:12","modified_gmt":"2025-04-07T08:06:12","slug":"c-castillo-castillo-de-el-aljau","status":"publish","type":"product","link":"https:\/\/marqalicante-admin.qwair.com\/va\/producte\/c-castillo-castillo-de-el-aljau\/","title":{"rendered":"C\/ Castell. Castell de l&#039;Aljau"},"content":{"rendered":"","protected":false},"excerpt":{"rendered":"<p><b>Expedient: <\/b><\/p>\n<p>2009\/1016-A<\/p>\n<p><b>Any: <\/b><\/p>\n<p>2010<\/p>\n<p><b>Dates dactuaci\u00f3: <\/b><\/p>\n<p>25-01-2010 a 26-11-2010<\/p>\n<p><b>Municipis (Comarques): <\/b><\/p>\n<p>ASPE<\/p>\n<p><b>Directors:<\/b><\/p>\n<p>Ortega P\u00e9rez, Jos\u00e9 Ram\u00f3n, Reina G\u00f3mez, Immaculada<\/p>\n<p><b>Per\u00edodes culturals: <\/b><\/p>\n<p>Baix Medieval, Contemporani, Isl\u00e0mic, Modern<\/p>\n<p><b>Tipus d&#039;intervenci\u00f3:<\/b><\/p>\n<p>Excavaci\u00f3 arqueol\u00f2gica<\/p>\n<p><b>Equip T\u00e8cnic: <\/b><\/p>\n<p>Antonio Mart\u00ednez Castell\u00f3, Rosa M\u00aa L\u00f3pez Mart\u00ednez i Samuel Serrano Salar\n<\/p>\n<p><b>Autors :<\/b><\/p>\n<p>Jos\u00e9 Ram\u00f3n Ortega P\u00e9rez i Immaculada Reina G\u00f3mez (ARPA Patrimoni, SL)<\/p>\n<p><b>Promotors: <\/b><\/p>\n<p>Excm. Ajuntament d&#039;Aspe<\/p>\n<p><b>Dip\u00f2sit de materials: <\/b><\/p>\n<p>Museu Hist\u00f2ric Centre Casa El Cisco d&#039;Aspe<\/p>\n<p><b>Coordenades UTM: <\/b><\/p>\n<p>X 694888 \u2013 I 4246820<\/p>\n<p><b>Document PDF: <\/b><\/p>\n    \n    <div class=\"documento-item\">\n                    <h2 class=\"documento-title\">Descarregar aqu\u00ed<\/h2>\n        \n        \n                    <a href=\"https:\/\/marqalicante.com\/contenido\/int_arqueologicas\/doc_27.pdf\" class=\"documento-btn\">\n                <i class=\"fas fa-file-pdf\"><\/i> Descarregar PDF\n            <\/a>\n            <\/div>","protected":false},"featured_media":45501,"template":"","meta":{"kia_subtitle":""},"product_brand":[],"product_cat":[2620],"product_tag":[],"class_list":{"0":"post-45263","1":"product","2":"type-product","3":"status-publish","4":"has-post-thumbnail","6":"product_cat-intervenciones-arqueologicas","8":"first","9":"instock","10":"virtual","11":"product-type-simple"},"meta_box":{"ia_expediente":"","ia_ano":"","ia_fechas_de_actuacion":"","ia_municipios_comarcas":"","ia_directores":"","ia_periodos_culturales":"","ia_tipos_de_intervencion":"","ia_equipo_tecnico":"","ia_autores":"","ia_promotores":"","ia_deposito_de_materiales":"","ia_coordenadas_utm":""},"_links":{"self":[{"href":"https:\/\/marqalicante-admin.qwair.com\/va\/wp-json\/wp\/v2\/product\/45263","targetHints":{"allow":["GET"]}}],"collection":[{"href":"https:\/\/marqalicante-admin.qwair.com\/va\/wp-json\/wp\/v2\/product"}],"about":[{"href":"https:\/\/marqalicante-admin.qwair.com\/va\/wp-json\/wp\/v2\/types\/product"}],"wp:featuredmedia":[{"embeddable":true,"href":"https:\/\/marqalicante-admin.qwair.com\/va\/wp-json\/wp\/v2\/media\/45501"}],"wp:attachment":[{"href":"https:\/\/marqalicante-admin.qwair.com\/va\/wp-json\/wp\/v2\/media?parent=45263"}],"wp:term":[{"taxonomy":"product_brand","embeddable":true,"href":"https:\/\/marqalicante-admin.qwair.com\/va\/wp-json\/wp\/v2\/product_brand?post=45263"},{"taxonomy":"product_cat","embeddable":true,"href":"https:\/\/marqalicante-admin.qwair.com\/va\/wp-json\/wp\/v2\/product_cat?post=45263"},{"taxonomy":"product_tag","embeddable":true,"href":"https:\/\/marqalicante-admin.qwair.com\/va\/wp-json\/wp\/v2\/product_tag?post=45263"}],"curies":[{"name":"wp","href":"https:\/\/api.w.org\/{rel}","templated":true}]}}