{"id":45250,"date":"2025-04-04T06:24:14","date_gmt":"2025-04-04T06:24:14","guid":{"rendered":"https:\/\/marqalicante-admin.qwair.com\/producto\/variante-de-la-carretera-cv-70-alcoi-benidorm\/"},"modified":"2025-04-07T08:06:09","modified_gmt":"2025-04-07T08:06:09","slug":"variante-de-la-carretera-cv-70-alcoi-benidorm","status":"publish","type":"product","link":"https:\/\/marqalicante-admin.qwair.com\/va\/producte\/variante-de-la-carretera-cv-70-alcoi-benidorm\/","title":{"rendered":"Variante de la carretera CV-70. Alcoi \u2013 Benidorm"},"content":{"rendered":"","protected":false},"excerpt":{"rendered":"<p><b>Expedient: <\/b><\/p>\n<p>2009\/0563-A<\/p>\n<p><b>Any: <\/b><\/p>\n<p>2011<\/p>\n<p><b>Dates dactuaci\u00f3: <\/b><\/p>\n<p>14-01-2011 a 10-02-2011<\/p>\n<p><b>Municipis (Comarques): <\/b><\/p>\n<p>ALCOLECHA&#44; ALCOY \/ ALCOI&#44; ALF\u00c0S DEL PI&#44; L&#8217;&#44; ALTEA&#44; BENASAU&#44; BENIARD\u00c0&#44; BENIFATO&#44; BENILLOBA&#44; BENIMANTELL&#44; CASTELL DE GUADALEST&#44; EL&#44; COCENTAINA&#44; CONFRIDES&#44; NUCIA&#44; LA&#44; PEN\u00c0GUILA&#44; POLOP<\/p>\n<p><b>Directors:<\/b><\/p>\n<p>Escol\u00e0 Mart\u00ednez&#44; Marta&#44; L\u00f3pez Recio&#44; Mario<\/p>\n<p><b>Per\u00edodes culturals: <\/b><\/p>\n<p>Bajomedieval&#44; Edad del Bronce&#44; Ib\u00e9rico&#44; Isl\u00e1mico&#44; Moderno&#44; Neol\u00edtico&#44; Romano&#44; Tardoantiguo<\/p>\n<p><b>Tipus d&#039;intervenci\u00f3:<\/b><\/p>\n<p>Prospecci\u00f3 arqueol\u00f2gica i etnol\u00f2gica<\/p>\n<p><b>Equip T\u00e8cnic: <\/b><\/p>\n<p>Amparo Valc\u00e1rcel Estors y Joan Garibo Bod\u00ed<\/p>\n<p><b>Autors :<\/b><\/p>\n<p>Marta Escol\u00e0 Mart\u00ednez&#44; Mario L\u00f3pez Recio&#44; Jorge Mor\u00edn de Pablos&#44; Amparo Valc\u00e1rcel Estors y Joan Garibo Bod\u00ed (AUDEMA)\n<\/p>\n<p><b>Promotors: <\/b><\/p>\n<p>Conselleria d\u2019Infraestructures&#44; Territori i Medi Ambient. Generalitat Valenciana<\/p>\n<p><b>Dip\u00f2sit de materials: <\/b><\/p>\n<p>No es va recuperar material arqueol\u00f2gic<\/p>\n<p><b>Coordenades UTM: <\/b><\/p>\n<p>X 740290 \u2013 Y 4285711<\/p>\n<p><b>Document PDF: <\/b><\/p>\n    \n    <div class=\"documento-item\">\n                    <h2 class=\"documento-title\">Descarregar aqu\u00ed<\/h2>\n        \n        \n                    <a href=\"https:\/\/marqalicante.com\/contenido\/int_arqueologicas\/doc_11.pdf\" class=\"documento-btn\">\n                <i class=\"fas fa-file-pdf\"><\/i> Descarregar PDF\n            <\/a>\n            <\/div>","protected":false},"featured_media":45501,"template":"","meta":{"kia_subtitle":""},"product_brand":[],"product_cat":[2620],"product_tag":[],"class_list":{"0":"post-45250","1":"product","2":"type-product","3":"status-publish","4":"has-post-thumbnail","6":"product_cat-intervenciones-arqueologicas","8":"first","9":"instock","10":"virtual","11":"product-type-simple"},"meta_box":{"ia_expediente":"","ia_ano":"","ia_fechas_de_actuacion":"","ia_municipios_comarcas":"","ia_directores":"","ia_periodos_culturales":"","ia_tipos_de_intervencion":"","ia_equipo_tecnico":"","ia_autores":"","ia_promotores":"","ia_deposito_de_materiales":"","ia_coordenadas_utm":""},"_links":{"self":[{"href":"https:\/\/marqalicante-admin.qwair.com\/va\/wp-json\/wp\/v2\/product\/45250","targetHints":{"allow":["GET"]}}],"collection":[{"href":"https:\/\/marqalicante-admin.qwair.com\/va\/wp-json\/wp\/v2\/product"}],"about":[{"href":"https:\/\/marqalicante-admin.qwair.com\/va\/wp-json\/wp\/v2\/types\/product"}],"wp:featuredmedia":[{"embeddable":true,"href":"https:\/\/marqalicante-admin.qwair.com\/va\/wp-json\/wp\/v2\/media\/45501"}],"wp:attachment":[{"href":"https:\/\/marqalicante-admin.qwair.com\/va\/wp-json\/wp\/v2\/media?parent=45250"}],"wp:term":[{"taxonomy":"product_brand","embeddable":true,"href":"https:\/\/marqalicante-admin.qwair.com\/va\/wp-json\/wp\/v2\/product_brand?post=45250"},{"taxonomy":"product_cat","embeddable":true,"href":"https:\/\/marqalicante-admin.qwair.com\/va\/wp-json\/wp\/v2\/product_cat?post=45250"},{"taxonomy":"product_tag","embeddable":true,"href":"https:\/\/marqalicante-admin.qwair.com\/va\/wp-json\/wp\/v2\/product_tag?post=45250"}],"curies":[{"name":"wp","href":"https:\/\/api.w.org\/{rel}","templated":true}]}}