{"id":45248,"date":"2025-04-04T06:24:13","date_gmt":"2025-04-04T06:24:13","guid":{"rendered":"https:\/\/marqalicante-admin.qwair.com\/producto\/actualizacion-y-realizacion-del-inventario-de-los-yacimientos-arqueologicos-con-arte-rupestre-en-la-comunidad-valenciana-provincia-de-alicante\/"},"modified":"2025-04-07T08:06:08","modified_gmt":"2025-04-07T08:06:08","slug":"actualizacion-y-realizacion-del-inventario-de-los-yacimientos-arqueologicos-con-arte-rupestre-en-la-comunidad-valenciana-provincia-de-alicante","status":"publish","type":"product","link":"https:\/\/marqalicante-admin.qwair.com\/va\/producte\/actualizacion-y-realizacion-del-inventario-de-los-yacimientos-arqueologicos-con-arte-rupestre-en-la-comunidad-valenciana-provincia-de-alicante\/","title":{"rendered":"Actualitzaci\u00f3 i realitzaci\u00f3 de l&#039;inventari dels jaciments arqueol\u00f2gics amb art rupestre a la Comunitat Valenciana. Prov\u00edncia d&#039;Alacant"},"content":{"rendered":"","protected":false},"excerpt":{"rendered":"<p><b>Expedient: <\/b><\/p>\n<p>2009\/0114-A<\/p>\n<p><b>Any: <\/b><\/p>\n<p>2010<\/p>\n<p><b>Dates dactuaci\u00f3: <\/b><\/p>\n<p>2010<\/p>\n<p><b>Municipis (Comarques): <\/b><\/p>\n<p><b>Directors:<\/b><\/p>\n<p>Barciela Gonz\u00e1lez, Virg\u00ednia, Garc\u00eda Ati\u00e9nzar, Gabriel, Hern\u00e1ndez P\u00e9rez, Mauro S.<\/p>\n<p><b>Per\u00edodes culturals: <\/b><\/p>\n<p>Contempor\u00e1neo&#44; Paleol\u00edtico<\/p>\n<p><b>Tipus d&#039;intervenci\u00f3:<\/b><\/p>\n<p>Documentaci\u00f3<\/p>\n<p><b>Equip T\u00e8cnic: <\/b><\/p>\n<p>Francisco Javier Molina Hern\u00e1ndez y Joaqu\u00edn Martorell Briz<\/p>\n<p><b>Autors :<\/b><\/p>\n<p>Mauro S. Hern\u00e1ndez P\u00e9rez&#44; Virginia Barciela Gonz\u00e1lez y Gabriel Garc\u00eda Ati\u00e9nzar<\/p>\n<p><b>Promotors: <\/b><\/p>\n<p>Conselleria de Cultura i Esport. Generalitat Valenciana<\/p>\n<p><b>Dip\u00f2sit de materials: <\/b><\/p>\n<p>No es va recuperar material arqueol\u00f2gic<\/p>\n<p><b>Coordenades UTM: <\/b><\/p>\n<p>\uf02d \u2013<\/p>\n<p><b>Document PDF: <\/b><\/p>\n    \n    <div class=\"documento-item\">\n                    <h2 class=\"documento-title\">Descarregar aqu\u00ed<\/h2>\n        \n        \n                    <a href=\"https:\/\/marqalicante.com\/contenido\/int_arqueologicas\/doc_9.pdf\" class=\"documento-btn\">\n                <i class=\"fas fa-file-pdf\"><\/i> Descarregar PDF\n            <\/a>\n            <\/div>","protected":false},"featured_media":45501,"template":"","meta":{"kia_subtitle":""},"product_brand":[],"product_cat":[2620],"product_tag":[],"class_list":{"0":"post-45248","1":"product","2":"type-product","3":"status-publish","4":"has-post-thumbnail","6":"product_cat-intervenciones-arqueologicas","8":"first","9":"instock","10":"virtual","11":"product-type-simple"},"meta_box":{"ia_expediente":"","ia_ano":"","ia_fechas_de_actuacion":"","ia_municipios_comarcas":"","ia_directores":"","ia_periodos_culturales":"","ia_tipos_de_intervencion":"","ia_equipo_tecnico":"","ia_autores":"","ia_promotores":"","ia_deposito_de_materiales":"","ia_coordenadas_utm":""},"_links":{"self":[{"href":"https:\/\/marqalicante-admin.qwair.com\/va\/wp-json\/wp\/v2\/product\/45248","targetHints":{"allow":["GET"]}}],"collection":[{"href":"https:\/\/marqalicante-admin.qwair.com\/va\/wp-json\/wp\/v2\/product"}],"about":[{"href":"https:\/\/marqalicante-admin.qwair.com\/va\/wp-json\/wp\/v2\/types\/product"}],"wp:featuredmedia":[{"embeddable":true,"href":"https:\/\/marqalicante-admin.qwair.com\/va\/wp-json\/wp\/v2\/media\/45501"}],"wp:attachment":[{"href":"https:\/\/marqalicante-admin.qwair.com\/va\/wp-json\/wp\/v2\/media?parent=45248"}],"wp:term":[{"taxonomy":"product_brand","embeddable":true,"href":"https:\/\/marqalicante-admin.qwair.com\/va\/wp-json\/wp\/v2\/product_brand?post=45248"},{"taxonomy":"product_cat","embeddable":true,"href":"https:\/\/marqalicante-admin.qwair.com\/va\/wp-json\/wp\/v2\/product_cat?post=45248"},{"taxonomy":"product_tag","embeddable":true,"href":"https:\/\/marqalicante-admin.qwair.com\/va\/wp-json\/wp\/v2\/product_tag?post=45248"}],"curies":[{"name":"wp","href":"https:\/\/api.w.org\/{rel}","templated":true}]}}