{"id":45247,"date":"2025-04-04T06:24:13","date_gmt":"2025-04-04T06:24:13","guid":{"rendered":"https:\/\/marqalicante-admin.qwair.com\/producto\/cabezo-redondo-puesta-en-valor-fase-ia-departamentos-xix-xxv-xxvi-y-xxvii\/"},"modified":"2025-04-07T08:06:08","modified_gmt":"2025-04-07T08:06:08","slug":"cabezo-redondo-puesta-en-valor-fase-ia-departamentos-xix-xxv-xxvi-y-xxvii","status":"publish","type":"product","link":"https:\/\/marqalicante-admin.qwair.com\/va\/producte\/cabezo-redondo-puesta-en-valor-fase-ia-departamentos-xix-xxv-xxvi-y-xxvii\/","title":{"rendered":"Cap\u00e7al Rod\u00f3. Posada en valor Fase IA. Departaments XIX, XXV, XXVI i XXVII"},"content":{"rendered":"","protected":false},"excerpt":{"rendered":"<p><b>Expedient: <\/b><\/p>\n<p>2009\/0102-A<\/p>\n<p><b>Any: <\/b><\/p>\n<p>2011<\/p>\n<p><b>Dates dactuaci\u00f3: <\/b><\/p>\n<p>09-2010 a 02-2011<\/p>\n<p><b>Municipis (Comarques): <\/b><\/p>\n<p>VILLENA<\/p>\n<p><b>Directors:<\/b><\/p>\n<p>Barciela Gonz\u00e1lez, Virg\u00ednia, Hern\u00e1ndez P\u00e9rez, Mauro S., L\u00f3pez Segu\u00ed, Eduardo<\/p>\n<p><b>Per\u00edodes culturals: <\/b><\/p>\n<p>Edat del Bronze<\/p>\n<p><b>Tipus d&#039;intervenci\u00f3:<\/b><\/p>\n<p>Excavaci\u00f3 arqueol\u00f2gica, Seguiment arqueol\u00f2gic<\/p>\n<p><b>Equip T\u00e8cnic: <\/b><\/p>\n<p>Israel Esp\u00ed P\u00e9rez, Adela S\u00e1nchez Lard\u00edes i Ignasi Segura Mart\u00ednez<\/p>\n<p><b>Autors :<\/b><\/p>\n<p>Virginia Barciela Gonz\u00e1lez i Eduardo L\u00f3pez Segu\u00ed<\/p>\n<p><b>Promotors: <\/b><\/p>\n<p>Ministeri de Foment \u2013 Generalitat Valenciana<\/p>\n<p><b>Dip\u00f2sit de materials: <\/b><\/p>\n<p>Museu Arqueol\u00f2gic Municipal Jos\u00e9 Mar\u00eda Soler de Villena<\/p>\n<p><b>Coordenades UTM: <\/b><\/p>\n<p>X 683564 \u2013 I 4273912<\/p>\n<p><b>Document PDF: <\/b><\/p>\n    \n    <div class=\"documento-item\">\n                    <h2 class=\"documento-title\">Descarregar aqu\u00ed<\/h2>\n        \n        \n                    <a href=\"https:\/\/marqalicante.com\/contenido\/int_arqueologicas\/doc_8.pdf\" class=\"documento-btn\">\n                <i class=\"fas fa-file-pdf\"><\/i> Descarregar PDF\n            <\/a>\n            <\/div>","protected":false},"featured_media":45501,"template":"","meta":{"kia_subtitle":""},"product_brand":[],"product_cat":[2620],"product_tag":[],"class_list":{"0":"post-45247","1":"product","2":"type-product","3":"status-publish","4":"has-post-thumbnail","6":"product_cat-intervenciones-arqueologicas","8":"first","9":"instock","10":"virtual","11":"product-type-simple"},"meta_box":{"ia_expediente":"","ia_ano":"","ia_fechas_de_actuacion":"","ia_municipios_comarcas":"","ia_directores":"","ia_periodos_culturales":"","ia_tipos_de_intervencion":"","ia_equipo_tecnico":"","ia_autores":"","ia_promotores":"","ia_deposito_de_materiales":"","ia_coordenadas_utm":""},"_links":{"self":[{"href":"https:\/\/marqalicante-admin.qwair.com\/va\/wp-json\/wp\/v2\/product\/45247","targetHints":{"allow":["GET"]}}],"collection":[{"href":"https:\/\/marqalicante-admin.qwair.com\/va\/wp-json\/wp\/v2\/product"}],"about":[{"href":"https:\/\/marqalicante-admin.qwair.com\/va\/wp-json\/wp\/v2\/types\/product"}],"wp:featuredmedia":[{"embeddable":true,"href":"https:\/\/marqalicante-admin.qwair.com\/va\/wp-json\/wp\/v2\/media\/45501"}],"wp:attachment":[{"href":"https:\/\/marqalicante-admin.qwair.com\/va\/wp-json\/wp\/v2\/media?parent=45247"}],"wp:term":[{"taxonomy":"product_brand","embeddable":true,"href":"https:\/\/marqalicante-admin.qwair.com\/va\/wp-json\/wp\/v2\/product_brand?post=45247"},{"taxonomy":"product_cat","embeddable":true,"href":"https:\/\/marqalicante-admin.qwair.com\/va\/wp-json\/wp\/v2\/product_cat?post=45247"},{"taxonomy":"product_tag","embeddable":true,"href":"https:\/\/marqalicante-admin.qwair.com\/va\/wp-json\/wp\/v2\/product_tag?post=45247"}],"curies":[{"name":"wp","href":"https:\/\/api.w.org\/{rel}","templated":true}]}}