{"id":35984,"date":"2025-03-05T18:25:20","date_gmt":"2025-03-05T18:25:20","guid":{"rendered":"https:\/\/marqalicante-admin.qwair.com\/item\/real-de-a-4-ano-1790\/"},"modified":"2025-03-05T18:28:07","modified_gmt":"2025-03-05T18:28:07","slug":"real-de-a-4-ano-1790","status":"publish","type":"product","link":"https:\/\/marqalicante-admin.qwair.com\/va\/producte\/real-de-a-4-ano-1790\/","title":{"rendered":"<b>Reial de 4<\/b>   Any 1790"},"content":{"rendered":"","protected":false},"excerpt":{"rendered":"<h3>Edat moderna<\/h3>\n<p><b>Metall:<\/b> Plata.<br \/><b>Entitat emissora: <\/b> Espanya. Carles IV.<br \/><b>Seca:<\/b> M\u00e8xic.<br \/><b>Data:<\/b> Any 1790<br \/><b>Anvers:<\/b><br \/> Bust llorejat a dreta amb perruqu\u00ed, lla\u00e7, cuirassa i mantell. Llegenda: CAROLUS IIII DEI GRATIA 1790.<br \/><b>Revers:<\/b><br \/> Escut coronat i quartejat amb les armes de Castella i Lle\u00f3 i Granada i al centre escus\u00f3 de la Dinastia Borb\u00f3. Als costats, columnes d&#039;H\u00e8rcules amb cintes enrotllades amb el lema PLUS ULTRA. Llegenda: HISPAN ET IND REX. Marca de seca: M coronada d&#039;O. Signe de valor: 4 R. Assajadors: F M.<br \/><b>Pes:<\/b> 13.33 g \u2013 <b>Di\u00e0metre:<\/b> 34.8 mm \u2013 <b>Eixos:<\/b> 12 h.<br \/><b>Descrita a:<\/b> Calic\u00f3 Estivill, F., Calic\u00f3 Estivill, X., Blat Reial, J., 1994: Les monedes espanyoles des de Fernando i Isabel a Joan Carles I. Anys: 1474 a 1994, Barcelona, p. 515, tipus 93, n\u00fam. 770.<br \/><b>Publicada a:<\/b><br \/>Ramon S\u00e1nchez, JJ, 2013: El Tessor de Sant Joan d&#039;Alacant, Alacant, 2013, p. 84 i 136 n\u00fam. 382.<br \/><b>N\u00famero Inventari Monetari:<\/b> 3881.<br \/>Troballa casual. Tresor de Sant Joan d&#039;Alacant<\/p>","protected":false},"featured_media":35726,"template":"","meta":{"kia_subtitle":""},"product_brand":[],"product_cat":[2316],"product_tag":[],"class_list":{"0":"post-35984","1":"product","2":"type-product","3":"status-publish","4":"has-post-thumbnail","6":"product_cat-catalogo-numismatico","8":"first","9":"instock","10":"virtual","11":"product-type-simple"},"meta_box":{"ia_expediente":"","ia_ano":"","ia_fechas_de_actuacion":"","ia_municipios_comarcas":"","ia_directores":"","ia_periodos_culturales":"","ia_tipos_de_intervencion":"","ia_equipo_tecnico":"","ia_autores":"","ia_promotores":"","ia_deposito_de_materiales":"","ia_coordenadas_utm":""},"_links":{"self":[{"href":"https:\/\/marqalicante-admin.qwair.com\/va\/wp-json\/wp\/v2\/product\/35984","targetHints":{"allow":["GET"]}}],"collection":[{"href":"https:\/\/marqalicante-admin.qwair.com\/va\/wp-json\/wp\/v2\/product"}],"about":[{"href":"https:\/\/marqalicante-admin.qwair.com\/va\/wp-json\/wp\/v2\/types\/product"}],"wp:featuredmedia":[{"embeddable":true,"href":"https:\/\/marqalicante-admin.qwair.com\/va\/wp-json\/wp\/v2\/media\/35726"}],"wp:attachment":[{"href":"https:\/\/marqalicante-admin.qwair.com\/va\/wp-json\/wp\/v2\/media?parent=35984"}],"wp:term":[{"taxonomy":"product_brand","embeddable":true,"href":"https:\/\/marqalicante-admin.qwair.com\/va\/wp-json\/wp\/v2\/product_brand?post=35984"},{"taxonomy":"product_cat","embeddable":true,"href":"https:\/\/marqalicante-admin.qwair.com\/va\/wp-json\/wp\/v2\/product_cat?post=35984"},{"taxonomy":"product_tag","embeddable":true,"href":"https:\/\/marqalicante-admin.qwair.com\/va\/wp-json\/wp\/v2\/product_tag?post=35984"}],"curies":[{"name":"wp","href":"https:\/\/api.w.org\/{rel}","templated":true}]}}