{"id":35980,"date":"2025-03-05T18:25:19","date_gmt":"2025-03-05T18:25:19","guid":{"rendered":"https:\/\/marqalicante-admin.qwair.com\/item\/ocho-escudos-ano-1779\/"},"modified":"2025-03-05T18:28:06","modified_gmt":"2025-03-05T18:28:06","slug":"ocho-escudos-ano-1779","status":"publish","type":"product","link":"https:\/\/marqalicante-admin.qwair.com\/va\/producte\/ocho-escudos-ano-1779\/","title":{"rendered":"<b>Vuit escuts<\/b>   Any 1779"},"content":{"rendered":"","protected":false},"excerpt":{"rendered":"<h3>Edat moderna<\/h3>\n<p><b>Metall:<\/b> Or.<br \/><b>Entitat emissora: <\/b> Espanya. Carles III.<br \/><b>Seca:<\/b> Lima (Per\u00fa).<br \/><b>Data:<\/b> Any 1779<br \/><b>Anvers:<\/b><br \/> Bust a dreta amb perruca, mantell i cuirassa. Llegenda: CAROL III DG HISP ET IND R 1779.<br \/><b>Revers:<\/b><br \/> Escut coronat envoltat del tois\u00f3 d&#039;or. L&#039;interior de l&#039;escut est\u00e0 dividit en deu casernes amb les armes d&#039;Arag\u00f3, Sic\u00edlia, \u00c0ustria, Borgonya antic i modern, Parma, Toscana, Flandes, Tirol i Brabant. A la part central, escut casernat amb armes de Castella i Lle\u00f3 amb escut de la casa de Borb\u00f3 al centre. Llegenda: IN UTROQ FELIX AUSPICE DEO. Marca de seca: MAE en anagrama. Signe de valor: 8 S. Assajadors: M I.<br \/><b>Pes:<\/b> 27.00 g \u2013 <b>Di\u00e0metre:<\/b> 39 mm \u2013 <b>Eixos:<\/b> 12 h.<br \/><b>Descrita a:<\/b> Calic\u00f3 Estivill, F., Calic\u00f3 Estivill, X., Blat Reial, J., 1994: Les monedes espanyoles des de Fernando i Isabel a Joan Carles I. Anys: 1474 a 1994, Barcelona, p. 451, tipus 11, n\u00fam. 56.<br \/><b>Publicada a:<\/b><br \/>Ramon S\u00e1nchez, JJ, 2013: El Tessor de Sant Joan d&#039;Alacant, Alacant, 2013, p. 71 i 116 n\u00fam. 210.<br \/><b>N\u00famero Inventari Monetari:<\/b> 3766.<br \/>Troballa casual. Tresor de Sant Joan d&#039;Alacant<\/p>","protected":false},"featured_media":35714,"template":"","meta":{"kia_subtitle":""},"product_brand":[],"product_cat":[2316],"product_tag":[],"class_list":{"0":"post-35980","1":"product","2":"type-product","3":"status-publish","4":"has-post-thumbnail","6":"product_cat-catalogo-numismatico","8":"first","9":"instock","10":"virtual","11":"product-type-simple"},"meta_box":{"ia_expediente":"","ia_ano":"","ia_fechas_de_actuacion":"","ia_municipios_comarcas":"","ia_directores":"","ia_periodos_culturales":"","ia_tipos_de_intervencion":"","ia_equipo_tecnico":"","ia_autores":"","ia_promotores":"","ia_deposito_de_materiales":"","ia_coordenadas_utm":""},"_links":{"self":[{"href":"https:\/\/marqalicante-admin.qwair.com\/va\/wp-json\/wp\/v2\/product\/35980","targetHints":{"allow":["GET"]}}],"collection":[{"href":"https:\/\/marqalicante-admin.qwair.com\/va\/wp-json\/wp\/v2\/product"}],"about":[{"href":"https:\/\/marqalicante-admin.qwair.com\/va\/wp-json\/wp\/v2\/types\/product"}],"wp:featuredmedia":[{"embeddable":true,"href":"https:\/\/marqalicante-admin.qwair.com\/va\/wp-json\/wp\/v2\/media\/35714"}],"wp:attachment":[{"href":"https:\/\/marqalicante-admin.qwair.com\/va\/wp-json\/wp\/v2\/media?parent=35980"}],"wp:term":[{"taxonomy":"product_brand","embeddable":true,"href":"https:\/\/marqalicante-admin.qwair.com\/va\/wp-json\/wp\/v2\/product_brand?post=35980"},{"taxonomy":"product_cat","embeddable":true,"href":"https:\/\/marqalicante-admin.qwair.com\/va\/wp-json\/wp\/v2\/product_cat?post=35980"},{"taxonomy":"product_tag","embeddable":true,"href":"https:\/\/marqalicante-admin.qwair.com\/va\/wp-json\/wp\/v2\/product_tag?post=35980"}],"curies":[{"name":"wp","href":"https:\/\/api.w.org\/{rel}","templated":true}]}}