{"id":35979,"date":"2025-03-05T18:25:18","date_gmt":"2025-03-05T18:25:18","guid":{"rendered":"https:\/\/marqalicante-admin.qwair.com\/item\/real-de-a-2-ano-1757\/"},"modified":"2025-03-05T18:28:06","modified_gmt":"2025-03-05T18:28:06","slug":"real-de-a-2-ano-1757","status":"publish","type":"product","link":"https:\/\/marqalicante-admin.qwair.com\/va\/producte\/real-de-a-2-ano-1757\/","title":{"rendered":"<b>Reial de 2<\/b>   Any 1757"},"content":{"rendered":"","protected":false},"excerpt":{"rendered":"<h3>Edat moderna<\/h3>\n<p><b>Metall:<\/b> Plata.<br \/><b>Entitat emissora: <\/b> Espanya. Ferran VI.<br \/><b>Seca:<\/b> M\u00e8xic.<br \/><b>Data:<\/b> Any 1757<br \/><b>Anvers:<\/b><br \/> Escut coronat i caserna amb les armes de Castella i Lle\u00f3 i Granada. Al centre, escus\u00f3 de la dinastia Borb\u00f3. Llegenda: FRD VI DG HISP ET IND R.<br \/><b>Revers:<\/b><br \/> Sobre onades de mar, dos mons coronats entre les columnes d&#039;H\u00e8rcules coronades i amb el lema PLUS VLTRA. Llegenda: VTRA QUE VNUM 1757. Marca de seca: M superada d&#039;O. Signe de valor: R 2. Assajador: M.<br \/><b>Pes:<\/b> 6.31 g \u2013 <b>Di\u00e0metre:<\/b> 26.8 mm \u2013 <b>Eixos:<\/b> 12 h.<br \/><b>Descrita a:<\/b> Calic\u00f3 Estivill, F., Calic\u00f3 Estivill, X., Blat Reial, J., 1994: Les monedes espanyoles des de Fernando i Isabel a Joan Carles I. Anys: 1474 a 1994, Barcelona, p. 440, tipus 94, n\u00fam. 438.<br \/><b>Publicada a:<\/b><br \/>Ramon S\u00e1nchez, JJ, 2013: El Tessor de Sant Joan d&#039;Alacant, Alacant, 2013, p. 70 i 115 n\u00fam. 194.<br \/><b>N\u00famero Inventari Monetari:<\/b> 4067.<br \/>Troballa casual. Tresor de Sant Joan d&#039;Alacant<\/p>","protected":false},"featured_media":35711,"template":"","meta":{"kia_subtitle":""},"product_brand":[],"product_cat":[2316],"product_tag":[],"class_list":{"0":"post-35979","1":"product","2":"type-product","3":"status-publish","4":"has-post-thumbnail","6":"product_cat-catalogo-numismatico","8":"first","9":"instock","10":"virtual","11":"product-type-simple"},"meta_box":{"ia_expediente":"","ia_ano":"","ia_fechas_de_actuacion":"","ia_municipios_comarcas":"","ia_directores":"","ia_periodos_culturales":"","ia_tipos_de_intervencion":"","ia_equipo_tecnico":"","ia_autores":"","ia_promotores":"","ia_deposito_de_materiales":"","ia_coordenadas_utm":""},"_links":{"self":[{"href":"https:\/\/marqalicante-admin.qwair.com\/va\/wp-json\/wp\/v2\/product\/35979","targetHints":{"allow":["GET"]}}],"collection":[{"href":"https:\/\/marqalicante-admin.qwair.com\/va\/wp-json\/wp\/v2\/product"}],"about":[{"href":"https:\/\/marqalicante-admin.qwair.com\/va\/wp-json\/wp\/v2\/types\/product"}],"wp:featuredmedia":[{"embeddable":true,"href":"https:\/\/marqalicante-admin.qwair.com\/va\/wp-json\/wp\/v2\/media\/35711"}],"wp:attachment":[{"href":"https:\/\/marqalicante-admin.qwair.com\/va\/wp-json\/wp\/v2\/media?parent=35979"}],"wp:term":[{"taxonomy":"product_brand","embeddable":true,"href":"https:\/\/marqalicante-admin.qwair.com\/va\/wp-json\/wp\/v2\/product_brand?post=35979"},{"taxonomy":"product_cat","embeddable":true,"href":"https:\/\/marqalicante-admin.qwair.com\/va\/wp-json\/wp\/v2\/product_cat?post=35979"},{"taxonomy":"product_tag","embeddable":true,"href":"https:\/\/marqalicante-admin.qwair.com\/va\/wp-json\/wp\/v2\/product_tag?post=35979"}],"curies":[{"name":"wp","href":"https:\/\/api.w.org\/{rel}","templated":true}]}}