{"id":35973,"date":"2025-03-05T18:25:16","date_gmt":"2025-03-05T18:25:16","guid":{"rendered":"https:\/\/marqalicante-admin.qwair.com\/item\/real-de-a-1-ano-1754\/"},"modified":"2025-03-05T18:28:05","modified_gmt":"2025-03-05T18:28:05","slug":"real-de-a-1-ano-1754","status":"publish","type":"product","link":"https:\/\/marqalicante-admin.qwair.com\/va\/producte\/real-de-a-1-ano-1754\/","title":{"rendered":"<b>Reial de 1<\/b>   Any 1754."},"content":{"rendered":"","protected":false},"excerpt":{"rendered":"<h3>Edat moderna<\/h3>\n<p><b>Metall:<\/b> Plata.<br \/><b>Entitat emissora: <\/b> Espanya. Ferran VI.<br \/><b>Seca:<\/b> Madrid.<br \/><b>Data:<\/b> Any 1754.<br \/><b>Anvers:<\/b><br \/> Escut coronat i caserna amb les armes de Castella, Lle\u00f3, Granada, Aragon, Sic\u00edlia, \u00c0ustria, Borgonya antic i modern, Brabant, Flandes i Tirol. Al centre, escus\u00f3 de la dinastia Borb\u00f3. Llegenda: FERDINANDUS VI D G. Marca de seca: M coronada. Marca de valor: R I. Assajadors: J B.<br \/><b>Revers:<\/b><br \/> Creu equil\u00e0tera esquina de castells i lleons inscrita a orla polilobulada. Llegenda: HISPANIARUM REX 1754.<br \/><b>Pes:<\/b> 2.86 g \u2013 <b>Di\u00e0metre:<\/b> 21 mm \u2013 <b>Eixos:<\/b> 12 h.<br \/><b>Descrita a:<\/b> Calic\u00f3 Estivill, F., Calic\u00f3 Estivill, X., Blat Reial, J., 1994: Les monedes espanyoles des de Fernando i Isabel a Joan Carles I. Anys: 1474 a 1994, Barcelona, p. 441, tipus 96, n\u00fam. 471.<br \/>\n<br \/><b>Publicada a:<\/b><br \/>Ramon S\u00e1nchez, JJ, 2013: El Tessor de Sant Joan d&#039;Alacant, Alacant, 2013, p. 70 i 114 n\u00fam. 184.<br \/><b>N\u00famero Inventari Monetari:<\/b> 4196.<br \/>Troballa casual. Tresor de Sant Joan d&#039;Alacant<\/p>","protected":false},"featured_media":35693,"template":"","meta":{"kia_subtitle":""},"product_brand":[],"product_cat":[2316],"product_tag":[],"class_list":{"0":"post-35973","1":"product","2":"type-product","3":"status-publish","4":"has-post-thumbnail","6":"product_cat-catalogo-numismatico","8":"first","9":"instock","10":"virtual","11":"product-type-simple"},"meta_box":{"ia_expediente":"","ia_ano":"","ia_fechas_de_actuacion":"","ia_municipios_comarcas":"","ia_directores":"","ia_periodos_culturales":"","ia_tipos_de_intervencion":"","ia_equipo_tecnico":"","ia_autores":"","ia_promotores":"","ia_deposito_de_materiales":"","ia_coordenadas_utm":""},"_links":{"self":[{"href":"https:\/\/marqalicante-admin.qwair.com\/va\/wp-json\/wp\/v2\/product\/35973","targetHints":{"allow":["GET"]}}],"collection":[{"href":"https:\/\/marqalicante-admin.qwair.com\/va\/wp-json\/wp\/v2\/product"}],"about":[{"href":"https:\/\/marqalicante-admin.qwair.com\/va\/wp-json\/wp\/v2\/types\/product"}],"wp:featuredmedia":[{"embeddable":true,"href":"https:\/\/marqalicante-admin.qwair.com\/va\/wp-json\/wp\/v2\/media\/35693"}],"wp:attachment":[{"href":"https:\/\/marqalicante-admin.qwair.com\/va\/wp-json\/wp\/v2\/media?parent=35973"}],"wp:term":[{"taxonomy":"product_brand","embeddable":true,"href":"https:\/\/marqalicante-admin.qwair.com\/va\/wp-json\/wp\/v2\/product_brand?post=35973"},{"taxonomy":"product_cat","embeddable":true,"href":"https:\/\/marqalicante-admin.qwair.com\/va\/wp-json\/wp\/v2\/product_cat?post=35973"},{"taxonomy":"product_tag","embeddable":true,"href":"https:\/\/marqalicante-admin.qwair.com\/va\/wp-json\/wp\/v2\/product_tag?post=35973"}],"curies":[{"name":"wp","href":"https:\/\/api.w.org\/{rel}","templated":true}]}}