{"id":35969,"date":"2025-03-05T18:25:15","date_gmt":"2025-03-05T18:25:15","guid":{"rendered":"https:\/\/marqalicante-admin.qwair.com\/item\/un-escudo-ano-1777\/"},"modified":"2025-03-05T18:28:05","modified_gmt":"2025-03-05T18:28:05","slug":"un-escudo-ano-1777","status":"publish","type":"product","link":"https:\/\/marqalicante-admin.qwair.com\/va\/producte\/un-escudo-ano-1777\/","title":{"rendered":"<b>Un escut<\/b>   Any 1777."},"content":{"rendered":"","protected":false},"excerpt":{"rendered":"<h3>Edat moderna<\/h3>\n<p><b>Metall:<\/b> Or.<br \/><b>Entitat emissora: <\/b> Espanya. Carles III.<br \/><b>Seca:<\/b> M\u00e8xic.<br \/><b>Data:<\/b> Any 1777.<br \/><b>Anvers:<\/b><br \/> Bust de Carles III a dreta amb mantell i cuirassa. Llegenda: CAROL III DG HISP ET IND R 1777.<br \/><b>Revers:<\/b><br \/> Escut coronat envoltat del tois\u00f3 d&#039;or. L&#039;interior de l&#039;escut est\u00e0 dividit en deu casernes amb les armes d&#039;Arag\u00f3, Sic\u00edlia, \u00c0ustria, Borgonya antic i modern, Parma, Toscana, Flandes, Tirol i Brabant. A la part central, escut casernat amb armes de Castella i Lle\u00f3 amb escut de la casa de Borb\u00f3 al centre. Llegenda: IN UTROQ FELIX A D. Marca de seca: M superada d&#039;O. Assajadors: F M. A camp, marca de valor: 1 S.<br \/>\n<br \/><b>Pes:<\/b> 3.35 g \u2013 <b>Di\u00e0metre:<\/b> 19 mm \u2013 <b>Eixos:<\/b> 12 h.<br \/><b>Descrita a:<\/b> Calic\u00f3 Estivill, F., Calic\u00f3 Estivill, X., Blat Reial, J., 1994: Les monedes espanyoles des de Fernando i Isabel a Joan Carles I. Anys: 1474 a 1994, Barcelona, 464, tipus 69, n\u00fam. 586.<br \/><b>Publicada a:<\/b><br \/>Ramon S\u00e1nchez, JJ, 2013: El Tessor de Sant Joan d&#039;Alacant, Alacant, 2013, p. 76 i 121 n\u00fam. 272.<br \/><b>N\u00famero Inventari Monetari:<\/b> 3779.<br \/>Troballa casual. Tresor de Sant Joan d&#039;Alacant<\/p>","protected":false},"featured_media":35681,"template":"","meta":{"kia_subtitle":""},"product_brand":[],"product_cat":[2316],"product_tag":[],"class_list":{"0":"post-35969","1":"product","2":"type-product","3":"status-publish","4":"has-post-thumbnail","6":"product_cat-catalogo-numismatico","8":"first","9":"instock","10":"virtual","11":"product-type-simple"},"meta_box":{"ia_expediente":"","ia_ano":"","ia_fechas_de_actuacion":"","ia_municipios_comarcas":"","ia_directores":"","ia_periodos_culturales":"","ia_tipos_de_intervencion":"","ia_equipo_tecnico":"","ia_autores":"","ia_promotores":"","ia_deposito_de_materiales":"","ia_coordenadas_utm":""},"_links":{"self":[{"href":"https:\/\/marqalicante-admin.qwair.com\/va\/wp-json\/wp\/v2\/product\/35969","targetHints":{"allow":["GET"]}}],"collection":[{"href":"https:\/\/marqalicante-admin.qwair.com\/va\/wp-json\/wp\/v2\/product"}],"about":[{"href":"https:\/\/marqalicante-admin.qwair.com\/va\/wp-json\/wp\/v2\/types\/product"}],"wp:featuredmedia":[{"embeddable":true,"href":"https:\/\/marqalicante-admin.qwair.com\/va\/wp-json\/wp\/v2\/media\/35681"}],"wp:attachment":[{"href":"https:\/\/marqalicante-admin.qwair.com\/va\/wp-json\/wp\/v2\/media?parent=35969"}],"wp:term":[{"taxonomy":"product_brand","embeddable":true,"href":"https:\/\/marqalicante-admin.qwair.com\/va\/wp-json\/wp\/v2\/product_brand?post=35969"},{"taxonomy":"product_cat","embeddable":true,"href":"https:\/\/marqalicante-admin.qwair.com\/va\/wp-json\/wp\/v2\/product_cat?post=35969"},{"taxonomy":"product_tag","embeddable":true,"href":"https:\/\/marqalicante-admin.qwair.com\/va\/wp-json\/wp\/v2\/product_tag?post=35969"}],"curies":[{"name":"wp","href":"https:\/\/api.w.org\/{rel}","templated":true}]}}