{"id":35964,"date":"2025-03-05T18:25:14","date_gmt":"2025-03-05T18:25:14","guid":{"rendered":"https:\/\/marqalicante-admin.qwair.com\/item\/moneda-anos-10-a-c-10-d-c\/"},"modified":"2025-03-05T18:28:04","modified_gmt":"2025-03-05T18:28:04","slug":"moneda-anos-10-a-c-10-d-c","status":"publish","type":"product","link":"https:\/\/marqalicante-admin.qwair.com\/va\/producte\/moneda-anos-10-a-c-10-d-c\/","title":{"rendered":"<b>Moneda<\/b>   Anys 10 a. C.-10 d. C."},"content":{"rendered":"","protected":false},"excerpt":{"rendered":"<h3>Imperi rom\u00e0<\/h3>\n<p><b>Metall:<\/b> Bronze.<br \/><b>Entitat emissora: <\/b> Cos (Gr\u00e8cia). August.<br \/><b>Seca:<\/b> Cos (Gr\u00e8cia).<br \/><b>Data:<\/b> Anys 10 a. C.-10 d. C.<br \/><b>Anvers:<\/b><br \/> Cap d&#039;August a dreta. Llegenda: \u03a3\u0395\u0392\u0391\u03a3\u03a4\u039f\u03a3.<br \/><b>Revers:<\/b><br \/> Clava i serp enroscada amb bast\u00f3. Llegenda: \u039a\u03a9\u0399\u03a9\u039d \u03a3\u039f\u03a6\u039f\u039a\u039b\u0397\u03a3.<br \/><b>Pes:<\/b> 3.19 g \u2013 <b>Di\u00e0metre:<\/b> 16 mm \u2013 <b>Eixos:<\/b> 12 h.<br \/><b>Descrita a:<\/b> RPC 2739<br \/><b>Publicada a:<\/b><br \/>Lafuente Vidal, J., 1954: \u201cRecords del passat\u201d, Revista oficial de les Fogueres de Sant Joan d&#039;Alacant, 15, Alacant; Mateu i Llopis, F., 1955: \u201cTrobades monet\u00e0ries XII\u201d, Numario Hispanico, IV, 7, p. 124; Ramon S\u00e1nchez, JJ, Garc\u00eda Barrachina, A., Verd\u00fa Parra, E., Bayo Fuentes, S., 2010: \u00abCat\u00e0leg. Antiguitat\u00bb, a Ram\u00f3n S\u00e1nchez, JJ (ed.), Monedes. Totes les cares de la Hist\u00f2ria. Col\u00b7leccions numism\u00e0tiques del MARQ, Alacant, p. 107.<br \/><b>N\u00famero Inventari Monetari:<\/b> 4574.<br \/>Excavaci\u00f3. Tossal de Manises<\/p>","protected":false},"featured_media":35666,"template":"","meta":{"kia_subtitle":""},"product_brand":[],"product_cat":[2316],"product_tag":[],"class_list":{"0":"post-35964","1":"product","2":"type-product","3":"status-publish","4":"has-post-thumbnail","6":"product_cat-catalogo-numismatico","8":"first","9":"instock","10":"virtual","11":"product-type-simple"},"meta_box":{"ia_expediente":"","ia_ano":"","ia_fechas_de_actuacion":"","ia_municipios_comarcas":"","ia_directores":"","ia_periodos_culturales":"","ia_tipos_de_intervencion":"","ia_equipo_tecnico":"","ia_autores":"","ia_promotores":"","ia_deposito_de_materiales":"","ia_coordenadas_utm":""},"_links":{"self":[{"href":"https:\/\/marqalicante-admin.qwair.com\/va\/wp-json\/wp\/v2\/product\/35964","targetHints":{"allow":["GET"]}}],"collection":[{"href":"https:\/\/marqalicante-admin.qwair.com\/va\/wp-json\/wp\/v2\/product"}],"about":[{"href":"https:\/\/marqalicante-admin.qwair.com\/va\/wp-json\/wp\/v2\/types\/product"}],"wp:featuredmedia":[{"embeddable":true,"href":"https:\/\/marqalicante-admin.qwair.com\/va\/wp-json\/wp\/v2\/media\/35666"}],"wp:attachment":[{"href":"https:\/\/marqalicante-admin.qwair.com\/va\/wp-json\/wp\/v2\/media?parent=35964"}],"wp:term":[{"taxonomy":"product_brand","embeddable":true,"href":"https:\/\/marqalicante-admin.qwair.com\/va\/wp-json\/wp\/v2\/product_brand?post=35964"},{"taxonomy":"product_cat","embeddable":true,"href":"https:\/\/marqalicante-admin.qwair.com\/va\/wp-json\/wp\/v2\/product_cat?post=35964"},{"taxonomy":"product_tag","embeddable":true,"href":"https:\/\/marqalicante-admin.qwair.com\/va\/wp-json\/wp\/v2\/product_tag?post=35964"}],"curies":[{"name":"wp","href":"https:\/\/api.w.org\/{rel}","templated":true}]}}