{"id":35959,"date":"2025-03-05T18:25:11","date_gmt":"2025-03-05T18:25:11","guid":{"rendered":"https:\/\/marqalicante-admin.qwair.com\/item\/as-anos-23-29-d-c\/"},"modified":"2025-03-05T18:28:02","modified_gmt":"2025-03-05T18:28:02","slug":"as-anos-23-29-d-c","status":"publish","type":"product","link":"https:\/\/marqalicante-admin.qwair.com\/va\/producte\/as-anos-23-29-d-c\/","title":{"rendered":"<b>As<\/b>   Anys 23-29 d. C."},"content":{"rendered":"","protected":false},"excerpt":{"rendered":"<h3>Imperi rom\u00e0<\/h3>\n<p><b>Metall:<\/b> Coure.<br \/><b>Entitat emissora: <\/b> Carthago Noua (Cartagena). Tiberi.<br \/><b>Seca:<\/b> Carthago Noua (Cartagena).<br \/><b>Data:<\/b> Anys 23-29 d. C.<br \/><b>Anvers:<\/b><br \/> Cap de Tiberi a esquerra. Llegenda: TU CAESAR DIVI AVGVSTI F AVGVSTVS P M.<br \/><b>Revers:<\/b><br \/> Caps afrontats de Ner\u00f3 i Druso. Llegenda: NERO ET DRVSVS CAESSARS QVINQ.<br \/><b>Pes:<\/b> 11.87 g \u2013 <b>Di\u00e0metre:<\/b> 27 mm \u2013 <b>Eixos:<\/b> 5 h.<br \/><b>Descrita a:<\/b> RPC 179; Vives, 132, 1; Llorens Forcada, MM, 1994: La ciutat de Carthago Nova: les emissions romanes, Universitat de M\u00farcia, XVIIA; Ripoll\u00e8s Alegre, PP, 2010: Les encunyacions provincials romanes d&#039;Hisp\u00e0nia, Madrid, p. 135. <br \/><b>Publicada a:<\/b><br \/>Ripoll\u00e8s Alegre, PP, 1982: La circulaci\u00f3 monet\u00e0ria a la Tarraconense Mediterr\u00e0nia, Val\u00e8ncia, p. 230, l\u00e0m. 43, n\u00fam. 291; Ramon S\u00e1nchez, JJ, Garc\u00eda Barrachina, A., Verd\u00fa Parra, E., Bayo Fuentes, S., 2010: \u00abCat\u00e0leg. Antiguitat\u00bb, a Ram\u00f3n S\u00e1nchez, JJ (ed.), Monedes. Totes les cares de la Hist\u00f2ria. Col\u00b7leccions numism\u00e0tiques del MARQ, Alacant, p. 109.<br \/><b>N\u00famero Inventari Monetari:<\/b> 1450.<br \/>Fons del MARQ. Fons Numism\u00e0tic Antic<\/p>","protected":false},"featured_media":35651,"template":"","meta":{"kia_subtitle":""},"product_brand":[],"product_cat":[2316],"product_tag":[],"class_list":{"0":"post-35959","1":"product","2":"type-product","3":"status-publish","4":"has-post-thumbnail","6":"product_cat-catalogo-numismatico","8":"first","9":"instock","10":"virtual","11":"product-type-simple"},"meta_box":{"ia_expediente":"","ia_ano":"","ia_fechas_de_actuacion":"","ia_municipios_comarcas":"","ia_directores":"","ia_periodos_culturales":"","ia_tipos_de_intervencion":"","ia_equipo_tecnico":"","ia_autores":"","ia_promotores":"","ia_deposito_de_materiales":"","ia_coordenadas_utm":""},"_links":{"self":[{"href":"https:\/\/marqalicante-admin.qwair.com\/va\/wp-json\/wp\/v2\/product\/35959","targetHints":{"allow":["GET"]}}],"collection":[{"href":"https:\/\/marqalicante-admin.qwair.com\/va\/wp-json\/wp\/v2\/product"}],"about":[{"href":"https:\/\/marqalicante-admin.qwair.com\/va\/wp-json\/wp\/v2\/types\/product"}],"wp:featuredmedia":[{"embeddable":true,"href":"https:\/\/marqalicante-admin.qwair.com\/va\/wp-json\/wp\/v2\/media\/35651"}],"wp:attachment":[{"href":"https:\/\/marqalicante-admin.qwair.com\/va\/wp-json\/wp\/v2\/media?parent=35959"}],"wp:term":[{"taxonomy":"product_brand","embeddable":true,"href":"https:\/\/marqalicante-admin.qwair.com\/va\/wp-json\/wp\/v2\/product_brand?post=35959"},{"taxonomy":"product_cat","embeddable":true,"href":"https:\/\/marqalicante-admin.qwair.com\/va\/wp-json\/wp\/v2\/product_cat?post=35959"},{"taxonomy":"product_tag","embeddable":true,"href":"https:\/\/marqalicante-admin.qwair.com\/va\/wp-json\/wp\/v2\/product_tag?post=35959"}],"curies":[{"name":"wp","href":"https:\/\/api.w.org\/{rel}","templated":true}]}}