{"id":35955,"date":"2025-03-05T18:25:10","date_gmt":"2025-03-05T18:25:10","guid":{"rendered":"https:\/\/marqalicante-admin.qwair.com\/item\/as-anos-41-50-d-c\/"},"modified":"2025-03-05T18:28:02","modified_gmt":"2025-03-05T18:28:02","slug":"as-anos-41-50-d-c","status":"publish","type":"product","link":"https:\/\/marqalicante-admin.qwair.com\/va\/producte\/as-anos-41-50-d-c\/","title":{"rendered":"<b>As<\/b>   Anys 41-50 d. C."},"content":{"rendered":"","protected":false},"excerpt":{"rendered":"<h3>Imperi rom\u00e0<\/h3>\n<p><b>Metall:<\/b> Coure.<br \/><b>Entitat emissora: <\/b> Roma. Claudi I.<br \/><b>Seca:<\/b> Roma.<br \/><b>Data:<\/b> Anys 41-50 d. C.<br \/><b>Anvers:<\/b><br \/> Cap nu a dreta. Llegenda: TU CLAVDIVS CAESAR AVG PM TRP IMP.<br \/><b>Revers:<\/b><br \/> Llibertes de peu a dreta sostenint pileus i amb m\u00e0 esquerra estesa. Llegenda: LLIBERTES \u2013 AVGVSTA S \u2013 C.<br \/><b>Pes:<\/b> 11.95 g \u2013 <b>Di\u00e0metre:<\/b> 29 mm \u2013 <b>Eixos:<\/b> 6 h.<br \/><b>Descrita a:<\/b> RIC I 97.<br \/><b>Publicada a:<\/b><br \/>Ripoll\u00e8s Alegre, PP, 1982: La circulaci\u00f3 monet\u00e0ria a la Tarraconense Mediterr\u00e0nia, Val\u00e8ncia, p. 232, l\u00e0m. 45, n\u00fam. 333; Ram\u00f3n S\u00e1nchez, JJ, 1994: El monetari del Museu Arqueol\u00f2gic Provincial d&#039;Alacant, Actes del IX Congr\u00e9s Nacional de Numism\u00e0tica, Elx, p. 163; Ramon S\u00e1nchez, JJ, Garc\u00eda Barrachina, A., Verd\u00fa Parra, E., Bayo Fuentes, S., 2010: \u00abCat\u00e0leg. Antiguitat\u00bb, a Ram\u00f3n S\u00e1nchez, JJ (ed.), Monedes. Totes les cares de la Hist\u00f2ria. Col\u00b7leccions numism\u00e0tiques del MARQ, Alacant, p. 110.<br \/><b>N\u00famero Inventari Monetari:<\/b> 1053.<br \/>Fons del MARQ. Fons Numism\u00e0tic Antic<\/p>","protected":false},"featured_media":35639,"template":"","meta":{"kia_subtitle":""},"product_brand":[],"product_cat":[2316],"product_tag":[],"class_list":{"0":"post-35955","1":"product","2":"type-product","3":"status-publish","4":"has-post-thumbnail","6":"product_cat-catalogo-numismatico","8":"first","9":"instock","10":"virtual","11":"product-type-simple"},"meta_box":{"ia_expediente":"","ia_ano":"","ia_fechas_de_actuacion":"","ia_municipios_comarcas":"","ia_directores":"","ia_periodos_culturales":"","ia_tipos_de_intervencion":"","ia_equipo_tecnico":"","ia_autores":"","ia_promotores":"","ia_deposito_de_materiales":"","ia_coordenadas_utm":""},"_links":{"self":[{"href":"https:\/\/marqalicante-admin.qwair.com\/va\/wp-json\/wp\/v2\/product\/35955","targetHints":{"allow":["GET"]}}],"collection":[{"href":"https:\/\/marqalicante-admin.qwair.com\/va\/wp-json\/wp\/v2\/product"}],"about":[{"href":"https:\/\/marqalicante-admin.qwair.com\/va\/wp-json\/wp\/v2\/types\/product"}],"wp:featuredmedia":[{"embeddable":true,"href":"https:\/\/marqalicante-admin.qwair.com\/va\/wp-json\/wp\/v2\/media\/35639"}],"wp:attachment":[{"href":"https:\/\/marqalicante-admin.qwair.com\/va\/wp-json\/wp\/v2\/media?parent=35955"}],"wp:term":[{"taxonomy":"product_brand","embeddable":true,"href":"https:\/\/marqalicante-admin.qwair.com\/va\/wp-json\/wp\/v2\/product_brand?post=35955"},{"taxonomy":"product_cat","embeddable":true,"href":"https:\/\/marqalicante-admin.qwair.com\/va\/wp-json\/wp\/v2\/product_cat?post=35955"},{"taxonomy":"product_tag","embeddable":true,"href":"https:\/\/marqalicante-admin.qwair.com\/va\/wp-json\/wp\/v2\/product_tag?post=35955"}],"curies":[{"name":"wp","href":"https:\/\/api.w.org\/{rel}","templated":true}]}}