{"id":35951,"date":"2025-03-05T18:25:08","date_gmt":"2025-03-05T18:25:08","guid":{"rendered":"https:\/\/marqalicante-admin.qwair.com\/item\/as-anos-14-37-d-c-3\/"},"modified":"2025-03-05T18:28:01","modified_gmt":"2025-03-05T18:28:01","slug":"as-anos-14-37-d-c-3","status":"publish","type":"product","link":"https:\/\/marqalicante-admin.qwair.com\/va\/producte\/as-anos-14-37-d-c-3\/","title":{"rendered":"<b>As<\/b>   Anys 14-37 d. C."},"content":{"rendered":"","protected":false},"excerpt":{"rendered":"<h3>Imperi rom\u00e0<\/h3>\n<p><b>Metall:<\/b> Coure.<br \/><b>Entitat emissora: <\/b> Segobriga (Cap de Grec, Saelices, Conca). Tiberi.<br \/><b>Seca:<\/b> Segobriga (Cap de Grec, Saelices, Conca).<br \/><b>Data:<\/b> Anys 14-37 d. C.<br \/><b>Anvers:<\/b><br \/> Cap de Tiberi nua a esquerra. Llegenda: TU CAESAR DIVI AVG F AVGVST IMP VIII.<br \/><b>Revers:<\/b><br \/> L\u00e0urea amb inscripci\u00f3 a dins en dues l\u00ednies. Llegenda: SEGO \u2013 BRIGA.<br \/><b>Pes:<\/b> 14.61 g \u2013 <b>Di\u00e0metre:<\/b> 30 mm \u2013 <b>Eixos:<\/b> <br \/><b>Descrita a:<\/b> RPC 473; Vives, 135, 5; Ripoll\u00e8s Alegre, PP i Abascal Palaz\u00f3n, JM, 1996: Les monedes de la ciutat romana de Segobriga (Saelices, Conca), Barcelona\/Madrid, s\u00e8rie IVA, n\u00fam. 1-29 i 43-54; Ripoll\u00e8s Alegre, PP, 2010: Les encunyacions provincials romanes d&#039;Hisp\u00e0nia, Madrid, p. 288.<br \/><b>Publicada a:<\/b><br \/>Ripoll\u00e8s Alegre, PP, 1982: La circulaci\u00f3 monet\u00e0ria a la Tarraconense<br \/>\nMediterr\u00e0nia, Val\u00e8ncia, 226, l\u00e0m. 39, n\u00fam. 220; Ramon S\u00e1nchez, JJ, Garc\u00eda Barrachina, A., Verd\u00fa Parra, E., Bayo Fuentes, S., 2010: \u00abCat\u00e0leg. Antiguitat\u00bb, a Ram\u00f3n S\u00e1nchez, JJ (ed.), Monedes. Totes les cares de la Hist\u00f2ria. Col\u00b7leccions numism\u00e0tiques del MARQ, Alacant, p. 109.<br \/><b>N\u00famero Inventari Monetari:<\/b> 76.<br \/>Compra. Col\u00b7lecci\u00f3 Isidro Albert<\/p>","protected":false},"featured_media":35627,"template":"","meta":{"kia_subtitle":""},"product_brand":[],"product_cat":[2316],"product_tag":[],"class_list":{"0":"post-35951","1":"product","2":"type-product","3":"status-publish","4":"has-post-thumbnail","6":"product_cat-catalogo-numismatico","8":"first","9":"instock","10":"virtual","11":"product-type-simple"},"meta_box":{"ia_expediente":"","ia_ano":"","ia_fechas_de_actuacion":"","ia_municipios_comarcas":"","ia_directores":"","ia_periodos_culturales":"","ia_tipos_de_intervencion":"","ia_equipo_tecnico":"","ia_autores":"","ia_promotores":"","ia_deposito_de_materiales":"","ia_coordenadas_utm":""},"_links":{"self":[{"href":"https:\/\/marqalicante-admin.qwair.com\/va\/wp-json\/wp\/v2\/product\/35951","targetHints":{"allow":["GET"]}}],"collection":[{"href":"https:\/\/marqalicante-admin.qwair.com\/va\/wp-json\/wp\/v2\/product"}],"about":[{"href":"https:\/\/marqalicante-admin.qwair.com\/va\/wp-json\/wp\/v2\/types\/product"}],"wp:featuredmedia":[{"embeddable":true,"href":"https:\/\/marqalicante-admin.qwair.com\/va\/wp-json\/wp\/v2\/media\/35627"}],"wp:attachment":[{"href":"https:\/\/marqalicante-admin.qwair.com\/va\/wp-json\/wp\/v2\/media?parent=35951"}],"wp:term":[{"taxonomy":"product_brand","embeddable":true,"href":"https:\/\/marqalicante-admin.qwair.com\/va\/wp-json\/wp\/v2\/product_brand?post=35951"},{"taxonomy":"product_cat","embeddable":true,"href":"https:\/\/marqalicante-admin.qwair.com\/va\/wp-json\/wp\/v2\/product_cat?post=35951"},{"taxonomy":"product_tag","embeddable":true,"href":"https:\/\/marqalicante-admin.qwair.com\/va\/wp-json\/wp\/v2\/product_tag?post=35951"}],"curies":[{"name":"wp","href":"https:\/\/api.w.org\/{rel}","templated":true}]}}