{"id":35949,"date":"2025-03-05T18:25:08","date_gmt":"2025-03-05T18:25:08","guid":{"rendered":"https:\/\/marqalicante-admin.qwair.com\/item\/medio-bolivar-ano-1893\/"},"modified":"2025-03-05T18:28:01","modified_gmt":"2025-03-05T18:28:01","slug":"medio-bolivar-ano-1893","status":"publish","type":"product","link":"https:\/\/marqalicante-admin.qwair.com\/va\/producte\/medio-bolivar-ano-1893\/","title":{"rendered":"<b>Mitj\u00e0 bol\u00edvar<\/b>   Any 1893."},"content":{"rendered":"","protected":false},"excerpt":{"rendered":"<h3>Edat contempor\u00e0nia<\/h3>\n<p><b>Metall:<\/b> Plata.<br \/><b>Entitat emissora: <\/b> Vene\u00e7uela.<br \/><b>Seca:<\/b> Par\u00eds.<br \/><b>Data:<\/b> Any 1893.<br \/><b>Anvers:<\/b><br \/> Cap mascul\u00ed a esquerra. Llegenda: BOLIVAR LLIBERTADOR. Marca de seca: A.<br \/><b>Revers:<\/b><br \/> Escut caserna. En caserna superior esquerre manat de blat de moro. En caserna superior dreta, espasa, llan\u00e7a, arc i fletxa dins de carcaix, matxet i dues banderes vene\u00e7olanes entrella\u00e7ades per una corona de llorer. Caserna inferior amb cavall ind\u00f2mit galopant cap a dreta i cap tornat a esquerra. L&#039;escut est\u00e0 coronat per dues cornuc\u00f2pies plenes de fruits i flors tropicals. A sota, banda amb llegenda: ESTATS UNITS DE VENE\u00c7UELA GR 2.500 1893 LEI 835.<br \/><b>Pes:<\/b> 2.49 g \u2013 <b>Di\u00e0metre:<\/b> 18 mm \u2013 <b>Eixos:<\/b> 6 h.<br \/><b>Descrita a:<\/b> Krause, CL i Mishler, C., 1980: Standard Catalog of World Coins, Wisconsin, p. 1802, n\u00fam. 21.<br \/><b>Publicada a:<\/b><br \/>Bayo Fuentes, S., Ram\u00f3n S\u00e1nchez, JJ, 2010: \u00abCat\u00e0leg. Col\u00b7leccions\u00bb, a Ram\u00f3n S\u00e1nchez, JJ (ed.), Monedes. Totes les cares de la Hist\u00f2ria. Col\u00b7leccions numism\u00e0tiques del MARQ, Alacant, p. 182.<br \/><b>N\u00famero Inventari Monetari:<\/b> 7571.<br \/>Cessi\u00f3. Col\u00b7lecci\u00f3 Julio Furg\u00fas<\/p>","protected":false},"featured_media":35621,"template":"","meta":{"kia_subtitle":""},"product_brand":[],"product_cat":[2316],"product_tag":[],"class_list":{"0":"post-35949","1":"product","2":"type-product","3":"status-publish","4":"has-post-thumbnail","6":"product_cat-catalogo-numismatico","8":"first","9":"instock","10":"virtual","11":"product-type-simple"},"meta_box":{"ia_expediente":"","ia_ano":"","ia_fechas_de_actuacion":"","ia_municipios_comarcas":"","ia_directores":"","ia_periodos_culturales":"","ia_tipos_de_intervencion":"","ia_equipo_tecnico":"","ia_autores":"","ia_promotores":"","ia_deposito_de_materiales":"","ia_coordenadas_utm":""},"_links":{"self":[{"href":"https:\/\/marqalicante-admin.qwair.com\/va\/wp-json\/wp\/v2\/product\/35949","targetHints":{"allow":["GET"]}}],"collection":[{"href":"https:\/\/marqalicante-admin.qwair.com\/va\/wp-json\/wp\/v2\/product"}],"about":[{"href":"https:\/\/marqalicante-admin.qwair.com\/va\/wp-json\/wp\/v2\/types\/product"}],"wp:featuredmedia":[{"embeddable":true,"href":"https:\/\/marqalicante-admin.qwair.com\/va\/wp-json\/wp\/v2\/media\/35621"}],"wp:attachment":[{"href":"https:\/\/marqalicante-admin.qwair.com\/va\/wp-json\/wp\/v2\/media?parent=35949"}],"wp:term":[{"taxonomy":"product_brand","embeddable":true,"href":"https:\/\/marqalicante-admin.qwair.com\/va\/wp-json\/wp\/v2\/product_brand?post=35949"},{"taxonomy":"product_cat","embeddable":true,"href":"https:\/\/marqalicante-admin.qwair.com\/va\/wp-json\/wp\/v2\/product_cat?post=35949"},{"taxonomy":"product_tag","embeddable":true,"href":"https:\/\/marqalicante-admin.qwair.com\/va\/wp-json\/wp\/v2\/product_tag?post=35949"}],"curies":[{"name":"wp","href":"https:\/\/api.w.org\/{rel}","templated":true}]}}