{"id":35948,"date":"2025-03-05T18:25:07","date_gmt":"2025-03-05T18:25:07","guid":{"rendered":"https:\/\/marqalicante-admin.qwair.com\/item\/cinco-centavos-ano-1887\/"},"modified":"2025-03-05T18:28:01","modified_gmt":"2025-03-05T18:28:01","slug":"cinco-centavos-ano-1887","status":"publish","type":"product","link":"https:\/\/marqalicante-admin.qwair.com\/va\/producte\/cinco-centavos-ano-1887\/","title":{"rendered":"<b>Cinc centaus<\/b>   Any 1887."},"content":{"rendered":"","protected":false},"excerpt":{"rendered":"<h3>Edat contempor\u00e0nia<\/h3>\n<p><b>Metall:<\/b> Plata.<br \/><b>Entitat emissora: <\/b> Nicaragua.<br \/><b>Seca:<\/b> No \u00e9s precisable.<br \/><b>Data:<\/b> Any 1887.<br \/><b>Anvers:<\/b><br \/> Triangle equil\u00e0ter que emmarca una serralada de cinc volcans entre dos oceans. Un barret frigi il\u00b7lumina l&#039;escena i un arc de Sant Mart\u00ed cobreix les muntanyes. Llegenda: REPUBLICA DE NICARAGUA 15 DE SETEMBRE 1821.18.<br \/><b>Revers:<\/b><br \/> Valor envoltat de corona de llorer. Llegenda: REPUBLICA DE NICARAGUA 15 DE SETEMBRE 1821.<br \/><b>Pes:<\/b> 1.21 g \u2013 <b>Di\u00e0metre:<\/b> 15 mm \u2013 <b>Eixos:<\/b> 6 h.<br \/><b>Descrita a:<\/b> Krause, CL i Mishler, C., 1980: Standard Catalog of World Coins, Wisconsin, p. 1369, n\u00fam. 7.<br \/>\n<br \/><b>Publicada a:<\/b><br \/>Bayo Fuentes, S., Ram\u00f3n S\u00e1nchez, JJ, 2010: \u00abCat\u00e0leg. Col\u00b7leccions\u00bb, a Ram\u00f3n S\u00e1nchez, JJ (ed.), Monedes. Totes les cares de la Hist\u00f2ria. Col\u00b7leccions numism\u00e0tiques del MARQ, Alacant, p. 182.<br \/><b>N\u00famero Inventari Monetari:<\/b> 7577.<br \/>Cessi\u00f3. Col\u00b7lecci\u00f3 Julio Furg\u00fas<\/p>","protected":false},"featured_media":35618,"template":"","meta":{"kia_subtitle":""},"product_brand":[],"product_cat":[2316],"product_tag":[],"class_list":{"0":"post-35948","1":"product","2":"type-product","3":"status-publish","4":"has-post-thumbnail","6":"product_cat-catalogo-numismatico","8":"first","9":"instock","10":"virtual","11":"product-type-simple"},"meta_box":{"ia_expediente":"","ia_ano":"","ia_fechas_de_actuacion":"","ia_municipios_comarcas":"","ia_directores":"","ia_periodos_culturales":"","ia_tipos_de_intervencion":"","ia_equipo_tecnico":"","ia_autores":"","ia_promotores":"","ia_deposito_de_materiales":"","ia_coordenadas_utm":""},"_links":{"self":[{"href":"https:\/\/marqalicante-admin.qwair.com\/va\/wp-json\/wp\/v2\/product\/35948","targetHints":{"allow":["GET"]}}],"collection":[{"href":"https:\/\/marqalicante-admin.qwair.com\/va\/wp-json\/wp\/v2\/product"}],"about":[{"href":"https:\/\/marqalicante-admin.qwair.com\/va\/wp-json\/wp\/v2\/types\/product"}],"wp:featuredmedia":[{"embeddable":true,"href":"https:\/\/marqalicante-admin.qwair.com\/va\/wp-json\/wp\/v2\/media\/35618"}],"wp:attachment":[{"href":"https:\/\/marqalicante-admin.qwair.com\/va\/wp-json\/wp\/v2\/media?parent=35948"}],"wp:term":[{"taxonomy":"product_brand","embeddable":true,"href":"https:\/\/marqalicante-admin.qwair.com\/va\/wp-json\/wp\/v2\/product_brand?post=35948"},{"taxonomy":"product_cat","embeddable":true,"href":"https:\/\/marqalicante-admin.qwair.com\/va\/wp-json\/wp\/v2\/product_cat?post=35948"},{"taxonomy":"product_tag","embeddable":true,"href":"https:\/\/marqalicante-admin.qwair.com\/va\/wp-json\/wp\/v2\/product_tag?post=35948"}],"curies":[{"name":"wp","href":"https:\/\/api.w.org\/{rel}","templated":true}]}}