{"id":35940,"date":"2025-03-05T18:25:05","date_gmt":"2025-03-05T18:25:05","guid":{"rendered":"https:\/\/marqalicante-admin.qwair.com\/item\/un-vigesimo-de-guerche-ano-1869\/"},"modified":"2025-03-05T18:27:59","modified_gmt":"2025-03-05T18:27:59","slug":"un-vigesimo-de-guerche-ano-1869","status":"publish","type":"product","link":"https:\/\/marqalicante-admin.qwair.com\/va\/producte\/un-vigesimo-de-guerche-ano-1869\/","title":{"rendered":"<b>Un vint\u00e8 de guerxet<\/b>   Any 1869."},"content":{"rendered":"","protected":false},"excerpt":{"rendered":"<h3>Edat contempor\u00e0nia<\/h3>\n<p><b>Metall:<\/b> Bronze.<br \/><b>Entitat emissora: <\/b> Imperi otom\u00e0. Abdul Hamid II.<br \/><b>Seca:<\/b> Egipte.<br \/><b>Data:<\/b> Any 1869.<br \/><b>Anvers:<\/b><br \/> Toughra (segell dels pr\u00ednceps sultans de l&#039;Imperi otom\u00e0) amb flor a la dreta i sota any de govern en \u00e0rab.<br \/>\n<br \/><b>Revers:<\/b><br \/> Any musulm\u00e0 d&#039;ascens al tron i seca en \u00e0rab.<br \/><b>Pes:<\/b> 3.33 g \u2013 <b>Di\u00e0metre:<\/b> 20 mm \u2013 <b>Eixos:<\/b> 12 h<br \/><b>Descrita a:<\/b> Krause, CL i Mishler, C., 1980: Standard Catalog of World Coins, Wisconsin, p. 447, n\u00fam. 13.<br \/>\n<br \/><b>Publicada a:<\/b><br \/>Bayo Fuentes, S., Ram\u00f3n S\u00e1nchez, JJ, 2010: \u00abCat\u00e0leg. Col\u00b7leccions\u00bb, a Ram\u00f3n S\u00e1nchez, JJ (ed.), Monedes. Totes les cares de la Hist\u00f2ria. Col\u00b7leccions numism\u00e0tiques del MARQ, Alacant, p. 181.<br \/><b>N\u00famero Inventari Monetari:<\/b> 7772.<br \/>Cessi\u00f3. Col\u00b7lecci\u00f3 Julio Furg\u00fas<\/p>","protected":false},"featured_media":35594,"template":"","meta":{"kia_subtitle":""},"product_brand":[],"product_cat":[2316],"product_tag":[],"class_list":{"0":"post-35940","1":"product","2":"type-product","3":"status-publish","4":"has-post-thumbnail","6":"product_cat-catalogo-numismatico","8":"first","9":"instock","10":"virtual","11":"product-type-simple"},"meta_box":{"ia_expediente":"","ia_ano":"","ia_fechas_de_actuacion":"","ia_municipios_comarcas":"","ia_directores":"","ia_periodos_culturales":"","ia_tipos_de_intervencion":"","ia_equipo_tecnico":"","ia_autores":"","ia_promotores":"","ia_deposito_de_materiales":"","ia_coordenadas_utm":""},"_links":{"self":[{"href":"https:\/\/marqalicante-admin.qwair.com\/va\/wp-json\/wp\/v2\/product\/35940","targetHints":{"allow":["GET"]}}],"collection":[{"href":"https:\/\/marqalicante-admin.qwair.com\/va\/wp-json\/wp\/v2\/product"}],"about":[{"href":"https:\/\/marqalicante-admin.qwair.com\/va\/wp-json\/wp\/v2\/types\/product"}],"wp:featuredmedia":[{"embeddable":true,"href":"https:\/\/marqalicante-admin.qwair.com\/va\/wp-json\/wp\/v2\/media\/35594"}],"wp:attachment":[{"href":"https:\/\/marqalicante-admin.qwair.com\/va\/wp-json\/wp\/v2\/media?parent=35940"}],"wp:term":[{"taxonomy":"product_brand","embeddable":true,"href":"https:\/\/marqalicante-admin.qwair.com\/va\/wp-json\/wp\/v2\/product_brand?post=35940"},{"taxonomy":"product_cat","embeddable":true,"href":"https:\/\/marqalicante-admin.qwair.com\/va\/wp-json\/wp\/v2\/product_cat?post=35940"},{"taxonomy":"product_tag","embeddable":true,"href":"https:\/\/marqalicante-admin.qwair.com\/va\/wp-json\/wp\/v2\/product_tag?post=35940"}],"curies":[{"name":"wp","href":"https:\/\/api.w.org\/{rel}","templated":true}]}}