{"id":35938,"date":"2025-03-05T18:25:04","date_gmt":"2025-03-05T18:25:04","guid":{"rendered":"https:\/\/marqalicante-admin.qwair.com\/item\/diez-centimos-ano-1905\/"},"modified":"2025-03-05T18:27:59","modified_gmt":"2025-03-05T18:27:59","slug":"diez-centimos-ano-1905","status":"publish","type":"product","link":"https:\/\/marqalicante-admin.qwair.com\/va\/producte\/diez-centimos-ano-1905\/","title":{"rendered":"<b>Deu c\u00e8ntims<\/b>   Any 1905."},"content":{"rendered":"","protected":false},"excerpt":{"rendered":"<h3>Edat contempor\u00e0nia<\/h3>\n<p><b>Metall:<\/b> Bronze.<br \/><b>Entitat emissora: <\/b> Fran\u00e7a. Tercera Rep\u00fablica.<br \/><b>Seca:<\/b> No \u00e9s precisable.<br \/><b>Data:<\/b> Any 1905.<br \/><b>Anvers:<\/b><br \/> Bust de Llibertat a dreta. Llegenda: REPUBLIC FRAN\u00c7AISE.<br \/><b>Revers:<\/b><br \/> Al\u00b7legoria de la Rep\u00fablica i el seu fill asseguts. Llegenda: LLIBERTE EGALITE FRATERNITE 1905. Signe de valor a la dreta: 10C.<br \/>\n<br \/><b>Pes:<\/b> 10.02 g \u2013 <b>Di\u00e0metre:<\/b> 30 mm \u2013 <b>Eixos:<\/b> 6 h.<br \/><b>Descrita a:<\/b> Krause, CL i Mishler, C., 1980: Standard Catalog of World Coins, Wisconsin, p. 503, n\u00fam. 61.<br \/>\n<br \/><b>Publicada a:<\/b><br \/>Bayo Fuentes, S., Ram\u00f3n S\u00e1nchez, JJ, 2010: \u00abCat\u00e0leg. Col\u00b7leccions\u00bb, a Ram\u00f3n S\u00e1nchez, JJ (ed.), Monedes. Totes les cares de la Hist\u00f2ria. Col\u00b7leccions numism\u00e0tiques del MARQ, Alacant, p. 177.<br \/><b>N\u00famero Inventari Monetari:<\/b> 2730.<br \/>Fons del MARQ. Fons Numism\u00e0tic Antic<\/p>","protected":false},"featured_media":35588,"template":"","meta":{"kia_subtitle":""},"product_brand":[],"product_cat":[2316],"product_tag":[],"class_list":{"0":"post-35938","1":"product","2":"type-product","3":"status-publish","4":"has-post-thumbnail","6":"product_cat-catalogo-numismatico","8":"first","9":"instock","10":"virtual","11":"product-type-simple"},"meta_box":{"ia_expediente":"","ia_ano":"","ia_fechas_de_actuacion":"","ia_municipios_comarcas":"","ia_directores":"","ia_periodos_culturales":"","ia_tipos_de_intervencion":"","ia_equipo_tecnico":"","ia_autores":"","ia_promotores":"","ia_deposito_de_materiales":"","ia_coordenadas_utm":""},"_links":{"self":[{"href":"https:\/\/marqalicante-admin.qwair.com\/va\/wp-json\/wp\/v2\/product\/35938","targetHints":{"allow":["GET"]}}],"collection":[{"href":"https:\/\/marqalicante-admin.qwair.com\/va\/wp-json\/wp\/v2\/product"}],"about":[{"href":"https:\/\/marqalicante-admin.qwair.com\/va\/wp-json\/wp\/v2\/types\/product"}],"wp:featuredmedia":[{"embeddable":true,"href":"https:\/\/marqalicante-admin.qwair.com\/va\/wp-json\/wp\/v2\/media\/35588"}],"wp:attachment":[{"href":"https:\/\/marqalicante-admin.qwair.com\/va\/wp-json\/wp\/v2\/media?parent=35938"}],"wp:term":[{"taxonomy":"product_brand","embeddable":true,"href":"https:\/\/marqalicante-admin.qwair.com\/va\/wp-json\/wp\/v2\/product_brand?post=35938"},{"taxonomy":"product_cat","embeddable":true,"href":"https:\/\/marqalicante-admin.qwair.com\/va\/wp-json\/wp\/v2\/product_cat?post=35938"},{"taxonomy":"product_tag","embeddable":true,"href":"https:\/\/marqalicante-admin.qwair.com\/va\/wp-json\/wp\/v2\/product_tag?post=35938"}],"curies":[{"name":"wp","href":"https:\/\/api.w.org\/{rel}","templated":true}]}}