{"id":35937,"date":"2025-03-05T18:25:03","date_gmt":"2025-03-05T18:25:03","guid":{"rendered":"https:\/\/marqalicante-admin.qwair.com\/item\/veinte-reis-ano-1849\/"},"modified":"2025-03-05T18:27:59","modified_gmt":"2025-03-05T18:27:59","slug":"veinte-reis-ano-1849","status":"publish","type":"product","link":"https:\/\/marqalicante-admin.qwair.com\/va\/producte\/veinte-reis-ano-1849\/","title":{"rendered":"<b>Vint reis<\/b>   Any 1849."},"content":{"rendered":"","protected":false},"excerpt":{"rendered":"<h3>Edat contempor\u00e0nia<\/h3>\n<p><b>Metall:<\/b> Coure.<br \/><b>Entitat emissora: <\/b> Portugal. Maria II.<br \/><b>Seca:<\/b> No \u00e9s precisable.<br \/><b>Data:<\/b> Any 1849.<br \/><b>Anvers:<\/b><br \/> Escut coronat amb cinc escusons carregats de 5 bezants col\u00b7locats en aspa i bordura carregada de set castells. Llegenda: MARIA II DEI GRATIA.<br \/>\n<br \/><b>Revers:<\/b><br \/> Valor en n\u00fameros romans envoltat de corona de llorer. Llegenda: PORTUGALIAE ET ALGARBIORUM REGINA 1849 XX.<br \/>\n<br \/><b>Pes:<\/b> 25.23 g \u2013 <b>Di\u00e0metre:<\/b> 36 mm \u2013 <b>Eixos:<\/b> 6 h.<br \/><b>Descrita a:<\/b> Krause, CL i Mishler, C., 1980: Standard Catalog of World Coins, Wisconsin, p. 1457, n\u00fam. 101.<br \/>\n<br \/><b>Publicada a:<\/b><br \/>Bayo Fuentes, S., Ram\u00f3n S\u00e1nchez, JJ, 2010: \u00abCat\u00e0leg. Col\u00b7leccions\u00bb, a Ram\u00f3n S\u00e1nchez, JJ (ed.), Monedes. Totes les cares de la Hist\u00f2ria. Col\u00b7leccions numism\u00e0tiques del MARQ, Alacant, p. 175.<br \/><b>N\u00famero Inventari Monetari:<\/b> 2590.<br \/>Fons del MARQ. Fons Numism\u00e0tic Antic<\/p>","protected":false},"featured_media":35585,"template":"","meta":{"kia_subtitle":""},"product_brand":[],"product_cat":[2316],"product_tag":[],"class_list":{"0":"post-35937","1":"product","2":"type-product","3":"status-publish","4":"has-post-thumbnail","6":"product_cat-catalogo-numismatico","8":"first","9":"instock","10":"virtual","11":"product-type-simple"},"meta_box":{"ia_expediente":"","ia_ano":"","ia_fechas_de_actuacion":"","ia_municipios_comarcas":"","ia_directores":"","ia_periodos_culturales":"","ia_tipos_de_intervencion":"","ia_equipo_tecnico":"","ia_autores":"","ia_promotores":"","ia_deposito_de_materiales":"","ia_coordenadas_utm":""},"_links":{"self":[{"href":"https:\/\/marqalicante-admin.qwair.com\/va\/wp-json\/wp\/v2\/product\/35937","targetHints":{"allow":["GET"]}}],"collection":[{"href":"https:\/\/marqalicante-admin.qwair.com\/va\/wp-json\/wp\/v2\/product"}],"about":[{"href":"https:\/\/marqalicante-admin.qwair.com\/va\/wp-json\/wp\/v2\/types\/product"}],"wp:featuredmedia":[{"embeddable":true,"href":"https:\/\/marqalicante-admin.qwair.com\/va\/wp-json\/wp\/v2\/media\/35585"}],"wp:attachment":[{"href":"https:\/\/marqalicante-admin.qwair.com\/va\/wp-json\/wp\/v2\/media?parent=35937"}],"wp:term":[{"taxonomy":"product_brand","embeddable":true,"href":"https:\/\/marqalicante-admin.qwair.com\/va\/wp-json\/wp\/v2\/product_brand?post=35937"},{"taxonomy":"product_cat","embeddable":true,"href":"https:\/\/marqalicante-admin.qwair.com\/va\/wp-json\/wp\/v2\/product_cat?post=35937"},{"taxonomy":"product_tag","embeddable":true,"href":"https:\/\/marqalicante-admin.qwair.com\/va\/wp-json\/wp\/v2\/product_tag?post=35937"}],"curies":[{"name":"wp","href":"https:\/\/api.w.org\/{rel}","templated":true}]}}