{"id":35936,"date":"2025-03-05T18:25:03","date_gmt":"2025-03-05T18:25:03","guid":{"rendered":"https:\/\/marqalicante-admin.qwair.com\/item\/dieciseis-maravedis-ano-1664\/"},"modified":"2025-03-05T18:27:59","modified_gmt":"2025-03-05T18:27:59","slug":"dieciseis-maravedis-ano-1664","status":"publish","type":"product","link":"https:\/\/marqalicante-admin.qwair.com\/va\/producte\/dieciseis-maravedis-ano-1664\/","title":{"rendered":"<b>Setze maraved\u00eds<\/b>   Any 1664."},"content":{"rendered":"","protected":false},"excerpt":{"rendered":"<h3>Edat moderna<\/h3>\n<p><b>Metall:<\/b> Coure.<br \/><b>Entitat emissora: <\/b> Espanya. Felip IV.<br \/><b>Seca:<\/b> Sevilla.<br \/><b>Data:<\/b> Any 1664.<br \/><b>Anvers:<\/b><br \/> Bust a dreta abillat a la moda \u00c0ustria. Llegenda: PHILIPPVS IIII D G.<br \/><b>Revers:<\/b><br \/> Escut coronat amb les armes de Castella i Lle\u00f3, Granada, Arag\u00f3, N\u00e0pols i Sic\u00edlia, \u00c0ustria, Borgonya, Brabant, Flandes i Tirol. Llegenda: HISPANIARVM REX 1664. Marca de seca: S. Marca d&#039;assaig: R. Marca de valor: 16.<br \/><b>Pes:<\/b> 4.26 g \u2013 <b>Di\u00e0metre:<\/b> 25 mm \u2013 <b>Eixos:<\/b> 12 h.<br \/><b>Descrita a:<\/b> Calic\u00f3 Estivill, F., Calic\u00f3 Estivill, X., Blat Reial, J., 1994: Les monedes espanyoles des de Fernando i Isabel a Joan Carles I. Anys: 1474 a 1994, Barcelona, p. 289, tipus 245, n\u00fam. 1291.<br \/><b>Publicada a:<\/b><br \/>Bayo Fuentes, S., Ram\u00f3n S\u00e1nchez, JJ, 2010: \u00abCat\u00e0leg. Col\u00b7leccions\u00bb, a Ram\u00f3n S\u00e1nchez, JJ (ed.), Monedes. Totes les cares de la Hist\u00f2ria. Col\u00b7leccions numism\u00e0tiques del MARQ, Alacant, p. 178.<br \/><b>N\u00famero Inventari Monetari:<\/b> 5401.<br \/>Compra. Col\u00b7lecci\u00f3 P\u00e9rez Cort\u00e9s<\/p>","protected":false},"featured_media":35582,"template":"","meta":{"kia_subtitle":""},"product_brand":[],"product_cat":[2316],"product_tag":[],"class_list":{"0":"post-35936","1":"product","2":"type-product","3":"status-publish","4":"has-post-thumbnail","6":"product_cat-catalogo-numismatico","8":"first","9":"instock","10":"virtual","11":"product-type-simple"},"meta_box":{"ia_expediente":"","ia_ano":"","ia_fechas_de_actuacion":"","ia_municipios_comarcas":"","ia_directores":"","ia_periodos_culturales":"","ia_tipos_de_intervencion":"","ia_equipo_tecnico":"","ia_autores":"","ia_promotores":"","ia_deposito_de_materiales":"","ia_coordenadas_utm":""},"_links":{"self":[{"href":"https:\/\/marqalicante-admin.qwair.com\/va\/wp-json\/wp\/v2\/product\/35936","targetHints":{"allow":["GET"]}}],"collection":[{"href":"https:\/\/marqalicante-admin.qwair.com\/va\/wp-json\/wp\/v2\/product"}],"about":[{"href":"https:\/\/marqalicante-admin.qwair.com\/va\/wp-json\/wp\/v2\/types\/product"}],"wp:featuredmedia":[{"embeddable":true,"href":"https:\/\/marqalicante-admin.qwair.com\/va\/wp-json\/wp\/v2\/media\/35582"}],"wp:attachment":[{"href":"https:\/\/marqalicante-admin.qwair.com\/va\/wp-json\/wp\/v2\/media?parent=35936"}],"wp:term":[{"taxonomy":"product_brand","embeddable":true,"href":"https:\/\/marqalicante-admin.qwair.com\/va\/wp-json\/wp\/v2\/product_brand?post=35936"},{"taxonomy":"product_cat","embeddable":true,"href":"https:\/\/marqalicante-admin.qwair.com\/va\/wp-json\/wp\/v2\/product_cat?post=35936"},{"taxonomy":"product_tag","embeddable":true,"href":"https:\/\/marqalicante-admin.qwair.com\/va\/wp-json\/wp\/v2\/product_tag?post=35936"}],"curies":[{"name":"wp","href":"https:\/\/api.w.org\/{rel}","templated":true}]}}