{"id":35918,"date":"2025-03-05T18:24:56","date_gmt":"2025-03-05T18:24:56","guid":{"rendered":"https:\/\/marqalicante-admin.qwair.com\/item\/real-anos-1412-1416\/"},"modified":"2025-03-05T18:27:55","modified_gmt":"2025-03-05T18:27:55","slug":"real-anos-1412-1416","status":"publish","type":"product","link":"https:\/\/marqalicante-admin.qwair.com\/va\/producte\/real-anos-1412-1416\/","title":{"rendered":"<b>Reial<\/b>   Anys 1412-1416."},"content":{"rendered":"","protected":false},"excerpt":{"rendered":"<h3>Feudal<\/h3>\n<p><b>Metall:<\/b> Plata.<br \/><b>Entitat emissora: <\/b> Corona d\u00b4Arag\u00f3. Ferran I.<br \/><b>Seca:<\/b> Val\u00e8ncia.<br \/><b>Data:<\/b> Anys 1412-1416.<br \/><b>Anvers:<\/b><br \/> Ef\u00edgie de front coronat i l\u00f2buls als costats. Llegenda: FERDINAD 9 VAIG DONAR GRA REX ARAGO.<br \/><b>Revers:<\/b><br \/> Armes de Val\u00e8ncia coronades entre bil\u00f2buls. Llegenda: VAL\u00c8NCIA MAIORICARVM SAR.<br \/>\n<br \/><b>Pes:<\/b> 3.29 g \u2013 <b>Di\u00e0metre:<\/b> 24 mm \u2013 <b>Eixos:<\/b> 12 h.<br \/><b>Descrita a:<\/b> Crusafont Sabater, M., 1982: Numism\u00e0tica de la Corona Catalano-Aragonesa medieval (785-1516), Madrid, p. 284, n\u00fam. 369 var. 3a.<br \/><b>Publicada a:<\/b><br \/>Dom\u00e8nech Belda, C., Ramon S\u00e1nchez, JJ, Ahuir Dom\u00ednguez, JA, 2010: \u00abCat\u00e0leg. Edat Mitjana\u00bb, a Ram\u00f3n S\u00e1nchez, JJ (ed.), Monedes. Totes les cares de la Hist\u00f2ria. Col\u00b7leccions numism\u00e0tiques del MARQ, Alacant, p.149.<br \/><b>N\u00famero Inventari Monetari:<\/b> 7636.<br \/>Cessi\u00f3. Col\u00b7lecci\u00f3 Julio Furg\u00fas<\/p>","protected":false},"featured_media":35528,"template":"","meta":{"kia_subtitle":""},"product_brand":[],"product_cat":[2316],"product_tag":[],"class_list":{"0":"post-35918","1":"product","2":"type-product","3":"status-publish","4":"has-post-thumbnail","6":"product_cat-catalogo-numismatico","8":"first","9":"instock","10":"virtual","11":"product-type-simple"},"meta_box":{"ia_expediente":"","ia_ano":"","ia_fechas_de_actuacion":"","ia_municipios_comarcas":"","ia_directores":"","ia_periodos_culturales":"","ia_tipos_de_intervencion":"","ia_equipo_tecnico":"","ia_autores":"","ia_promotores":"","ia_deposito_de_materiales":"","ia_coordenadas_utm":""},"_links":{"self":[{"href":"https:\/\/marqalicante-admin.qwair.com\/va\/wp-json\/wp\/v2\/product\/35918","targetHints":{"allow":["GET"]}}],"collection":[{"href":"https:\/\/marqalicante-admin.qwair.com\/va\/wp-json\/wp\/v2\/product"}],"about":[{"href":"https:\/\/marqalicante-admin.qwair.com\/va\/wp-json\/wp\/v2\/types\/product"}],"wp:featuredmedia":[{"embeddable":true,"href":"https:\/\/marqalicante-admin.qwair.com\/va\/wp-json\/wp\/v2\/media\/35528"}],"wp:attachment":[{"href":"https:\/\/marqalicante-admin.qwair.com\/va\/wp-json\/wp\/v2\/media?parent=35918"}],"wp:term":[{"taxonomy":"product_brand","embeddable":true,"href":"https:\/\/marqalicante-admin.qwair.com\/va\/wp-json\/wp\/v2\/product_brand?post=35918"},{"taxonomy":"product_cat","embeddable":true,"href":"https:\/\/marqalicante-admin.qwair.com\/va\/wp-json\/wp\/v2\/product_cat?post=35918"},{"taxonomy":"product_tag","embeddable":true,"href":"https:\/\/marqalicante-admin.qwair.com\/va\/wp-json\/wp\/v2\/product_tag?post=35918"}],"curies":[{"name":"wp","href":"https:\/\/api.w.org\/{rel}","templated":true}]}}